{"id":17131,"date":"2021-04-01T10:26:39","date_gmt":"2021-04-01T14:26:39","guid":{"rendered":"https:\/\/polarislabs.com\/?page_id=17131"},"modified":"2025-09-25T14:11:11","modified_gmt":"2025-09-25T18:11:11","slug":"reliability-summit-register","status":"publish","type":"page","link":"https:\/\/polarislabs.com\/es\/reliability-summit-register\/","title":{"rendered":"Inscripci\u00f3n en la Cumbre de la Fiabilidad"},"content":{"rendered":"<style type=\"text\/css\" data-created_by=\"avia_inline_auto\" id=\"style-css-av-ldbz9r5x-d7be9ed49f41d4ea66685e16a8fe0b1b\">\n.avia-section.av-ldbz9r5x-d7be9ed49f41d4ea66685e16a8fe0b1b{\nbackground-color:#bd4e13;\nbackground-image:unset;\n}\n<\/style>\n<div id='av_section_1'  class='avia-section av-ldbz9r5x-d7be9ed49f41d4ea66685e16a8fe0b1b main_color avia-section-default avia-no-border-styling  avia-builder-el-0  el_before_av_section  avia-builder-el-first  avia-bg-style-scroll container_wrap sidebar_right'  ><div class='container av-section-cont-open' ><main  role=\"main\" itemprop=\"mainContentOfPage\"  class='template-page content  av-content-small alpha units'><div class='post-entry post-entry-type-page post-entry-17131'><div class='entry-content-wrapper clearfix'>\n<div  class='flex_column av-qdc1aj-91c467af22599cc9c37b553c02585b62 av_one_full  avia-builder-el-1  avia-builder-el-no-sibling  first flex_column_div'     ><style type=\"text\/css\" data-created_by=\"avia_inline_auto\" id=\"style-css-av-kmyzu64j-526afec55fca5426c2e6b08ef355e8a1\">\n#top .av_textblock_section.av-kmyzu64j-526afec55fca5426c2e6b08ef355e8a1 .avia_textblock{\nfont-size:40px;\ncolor:#003a70;\n}\n<\/style>\n<section  class='av_textblock_section av-kmyzu64j-526afec55fca5426c2e6b08ef355e8a1'   itemscope=\"itemscope\" itemtype=\"https:\/\/schema.org\/CreativeWork\" ><div class='avia_textblock av_inherit_color'  itemprop=\"text\" ><h1 style=\"text-align: center;\"><span style=\"color: #ffffff;\"><strong>2025 Reliability Summit<br \/>\nInscripci\u00f3n<\/strong><\/span><\/h1>\n<\/div><\/section><\/div>\n\n<\/div><\/div><\/main><!-- close content main element --><\/div><\/div>\n<style type=\"text\/css\" data-created_by=\"avia_inline_auto\" id=\"style-css-av-knapu3k1-45d015c0aba04eb6771ae6dca6c1baec\">\n.avia-section.av-knapu3k1-45d015c0aba04eb6771ae6dca6c1baec{\nbackground-color:#ffffff;\nbackground-image:unset;\n}\n<\/style>\n<div id='av_section_2'  class='avia-section av-knapu3k1-45d015c0aba04eb6771ae6dca6c1baec main_color avia-section-default avia-no-border-styling  avia-builder-el-3  el_after_av_section  avia-builder-el-last  avia-bg-style-scroll container_wrap sidebar_right'  ><div class='container av-section-cont-open' ><div class='template-page content  av-content-small alpha units'><div class='post-entry post-entry-type-page post-entry-17131'><div class='entry-content-wrapper clearfix'>\n\n<style type=\"text\/css\" data-created_by=\"avia_inline_auto\" id=\"style-css-av-105dnaj-66075c61a21d65b19286306e454bcb09\">\n.flex_column.av-105dnaj-66075c61a21d65b19286306e454bcb09{\nborder-radius:0px 0px 0px 0px;\npadding:0px 0px 0px 0px;\n}\n<\/style>\n<div  class='flex_column av-105dnaj-66075c61a21d65b19286306e454bcb09 av_one_third  avia-builder-el-4  el_before_av_two_third  avia-builder-el-first  first flex_column_div av-zero-column-padding'     ><p>\n<style type=\"text\/css\" data-created_by=\"avia_inline_auto\" id=\"style-css-av-ldbz7u9h-ba019110b936ba40ad66f9ddfc04fdc5\">\n.avia-image-container.av-ldbz7u9h-ba019110b936ba40ad66f9ddfc04fdc5 img.avia_image{\nbox-shadow:none;\n}\n.avia-image-container.av-ldbz7u9h-ba019110b936ba40ad66f9ddfc04fdc5 .av-image-caption-overlay-center{\ncolor:#ffffff;\n}\n<\/style>\n<div  class='avia-image-container av-ldbz7u9h-ba019110b936ba40ad66f9ddfc04fdc5 av-styling- avia-align-center  avia-builder-el-5  el_before_av_textblock  avia-builder-el-first'   itemprop=\"image\" itemscope=\"itemscope\" itemtype=\"https:\/\/schema.org\/ImageObject\" ><div class=\"avia-image-container-inner\"><div class=\"avia-image-overlay-wrap\"><img decoding=\"async\" fetchpriority=\"high\" class='wp-image-23901 avia-img-lazy-loading-not-23901 avia_image' src=\"https:\/\/polarislabs.com\/wp-content\/uploads\/2024\/05\/Reliability-Summit-Logos_Reliability-Summit-Powered-By-300x110.png\" alt='' title='Logos de la Cumbre de la Fiabilidad_Reliability Summit Powered By'  height=\"110\" width=\"300\"  itemprop=\"thumbnailUrl\" srcset=\"https:\/\/polarislabs.com\/wp-content\/uploads\/2024\/05\/Reliability-Summit-Logos_Reliability-Summit-Powered-By-300x110.png 300w, https:\/\/polarislabs.com\/wp-content\/uploads\/2024\/05\/Reliability-Summit-Logos_Reliability-Summit-Powered-By-1030x376.png 1030w, https:\/\/polarislabs.com\/wp-content\/uploads\/2024\/05\/Reliability-Summit-Logos_Reliability-Summit-Powered-By-768x281.png 768w, https:\/\/polarislabs.com\/wp-content\/uploads\/2024\/05\/Reliability-Summit-Logos_Reliability-Summit-Powered-By-1536x561.png 1536w, https:\/\/polarislabs.com\/wp-content\/uploads\/2024\/05\/Reliability-Summit-Logos_Reliability-Summit-Powered-By-2048x748.png 2048w, https:\/\/polarislabs.com\/wp-content\/uploads\/2024\/05\/Reliability-Summit-Logos_Reliability-Summit-Powered-By-18x7.png 18w, https:\/\/polarislabs.com\/wp-content\/uploads\/2024\/05\/Reliability-Summit-Logos_Reliability-Summit-Powered-By-1500x548.png 1500w, https:\/\/polarislabs.com\/wp-content\/uploads\/2024\/05\/Reliability-Summit-Logos_Reliability-Summit-Powered-By-705x258.png 705w\" sizes=\"(max-width: 300px) 100vw, 300px\" \/><\/div><\/div><\/div><br \/>\n<section  class='av_textblock_section av-knfa9jmp-d911c5671553a17a9b4875c0d3e90fff'   itemscope=\"itemscope\" itemtype=\"https:\/\/schema.org\/CreativeWork\" ><div class='avia_textblock'  itemprop=\"text\" ><p data-pm-slice=\"1 1 &#091;&#093;\"><strong>\u00a1La inscripci\u00f3n para la Cumbre sobre Fiabilidad 2025 FINALIZA PRONTO!<\/strong><\/p>\n<p data-pm-slice=\"1 1 &#091;&#093;\">Considere estas opciones complementarias sin coste adicional para completar su experiencia en la Cumbre de la Fiabilidad:<\/p>\n<ul>\n<li>13:30 Laboratorios POLARIS<sup>\u00ae<\/sup> + Experiencia de Graham Rahal Performance<\/li>\n<li>14:45 Laboratorios POLARIS<sup>\u00ae<\/sup> s\u00f3lo (AGOTADO)<\/li>\n<li data-pm-slice=\"1 1 &#091;&#093;\">Formaci\u00f3n pr\u00e1ctica en an\u00e1lisis de aceites<\/li>\n<\/ul>\n<p>Estamos encantados de atender a grupos. Si tiene alguna petici\u00f3n o necesidad especial, p\u00f3ngase en contacto con nosotros.<\/p>\n<p><strong><u><a class=\"ProsemirrorEditor-link\" href=\"https:\/\/polarislabs.com\/es\/summit\/\">\u2b05 VOLVER A LA P\u00c1GINA DE LA CUMBRE<\/a><\/u><\/strong><\/p>\n<\/div><\/section><\/p><\/div>\n<style type=\"text\/css\" data-created_by=\"avia_inline_auto\" id=\"style-css-av-o0bc3v-2142f9bb2ddf1b2162d29a97d457a530\">\n.flex_column.av-o0bc3v-2142f9bb2ddf1b2162d29a97d457a530{\nborder-width:40px;\nborder-color:#ffffff;\nborder-style:solid;\nborder-radius:0px 0px 0px 0px;\npadding:0px 0px 0px 0px;\n}\n<\/style>\n<div  class='flex_column av-o0bc3v-2142f9bb2ddf1b2162d29a97d457a530 av_two_third  avia-builder-el-7  el_after_av_one_third  avia-builder-el-last  flex_column_div av-zero-column-padding'     ><\/div><\/div><\/div><\/div><!-- close content main div --><\/div><\/div><div id='after_section_2'  class='main_color av_default_container_wrap container_wrap sidebar_right'  ><div class='container av-section-cont-open' ><div class='template-page content  av-content-small alpha units'><div class='post-entry post-entry-type-page post-entry-17131'><div class='entry-content-wrapper clearfix'>","protected":false},"excerpt":{"rendered":"","protected":false},"author":27,"featured_media":0,"parent":0,"menu_order":0,"comment_status":"closed","ping_status":"closed","template":"","meta":{"om_disable_all_campaigns":false,"_monsterinsights_skip_tracking":false,"_monsterinsights_sitenote_active":false,"_monsterinsights_sitenote_note":"","_monsterinsights_sitenote_category":0,"footnotes":""},"class_list":["post-17131","page","type-page","status-publish","hentry"],"aioseo_notices":[],"_links":{"self":[{"href":"https:\/\/polarislabs.com\/es\/wp-json\/wp\/v2\/pages\/17131","targetHints":{"allow":["GET"]}}],"collection":[{"href":"https:\/\/polarislabs.com\/es\/wp-json\/wp\/v2\/pages"}],"about":[{"href":"https:\/\/polarislabs.com\/es\/wp-json\/wp\/v2\/types\/page"}],"author":[{"embeddable":true,"href":"https:\/\/polarislabs.com\/es\/wp-json\/wp\/v2\/users\/27"}],"replies":[{"embeddable":true,"href":"https:\/\/polarislabs.com\/es\/wp-json\/wp\/v2\/comments?post=17131"}],"version-history":[{"count":0,"href":"https:\/\/polarislabs.com\/es\/wp-json\/wp\/v2\/pages\/17131\/revisions"}],"wp:attachment":[{"href":"https:\/\/polarislabs.com\/es\/wp-json\/wp\/v2\/media?parent=17131"}],"curies":[{"name":"wp","href":"https:\/\/api.w.org\/{rel}","templated":true}]}}