{"id":18038,"date":"2021-06-30T11:24:27","date_gmt":"2021-06-30T15:24:27","guid":{"rendered":"https:\/\/polarislabs.com\/contact-copy\/"},"modified":"2025-08-07T13:45:24","modified_gmt":"2025-08-07T17:45:24","slug":"order-kits","status":"publish","type":"page","link":"https:\/\/polarislabs.com\/es\/order-kits\/","title":{"rendered":"Pedir kits"},"content":{"rendered":"<style type=\"text\/css\" data-created_by=\"avia_inline_auto\" id=\"style-css-av-vi2uqd-20872704d7a145d71baf1b62aabff479\">\n.avia-section.av-vi2uqd-20872704d7a145d71baf1b62aabff479{\nbackground-color:#ffffff;\nbackground-image:unset;\n}\n<\/style>\n<div id='av_section_1'  class='avia-section av-vi2uqd-20872704d7a145d71baf1b62aabff479 main_color avia-section-default avia-no-border-styling  avia-builder-el-0  el_before_av_submenu  avia-builder-el-first  avia-bg-style-fixed av-minimum-height av-minimum-height-20 av-height-percent  container_wrap sidebar_right'   data-av_minimum_height_pc='20' data-av_min_height_opt='percent'><div class='container av-section-cont-open' ><main  role=\"main\" itemprop=\"mainContentOfPage\"  class='template-page content  av-content-small alpha units'><div class='post-entry post-entry-type-page post-entry-18038'><div class='entry-content-wrapper clearfix'>\n\n<style type=\"text\/css\" data-created_by=\"avia_inline_auto\" id=\"style-css-av-kpo8n48g-6d9ac766a651d538f7692ecbcb3ede3c\">\n#top .hr.hr-invisible.av-kpo8n48g-6d9ac766a651d538f7692ecbcb3ede3c{\nheight:120px;\n}\n<\/style>\n<div  class='hr av-kpo8n48g-6d9ac766a651d538f7692ecbcb3ede3c hr-invisible  avia-builder-el-1  el_before_av_one_full  avia-builder-el-first'><span class='hr-inner'><span class=\"hr-inner-style\"><\/span><\/span><\/div>\n\n<style type=\"text\/css\" data-created_by=\"avia_inline_auto\" id=\"style-css-av-3el1k0l-73294606fe8564e4761f8eb3f0917d53\">\n.flex_column.av-3el1k0l-73294606fe8564e4761f8eb3f0917d53{\nborder-radius:0px 0px 0px 0px;\npadding:0px 0px 0px 0px;\n}\n<\/style>\n<div  class='flex_column av-3el1k0l-73294606fe8564e4761f8eb3f0917d53 av_one_full  avia-builder-el-2  el_after_av_hr  el_before_av_hr  first flex_column_div av-zero-column-padding'     ><style type=\"text\/css\" data-created_by=\"avia_inline_auto\" id=\"style-css-av-kpo7uttz-e2df1f1e03086cc665dc8089d8721215\">\n#top .av_textblock_section.av-kpo7uttz-e2df1f1e03086cc665dc8089d8721215 .avia_textblock{\ncolor:#ffffff;\n}\n<\/style>\n<section  class='av_textblock_section av-kpo7uttz-e2df1f1e03086cc665dc8089d8721215'   itemscope=\"itemscope\" itemtype=\"https:\/\/schema.org\/CreativeWork\" ><div class='avia_textblock av_inherit_color'  itemprop=\"text\" ><h1><span style=\"color: #003a70;\">SOLICITAR KITS DE PRUEBAS<\/span><\/h1>\n<\/div><\/section><br \/>\n\n<style type=\"text\/css\" data-created_by=\"avia_inline_auto\" id=\"style-css-av-kzx4xusw-04cad5e312790909401f137846f9f59b\">\n#top .hr.hr-invisible.av-kzx4xusw-04cad5e312790909401f137846f9f59b{\nheight:20px;\n}\n<\/style>\n<div  class='hr av-kzx4xusw-04cad5e312790909401f137846f9f59b hr-invisible  avia-builder-el-4  el_after_av_textblock  el_before_av_textblock'><span class='hr-inner'><span class=\"hr-inner-style\"><\/span><\/span><\/div><br \/>\n<section  class='av_textblock_section av-kzx4vjvn-9ef8d33eaf7c20212d19b5531757412c'   itemscope=\"itemscope\" itemtype=\"https:\/\/schema.org\/CreativeWork\" ><div class='avia_textblock'  itemprop=\"text\" ><p>Si ya es cliente,<strong><a href=\"https:\/\/www.eoilreports.com\/login\"> inicia sesi\u00f3n en tu cuenta HORIZON\u00ae \u2192<\/a><\/strong><\/p>\n<\/div><\/section><\/p><\/div>\n<style type=\"text\/css\" data-created_by=\"avia_inline_auto\" id=\"style-css-av-v8qcs5-038709396db38d9fd7fc3e47afa09dab\">\n#top .hr.hr-invisible.av-v8qcs5-038709396db38d9fd7fc3e47afa09dab{\nheight:60px;\n}\n<\/style>\n<div  class='hr av-v8qcs5-038709396db38d9fd7fc3e47afa09dab hr-invisible  avia-builder-el-6  el_after_av_one_full  avia-builder-el-last'><span class='hr-inner'><span class=\"hr-inner-style\"><\/span><\/span><\/div>\n\n<\/div><\/div><\/main><!-- close content main element --><\/div><\/div><div class='clear'><\/div><div id='sub_menu1'  class='av-submenu-container av-me1n7ixf-69f3862fd9b9b4efd6398bb3709716d4 main_color  avia-builder-el-7  el_after_av_section  el_before_av_hr  av-sticky-submenu submenu-not-first container_wrap sidebar_right' style='z-index:301' ><div class='container av-menu-mobile-disabled av-submenu-pos-center'><ul id='av-custom-submenu-1' class='av-subnav-menu' role='menu'>\n<li class='menu-item av-me1n6o16-da73815a0f52ad91bf1fbd639e674341 menu-item-top-level menu-item-top-level-1' role='menuitem'><a href='#Less10'  ><span class='avia-bullet'><\/span><span class='avia-menu-text'>MENOS DE 10 PRUEBAS<\/span><\/a><\/li>\n<li class='menu-item av-me1n6u9n-5cd8ef46e95d5dd9c61eded17ce510f1 menu-item-top-level menu-item-top-level-2' role='menuitem'><a href='#plus10'  ><span class='avia-bullet'><\/span><span class='avia-menu-text'>10 O M\u00c1S PRUEBAS<\/span><\/a><\/li>\n<li class='menu-item av-me1n757z-a60408ea888bfff3dad32ed4e41706ee menu-item-top-level menu-item-top-level-3' role='menuitem'><a href='#retail'  ><span class='avia-bullet'><\/span><span class='avia-menu-text'>SOCIOS MINORISTAS<\/span><\/a><\/li>\n<li class='menu-item av-me1ot892-4a495f5d09d641f1e775eecddc2383a3 menu-item-top-level menu-item-top-level-4' role='menuitem'><a href='#TestingList'  ><span class='avia-bullet'><\/span><span class='avia-menu-text'>LISTA COMPLETA DE PRUEBAS<\/span><\/a><\/li>\n<\/ul><\/div><\/div><div class='sticky_placeholder'><\/div><div id='after_submenu_1'  class='main_color av_default_container_wrap container_wrap sidebar_right'  ><div class='container av-section-cont-open' ><div class='template-page content  av-content-small alpha units'><div class='post-entry post-entry-type-page post-entry-18038'><div class='entry-content-wrapper clearfix'>\n\n<style type=\"text\/css\" data-created_by=\"avia_inline_auto\" id=\"style-css-av-kpoccl7t-c25a10df4db8619e2d3d21d83cd2cac6\">\n#top .hr.hr-invisible.av-kpoccl7t-c25a10df4db8619e2d3d21d83cd2cac6{\nheight:50px;\n}\n<\/style>\n<div  class='hr av-kpoccl7t-c25a10df4db8619e2d3d21d83cd2cac6 hr-invisible  avia-builder-el-8  el_after_av_submenu  el_before_av_two_fifth  avia-builder-el-first'><span class='hr-inner'><span class=\"hr-inner-style\"><\/span><\/span><\/div>\n<div class='flex_column_table av-2t0oaxh-c11a8c8faa85607fd6dc9d2b38862cba sc-av_two_fifth av-equal-height-column-flextable'>\n<style type=\"text\/css\" data-created_by=\"avia_inline_auto\" id=\"style-css-av-2t0oaxh-c11a8c8faa85607fd6dc9d2b38862cba\">\n#top .flex_column_table.av-equal-height-column-flextable.av-2t0oaxh-c11a8c8faa85607fd6dc9d2b38862cba{\nmargin-top:0px;\nmargin-bottom:0px;\n}\n.flex_column.av-2t0oaxh-c11a8c8faa85607fd6dc9d2b38862cba{\nborder-radius:0px 0px 0px 0px;\npadding:0px 60px 0px 0px;\n}\n<\/style>\n<div  id=\"av-center-align-columns\"  class='flex_column av-2t0oaxh-c11a8c8faa85607fd6dc9d2b38862cba av_two_fifth  avia-builder-el-9  el_after_av_hr  el_before_av_two_fifth  first flex_column_table_cell av-equal-height-column av-align-top'     ><style type=\"text\/css\" data-created_by=\"avia_inline_auto\" id=\"style-css-av-11h2h9x-4f8b16afebbae63f3bd09faee52815b8\">\n#top .av_textblock_section.av-11h2h9x-4f8b16afebbae63f3bd09faee52815b8 .avia_textblock{\ncolor:#ffffff;\n}\n<\/style>\n<section  id=\"Less10\"  class='av_textblock_section av-11h2h9x-4f8b16afebbae63f3bd09faee52815b8'   itemscope=\"itemscope\" itemtype=\"https:\/\/schema.org\/CreativeWork\" ><div class='avia_textblock av_inherit_color'  itemprop=\"text\" ><h2 style=\"text-align: left;\">MENOS DE 10 PRUEBAS<\/h2>\n<\/div><\/section><br \/>\n\n<style type=\"text\/css\" data-created_by=\"avia_inline_auto\" id=\"style-css-av-mzvmb9-a76d404dabd1a27446f87ec792a28fd8\">\n#top .hr.hr-invisible.av-mzvmb9-a76d404dabd1a27446f87ec792a28fd8{\nheight:20px;\n}\n<\/style>\n<div  class='hr av-mzvmb9-a76d404dabd1a27446f87ec792a28fd8 hr-invisible  avia-builder-el-11  el_after_av_textblock  el_before_av_textblock'><span class='hr-inner'><span class=\"hr-inner-style\"><\/span><\/span><\/div><br \/>\n<section  class='av_textblock_section av-uviiwl-f8f03915f32474950baa0ecaf404c5ab'   itemscope=\"itemscope\" itemtype=\"https:\/\/schema.org\/CreativeWork\" ><div class='avia_textblock'  itemprop=\"text\" ><p>Si desea probar menos de 10 equipos y desea solicitar una cuenta de autoservicio o consultar los precios de nuestros paquetes de pruebas individuales, rellene este formulario.<\/p>\n<\/div><\/section><\/p><\/div>\n<div class='av-flex-placeholder'><\/div>\n<style type=\"text\/css\" data-created_by=\"avia_inline_auto\" id=\"style-css-av-5q4a0l2-dbfa2cc326ee35e50e7f5f00a4638c7c\">\n#top .flex_column_table.av-equal-height-column-flextable.av-5q4a0l2-dbfa2cc326ee35e50e7f5f00a4638c7c{\nmargin-top:0px;\nmargin-bottom:0px;\n}\n.flex_column.av-5q4a0l2-dbfa2cc326ee35e50e7f5f00a4638c7c{\nborder-radius:0px 0px 0px 0px;\npadding:40px 40px 0px 40px;\nbackground-color:#ffffff;\n}\n<\/style>\n<div  id=\"av-center-align-columns\"  class='flex_column av-5q4a0l2-dbfa2cc326ee35e50e7f5f00a4638c7c av_two_fifth  avia-builder-el-13  el_after_av_two_fifth  el_before_av_hr  flex_column_table_cell av-equal-height-column av-align-top av-animated-generic bottom-to-top'     ><p><br \/>\n\n<style type=\"text\/css\" data-created_by=\"avia_inline_auto\" id=\"style-css-av-kqjor40e-cf3ece7540241004186d982151327582\">\n#top .hr.hr-invisible.av-kqjor40e-cf3ece7540241004186d982151327582{\nmargin-top:-120px;\nheight:1px;\n}\n<\/style>\n<div  class='hr av-kqjor40e-cf3ece7540241004186d982151327582 hr-invisible  avia-builder-el-15  el_after_av_codeblock  avia-builder-el-last'><span class='hr-inner'><span class=\"hr-inner-style\"><\/span><\/span><\/div><\/p><\/div><\/div><!--close column table wrapper. Autoclose: 1 -->\n\n<style type=\"text\/css\" data-created_by=\"avia_inline_auto\" id=\"style-css-av-u4q0ol-80c5e6cea5fa4ffed3f161a38e4afa62\">\n#top .hr.hr-invisible.av-u4q0ol-80c5e6cea5fa4ffed3f161a38e4afa62{\nheight:120px;\n}\n<\/style>\n<div  class='hr av-u4q0ol-80c5e6cea5fa4ffed3f161a38e4afa62 hr-invisible  avia-builder-el-16  el_after_av_two_fifth  el_before_av_two_fifth'><span class='hr-inner'><span class=\"hr-inner-style\"><\/span><\/span><\/div>\n<div class='flex_column_table av-1poa311-dc70be18ea8adc38e7d55f4e20d34e8d sc-av_two_fifth av-equal-height-column-flextable'>\n<style type=\"text\/css\" data-created_by=\"avia_inline_auto\" id=\"style-css-av-1poa311-dc70be18ea8adc38e7d55f4e20d34e8d\">\n#top .flex_column_table.av-equal-height-column-flextable.av-1poa311-dc70be18ea8adc38e7d55f4e20d34e8d{\nmargin-top:0px;\nmargin-bottom:0px;\n}\n.flex_column.av-1poa311-dc70be18ea8adc38e7d55f4e20d34e8d{\nborder-radius:0px 0px 0px 0px;\npadding:0px 20px 0px 0px;\n}\n<\/style>\n<div  id=\"av-center-align-columns\"  class='flex_column av-1poa311-dc70be18ea8adc38e7d55f4e20d34e8d av_two_fifth  avia-builder-el-17  el_after_av_hr  el_before_av_two_fifth  first flex_column_table_cell av-equal-height-column av-align-top'     ><style type=\"text\/css\" data-created_by=\"avia_inline_auto\" id=\"style-css-av-kqiam75o-1eebe5b5cacfbf91523e8cdbf8a9a302\">\n#top .av_textblock_section.av-kqiam75o-1eebe5b5cacfbf91523e8cdbf8a9a302 .avia_textblock{\ncolor:#ffffff;\n}\n<\/style>\n<section  id=\"plus10\"  class='av_textblock_section av-kqiam75o-1eebe5b5cacfbf91523e8cdbf8a9a302'   itemscope=\"itemscope\" itemtype=\"https:\/\/schema.org\/CreativeWork\" ><div class='avia_textblock av_inherit_color'  itemprop=\"text\" ><h2 style=\"text-align: left;\">10 O M\u00c1S PRUEBAS<\/h2>\n<\/div><\/section><br \/>\n\n<style type=\"text\/css\" data-created_by=\"avia_inline_auto\" id=\"style-css-av-19556qd-6502d2fde0a276650fe765dbb89d33d1\">\n#top .hr.hr-invisible.av-19556qd-6502d2fde0a276650fe765dbb89d33d1{\nheight:20px;\n}\n<\/style>\n<div  class='hr av-19556qd-6502d2fde0a276650fe765dbb89d33d1 hr-invisible  avia-builder-el-19  el_after_av_textblock  el_before_av_textblock'><span class='hr-inner'><span class=\"hr-inner-style\"><\/span><\/span><\/div><br \/>\n<section  class='av_textblock_section av-kqiannfo-788e2d945f19cfbb8dd698163e7dd084'   itemscope=\"itemscope\" itemtype=\"https:\/\/schema.org\/CreativeWork\" ><div class='avia_textblock'  itemprop=\"text\" ><p><strong>Rellene el formulario de contacto si tiene:<\/strong><\/p>\n<ul>\n<li>Una solicitud al servicio de atenci\u00f3n al cliente (tambi\u00e9n puede enviar un correo electr\u00f3nico a custserv@eoilreports.com)<\/li>\n<li>Inter\u00e9s en recibir m\u00e1s informaci\u00f3n sobre nuestras pruebas y servicios<\/li>\n<li>Una gran flota o un gran conjunto de equipos y est\u00e1 interesado en iniciar un programa de an\u00e1lisis de fluidos con nosotros<\/li>\n<\/ul>\n<\/div><\/section><\/p><\/div>\n<div class='av-flex-placeholder'><\/div>\n<style type=\"text\/css\" data-created_by=\"avia_inline_auto\" id=\"style-css-av-s6vvp2-0b142baaf9fde75cfba4a22178f1f696\">\n#top .flex_column_table.av-equal-height-column-flextable.av-s6vvp2-0b142baaf9fde75cfba4a22178f1f696{\nmargin-top:0px;\nmargin-bottom:0px;\n}\n.flex_column.av-s6vvp2-0b142baaf9fde75cfba4a22178f1f696{\nborder-radius:0px 0px 0px 0px;\npadding:40px 40px 0px 40px;\nbackground-color:#ffffff;\n}\n<\/style>\n<div  id=\"av-center-align-columns\"  class='flex_column av-s6vvp2-0b142baaf9fde75cfba4a22178f1f696 av_two_fifth  avia-builder-el-21  el_after_av_two_fifth  el_before_av_hr  flex_column_table_cell av-equal-height-column av-align-top av-animated-generic bottom-to-top'     ><p><br \/>\n\n<style type=\"text\/css\" data-created_by=\"avia_inline_auto\" id=\"style-css-av-kqjot0fk-f6928919f1e106df3bae24a7b7120f41\">\n#top .hr.hr-invisible.av-kqjot0fk-f6928919f1e106df3bae24a7b7120f41{\nmargin-top:-30px;\nheight:1px;\n}\n<\/style>\n<div  class='hr av-kqjot0fk-f6928919f1e106df3bae24a7b7120f41 hr-invisible  avia-builder-el-23  el_after_av_codeblock  avia-builder-el-last'><span class='hr-inner'><span class=\"hr-inner-style\"><\/span><\/span><\/div><\/p><\/div><\/div><!--close column table wrapper. Autoclose: 1 -->\n\n<style type=\"text\/css\" data-created_by=\"avia_inline_auto\" id=\"style-css-av-kzrtet54-7be7e510f669804ec476a67cbb1204c9\">\n#top .hr.hr-invisible.av-kzrtet54-7be7e510f669804ec476a67cbb1204c9{\nheight:120px;\n}\n<\/style>\n<div  class='hr av-kzrtet54-7be7e510f669804ec476a67cbb1204c9 hr-invisible  avia-builder-el-24  el_after_av_two_fifth  el_before_av_one_half'><span class='hr-inner'><span class=\"hr-inner-style\"><\/span><\/span><\/div>\n<div class='flex_column_table av-3ch0i2d-07666e53a1df3b606ff09e5639aa0c72 sc-av_one_half av-equal-height-column-flextable'>\n<style type=\"text\/css\" data-created_by=\"avia_inline_auto\" id=\"style-css-av-3ch0i2d-07666e53a1df3b606ff09e5639aa0c72\">\n#top .flex_column_table.av-equal-height-column-flextable.av-3ch0i2d-07666e53a1df3b606ff09e5639aa0c72{\nmargin-top:0px;\nmargin-bottom:0px;\n}\n.flex_column.av-3ch0i2d-07666e53a1df3b606ff09e5639aa0c72{\nborder-radius:0px 0px 0px 0px;\npadding:0px 60px 0px 0px;\n}\n<\/style>\n<div  id=\"av-center-align-columns\"  class='flex_column av-3ch0i2d-07666e53a1df3b606ff09e5639aa0c72 av_one_half  avia-builder-el-25  el_after_av_hr  el_before_av_two_fifth  first flex_column_table_cell av-equal-height-column av-align-middle av-animated-generic left-to-right'     ><style type=\"text\/css\" data-created_by=\"avia_inline_auto\" id=\"style-css-av-kqjt39xo-35c0b0d48118a899e5519de5129f5f54\">\n.avia-image-container.av-kqjt39xo-35c0b0d48118a899e5519de5129f5f54 img.avia_image{\nbox-shadow:none;\n}\n.avia-image-container.av-kqjt39xo-35c0b0d48118a899e5519de5129f5f54 .av-image-caption-overlay-center{\ncolor:#ffffff;\n}\n<\/style>\n<div  id=\"retail\"  class='avia-image-container av-kqjt39xo-35c0b0d48118a899e5519de5129f5f54 av-styling- avia-align-center  avia-builder-el-26  avia-builder-el-no-sibling'   itemprop=\"image\" itemscope=\"itemscope\" itemtype=\"https:\/\/schema.org\/ImageObject\" ><div class=\"avia-image-container-inner\"><div class=\"avia-image-overlay-wrap\"><img decoding=\"async\" fetchpriority=\"high\" class='wp-image-18101 avia-img-lazy-loading-not-18101 avia_image' src=\"https:\/\/polarislabs.com\/wp-content\/uploads\/2021\/06\/Group-1139.png\" alt='' title='Grupo 1139'  height=\"627\" width=\"627\"  itemprop=\"thumbnailUrl\" srcset=\"https:\/\/polarislabs.com\/wp-content\/uploads\/2021\/06\/Group-1139.png 627w, https:\/\/polarislabs.com\/wp-content\/uploads\/2021\/06\/Group-1139-300x300.png 300w, https:\/\/polarislabs.com\/wp-content\/uploads\/2021\/06\/Group-1139-80x80.png 80w, https:\/\/polarislabs.com\/wp-content\/uploads\/2021\/06\/Group-1139-36x36.png 36w, https:\/\/polarislabs.com\/wp-content\/uploads\/2021\/06\/Group-1139-180x180.png 180w\" sizes=\"(max-width: 627px) 100vw, 627px\" \/><\/div><\/div><\/div><\/div>\n<div class='av-flex-placeholder'><\/div>\n<style type=\"text\/css\" data-created_by=\"avia_inline_auto\" id=\"style-css-av-1muttkm-a762a1d3a41ba5ccb567d311c430f2ea\">\n#top .flex_column_table.av-equal-height-column-flextable.av-1muttkm-a762a1d3a41ba5ccb567d311c430f2ea{\nmargin-top:0px;\nmargin-bottom:0px;\n}\n.flex_column.av-1muttkm-a762a1d3a41ba5ccb567d311c430f2ea{\nborder-radius:0px 0px 0px 0px;\npadding:0px 20px 0px 0px;\n}\n<\/style>\n<div  id=\"av-center-align-columns\"  class='flex_column av-1muttkm-a762a1d3a41ba5ccb567d311c430f2ea av_two_fifth  avia-builder-el-27  el_after_av_one_half  el_before_av_hr  flex_column_table_cell av-equal-height-column av-align-middle'     ><style type=\"text\/css\" data-created_by=\"avia_inline_auto\" id=\"style-css-av-kqjpnk0y-83d1870ee8bf8f212db10d21eb74b357\">\n#top .av_textblock_section.av-kqjpnk0y-83d1870ee8bf8f212db10d21eb74b357 .avia_textblock{\ncolor:#ffffff;\n}\n<\/style>\n<section  class='av_textblock_section av-kqjpnk0y-83d1870ee8bf8f212db10d21eb74b357'   itemscope=\"itemscope\" itemtype=\"https:\/\/schema.org\/CreativeWork\" ><div class='avia_textblock av_inherit_color'  itemprop=\"text\" ><h2 style=\"text-align: left;\">SOCIOS MINORISTAS<\/h2>\n<\/div><\/section><br \/>\n\n<style type=\"text\/css\" data-created_by=\"avia_inline_auto\" id=\"style-css-av-13jytg6-f1ecf53a7e4f04e9f73e42ddfdee3ef8\">\n#top .hr.hr-invisible.av-13jytg6-f1ecf53a7e4f04e9f73e42ddfdee3ef8{\nheight:20px;\n}\n<\/style>\n<div  class='hr av-13jytg6-f1ecf53a7e4f04e9f73e42ddfdee3ef8 hr-invisible  avia-builder-el-29  el_after_av_textblock  el_before_av_textblock'><span class='hr-inner'><span class=\"hr-inner-style\"><\/span><\/span><\/div><br \/>\n<section  class='av_textblock_section av-kqjpo418-8e83ef1ef33dbe4613a2bd3667854bb3'   itemscope=\"itemscope\" itemtype=\"https:\/\/schema.org\/CreativeWork\" ><div class='avia_textblock'  itemprop=\"text\" ><p>\u00bfQuiere tomar muestras de un solo equipo? Pida su kit de muestras directamente a uno de nuestros distribuidores.<\/p>\n<\/div><\/section><br \/>\n\n<style type=\"text\/css\" data-created_by=\"avia_inline_auto\" id=\"style-css-av-qldenq-7f443f045efb8778bb2f9b700cf81f4d\">\n#top .hr.hr-invisible.av-qldenq-7f443f045efb8778bb2f9b700cf81f4d{\nheight:20px;\n}\n<\/style>\n<div  class='hr av-qldenq-7f443f045efb8778bb2f9b700cf81f4d hr-invisible  avia-builder-el-31  el_after_av_textblock  el_before_av_textblock'><span class='hr-inner'><span class=\"hr-inner-style\"><\/span><\/span><\/div><br \/>\n\n<style type=\"text\/css\" data-created_by=\"avia_inline_auto\" id=\"style-css-av-kqjpp3l3-f380d3188d0f2c7f7b96fa9ae2423f04\">\n#top .av_textblock_section.av-kqjpp3l3-f380d3188d0f2c7f7b96fa9ae2423f04 .avia_textblock{\ncolor:#f6be00;\n}\n<\/style>\n<section  class='av_textblock_section av-kqjpp3l3-f380d3188d0f2c7f7b96fa9ae2423f04'   itemscope=\"itemscope\" itemtype=\"https:\/\/schema.org\/CreativeWork\" ><div class='avia_textblock av_inherit_color'  itemprop=\"text\" ><p style=\"text-align: left;\"><a href=\"http:\/\/polarislabs.com\/es\/retail-partners\/\"><strong>CONSULTE NUESTRA LISTA DE SOCIOS \u2794<\/strong><\/a><\/p>\n<\/div><\/section><\/p><\/div><\/div><!--close column table wrapper. Autoclose: 1 -->\n\n<style type=\"text\/css\" data-created_by=\"avia_inline_auto\" id=\"style-css-av-rlmpdh-0a107fab99c62df8d3b90482ed6d36df\">\n#top .hr.hr-invisible.av-rlmpdh-0a107fab99c62df8d3b90482ed6d36df{\nheight:160px;\n}\n<\/style>\n<div  class='hr av-rlmpdh-0a107fab99c62df8d3b90482ed6d36df hr-invisible  avia-builder-el-33  el_after_av_two_fifth  el_before_av_two_fifth'><span class='hr-inner'><span class=\"hr-inner-style\"><\/span><\/span><\/div>\n<div class='flex_column_table av-1zp0mgl-e358f7833b6d3b5b5b555dcf12484c74 sc-av_two_fifth av-equal-height-column-flextable'>\n<style type=\"text\/css\" data-created_by=\"avia_inline_auto\" id=\"style-css-av-1zp0mgl-e358f7833b6d3b5b5b555dcf12484c74\">\n#top .flex_column_table.av-equal-height-column-flextable.av-1zp0mgl-e358f7833b6d3b5b5b555dcf12484c74{\nmargin-top:0px;\nmargin-bottom:0px;\n}\n.flex_column.av-1zp0mgl-e358f7833b6d3b5b5b555dcf12484c74{\nborder-width:40px;\nborder-color:#003a70;\nborder-style:solid;\nborder-radius:0px 0px 0px 0px;\npadding:0px 40px 0px 40px;\nbackground-color:#003a70;\n}\n<\/style>\n<div  class='flex_column av-1zp0mgl-e358f7833b6d3b5b5b555dcf12484c74 av_two_fifth  avia-builder-el-34  el_after_av_hr  el_before_av_three_fifth  first no_margin flex_column_table_cell av-equal-height-column av-align-middle av-animated-generic left-to-right'     ><section  class='av_textblock_section av-kqirws1a-bf8d2b85e8c47c454a984882dad52601'   itemscope=\"itemscope\" itemtype=\"https:\/\/schema.org\/CreativeWork\" ><div class='avia_textblock'  itemprop=\"text\" ><h2><span style=\"color: #ffffff;\">LISTA DE PRUEBAS<\/span><\/h2>\n<\/div><\/section><br \/>\n\n<style type=\"text\/css\" data-created_by=\"avia_inline_auto\" id=\"style-css-av-1rymbzp-764b4fba8d2bac55e61ced87091bef5f\">\n#top .hr.hr-invisible.av-1rymbzp-764b4fba8d2bac55e61ced87091bef5f{\nheight:30px;\n}\n<\/style>\n<div  class='hr av-1rymbzp-764b4fba8d2bac55e61ced87091bef5f hr-invisible  avia-builder-el-36  el_after_av_textblock  el_before_av_textblock'><span class='hr-inner'><span class=\"hr-inner-style\"><\/span><\/span><\/div><br \/>\n\n<style type=\"text\/css\" data-created_by=\"avia_inline_auto\" id=\"style-css-av-kqirvvxh-90bf30d213c523891f03b4a2f98c46f5\">\n#top .av_textblock_section.av-kqirvvxh-90bf30d213c523891f03b4a2f98c46f5 .avia_textblock{\ncolor:#FFFFFF;\n}\n<\/style>\n<section  class='av_textblock_section av-kqirvvxh-90bf30d213c523891f03b4a2f98c46f5'   itemscope=\"itemscope\" itemtype=\"https:\/\/schema.org\/CreativeWork\" ><div class='avia_textblock av_inherit_color'  itemprop=\"text\" ><p>POLARIS Laboratories\u00ae ofrece m\u00e1s de 100 pruebas diferentes para ayudar a nuestros clientes a predecir el mantenimiento, prolongar la vida \u00fatil de los equipos e identificar problemas antes de que se produzca un fallo.<\/p>\n<p>Consulte nuestra lista completa de pruebas de aceite, refrigerante, diesel y especiales disponibles junto con el m\u00e9todo ASTM, las unidades de medida, la cantidad de muestra necesaria y la ubicaci\u00f3n del laboratorio Capacidades de TAT y requisitos de acometida.<\/p>\n<\/div><\/section><\/p><\/div>\n\n<style type=\"text\/css\" data-created_by=\"avia_inline_auto\" id=\"style-css-av-175cb6d-4c67d24307cf74a904ba4f4a3849bbf0\">\n#top .flex_column_table.av-equal-height-column-flextable.av-175cb6d-4c67d24307cf74a904ba4f4a3849bbf0{\nmargin-top:0px;\nmargin-bottom:0px;\n}\n.flex_column.av-175cb6d-4c67d24307cf74a904ba4f4a3849bbf0{\nborder-radius:0px 0px 0px 0px;\npadding:0px 60px 0px 0px;\n}\n<\/style>\n<div  id=\"av-center-align-columns\"  class='flex_column av-175cb6d-4c67d24307cf74a904ba4f4a3849bbf0 av_three_fifth  avia-builder-el-38  el_after_av_two_fifth  el_before_av_hr  no_margin flex_column_table_cell av-equal-height-column av-align-middle av-animated-generic right-to-left'     ><style type=\"text\/css\" data-created_by=\"avia_inline_auto\" id=\"style-css-av-2ho9lh-f0d74295e35f4b01115083df763cf93c\">\n.avia-image-container.av-2ho9lh-f0d74295e35f4b01115083df763cf93c img.avia_image{\nbox-shadow:none;\n}\n.avia-image-container.av-2ho9lh-f0d74295e35f4b01115083df763cf93c .av-image-caption-overlay-center{\ncolor:#ffffff;\n}\n<\/style>\n<div  id=\"TestingList\"  class='avia-image-container av-2ho9lh-f0d74295e35f4b01115083df763cf93c av-styling- av-img-linked avia-align-center  avia-builder-el-39  avia-builder-el-no-sibling'   itemprop=\"image\" itemscope=\"itemscope\" itemtype=\"https:\/\/schema.org\/ImageObject\" ><div class=\"avia-image-container-inner\"><div class=\"avia-image-overlay-wrap\"><a href=\"https:\/\/www2.eoilreports.com\/CompleteTestList\" class='avia_image'  target=\"_blank\"  rel=\"noopener noreferrer\" aria-label='Grupo 485'><img decoding=\"async\" fetchpriority=\"high\" class='wp-image-18074 avia-img-lazy-loading-not-18074 avia_image' src=\"https:\/\/polarislabs.com\/wp-content\/uploads\/2021\/06\/Group-485.png\" alt='' title='Grupo 485'  height=\"709\" width=\"951\"  itemprop=\"thumbnailUrl\" srcset=\"https:\/\/polarislabs.com\/wp-content\/uploads\/2021\/06\/Group-485.png 951w, https:\/\/polarislabs.com\/wp-content\/uploads\/2021\/06\/Group-485-300x224.png 300w, https:\/\/polarislabs.com\/wp-content\/uploads\/2021\/06\/Group-485-768x573.png 768w, https:\/\/polarislabs.com\/wp-content\/uploads\/2021\/06\/Group-485-705x526.png 705w\" sizes=\"(max-width: 951px) 100vw, 951px\" \/><\/a><\/div><\/div><\/div><\/div><\/div><!--close column table wrapper. Autoclose: 1 -->\n<style type=\"text\/css\" data-created_by=\"avia_inline_auto\" id=\"style-css-av-rx0311-cd3225199b02811d3ae44f74b1f837ff\">\n#top .hr.hr-invisible.av-rx0311-cd3225199b02811d3ae44f74b1f837ff{\nheight:160px;\n}\n<\/style>\n<div  class='hr av-rx0311-cd3225199b02811d3ae44f74b1f837ff hr-invisible  avia-builder-el-40  el_after_av_three_fifth  avia-builder-el-last'><span class='hr-inner'><span class=\"hr-inner-style\"><\/span><\/span><\/div><\/p>","protected":false},"excerpt":{"rendered":"","protected":false},"author":27,"featured_media":0,"parent":0,"menu_order":0,"comment_status":"closed","ping_status":"closed","template":"","meta":{"om_disable_all_campaigns":false,"_monsterinsights_skip_tracking":false,"_monsterinsights_sitenote_active":false,"_monsterinsights_sitenote_note":"","_monsterinsights_sitenote_category":0,"footnotes":""},"class_list":["post-18038","page","type-page","status-publish","hentry"],"aioseo_notices":[],"_links":{"self":[{"href":"https:\/\/polarislabs.com\/es\/wp-json\/wp\/v2\/pages\/18038","targetHints":{"allow":["GET"]}}],"collection":[{"href":"https:\/\/polarislabs.com\/es\/wp-json\/wp\/v2\/pages"}],"about":[{"href":"https:\/\/polarislabs.com\/es\/wp-json\/wp\/v2\/types\/page"}],"author":[{"embeddable":true,"href":"https:\/\/polarislabs.com\/es\/wp-json\/wp\/v2\/users\/27"}],"replies":[{"embeddable":true,"href":"https:\/\/polarislabs.com\/es\/wp-json\/wp\/v2\/comments?post=18038"}],"version-history":[{"count":0,"href":"https:\/\/polarislabs.com\/es\/wp-json\/wp\/v2\/pages\/18038\/revisions"}],"wp:attachment":[{"href":"https:\/\/polarislabs.com\/es\/wp-json\/wp\/v2\/media?parent=18038"}],"curies":[{"name":"wp","href":"https:\/\/api.w.org\/{rel}","templated":true}]}}