{"id":18731,"date":"2021-07-20T09:33:02","date_gmt":"2021-07-20T13:33:02","guid":{"rendered":"https:\/\/polarislabs.com\/?page_id=18731"},"modified":"2023-08-04T14:01:21","modified_gmt":"2023-08-04T18:01:21","slug":"summit-program-ad-guidelines","status":"publish","type":"page","link":"https:\/\/polarislabs.com\/es\/summit-program-ad-guidelines\/","title":{"rendered":"Directrices publicitarias del Programa de la Cumbre"},"content":{"rendered":"<style type=\"text\/css\" data-created_by=\"avia_inline_auto\" id=\"style-css-av-krc3jl9x-8e4cd5d82e9366765e2963fedd8b6156\">\n.avia-section.av-krc3jl9x-8e4cd5d82e9366765e2963fedd8b6156{\nbackground-color:#ffffff;\nbackground-image:unset;\n}\n<\/style>\n<div id='av_section_1'  class='avia-section av-krc3jl9x-8e4cd5d82e9366765e2963fedd8b6156 main_color avia-section-default avia-no-border-styling  avia-builder-el-0  el_before_av_hr  avia-builder-el-first  avia-bg-style-scroll container_wrap sidebar_right'  ><div class='container av-section-cont-open' ><main  role=\"main\" itemprop=\"mainContentOfPage\"  class='template-page content  av-content-small alpha units'><div class='post-entry post-entry-type-page post-entry-18731'><div class='entry-content-wrapper clearfix'>\n\n<style type=\"text\/css\" data-created_by=\"avia_inline_auto\" id=\"style-css-av-krc3k6fi-0b3a993174ede6aadeeb66d82bd2c0c3\">\n#top .hr.hr-invisible.av-krc3k6fi-0b3a993174ede6aadeeb66d82bd2c0c3{\nheight:50px;\n}\n<\/style>\n<div  class='hr av-krc3k6fi-0b3a993174ede6aadeeb66d82bd2c0c3 hr-invisible  avia-builder-el-1  el_before_av_textblock  avia-builder-el-first'><span class='hr-inner'><span class=\"hr-inner-style\"><\/span><\/span><\/div>\n<section  class='av_textblock_section av-krc3jbjq-c40275a0390eb05b56ca9347219736bb'   itemscope=\"itemscope\" itemtype=\"https:\/\/schema.org\/CreativeWork\" ><div class='avia_textblock'  itemprop=\"text\" ><h2 style=\"text-align: center;\"><img loading=\"lazy\" decoding=\"async\" class=\"alignnone wp-image-22721\" src=\"https:\/\/polarislabs.com\/wp-content\/uploads\/2023\/07\/Reliability-Summit-Logo-1030x376.png\" alt=\"\" width=\"550\" height=\"201\" srcset=\"https:\/\/polarislabs.com\/wp-content\/uploads\/2023\/07\/Reliability-Summit-Logo-1030x376.png 1030w, https:\/\/polarislabs.com\/wp-content\/uploads\/2023\/07\/Reliability-Summit-Logo-300x110.png 300w, https:\/\/polarislabs.com\/wp-content\/uploads\/2023\/07\/Reliability-Summit-Logo-768x281.png 768w, https:\/\/polarislabs.com\/wp-content\/uploads\/2023\/07\/Reliability-Summit-Logo-1536x561.png 1536w, https:\/\/polarislabs.com\/wp-content\/uploads\/2023\/07\/Reliability-Summit-Logo-2048x748.png 2048w, https:\/\/polarislabs.com\/wp-content\/uploads\/2023\/07\/Reliability-Summit-Logo-18x7.png 18w, https:\/\/polarislabs.com\/wp-content\/uploads\/2023\/07\/Reliability-Summit-Logo-1500x548.png 1500w, https:\/\/polarislabs.com\/wp-content\/uploads\/2023\/07\/Reliability-Summit-Logo-705x258.png 705w\" sizes=\"auto, (max-width: 550px) 100vw, 550px\" \/><\/h2>\n<h2 style=\"text-align: center;\">Directrices para las ilustraciones del programa<\/h2>\n<\/div><\/section>\n<\/div><\/div><\/main><!-- close content main element --><\/div><\/div><div id='after_section_1'  class='main_color av_default_container_wrap container_wrap sidebar_right'  ><div class='container av-section-cont-open' ><div class='template-page content  av-content-small alpha units'><div class='post-entry post-entry-type-page post-entry-18731'><div class='entry-content-wrapper clearfix'>\n\n<style type=\"text\/css\" data-created_by=\"avia_inline_auto\" id=\"style-css-av-2mj89fv-95d04d697ca60e7a953ebb3aa70c989d\">\n#top .hr.hr-invisible.av-2mj89fv-95d04d697ca60e7a953ebb3aa70c989d{\nheight:80px;\n}\n<\/style>\n<div  class='hr av-2mj89fv-95d04d697ca60e7a953ebb3aa70c989d hr-invisible  avia-builder-el-3  el_after_av_section  el_before_av_one_half  avia-builder-el-first'><span class='hr-inner'><span class=\"hr-inner-style\"><\/span><\/span><\/div>\n\n<style type=\"text\/css\" data-created_by=\"avia_inline_auto\" id=\"style-css-av-29b3wyz-b6bd2af57881d62cfa470e4ece1ae0d3\">\n.flex_column.av-29b3wyz-b6bd2af57881d62cfa470e4ece1ae0d3{\nborder-radius:0px 0px 0px 0px;\npadding:0px 80px 0px 0px;\n}\n<\/style>\n<div  class='flex_column av-29b3wyz-b6bd2af57881d62cfa470e4ece1ae0d3 av_one_half  avia-builder-el-4  el_after_av_hr  el_before_av_one_half  first flex_column_div'     ><section  class='av_textblock_section av-krc42gxe-5caa9a2f67b18b85269c32d5305f24fc'   itemscope=\"itemscope\" itemtype=\"https:\/\/schema.org\/CreativeWork\" ><div class='avia_textblock'  itemprop=\"text\" ><h3>Ajustes de color y resoluci\u00f3n<\/h3>\n<p>Su archivo de arte debe ser <strong>CMYK <\/strong>perfil de color. Otros ajustes como Spot o RGB pueden dar lugar a resultados de color inesperados.<\/p>\n<p>El archivo final debe tener calidad de impresi\u00f3n, <strong>300 dpi<\/strong>. En el caso de logotipos e im\u00e1genes, aseg\u00farate de que tambi\u00e9n tengan calidad de impresi\u00f3n antes de incluirlos en el archivo art\u00edstico para evitar que salgan granulados.<\/p>\n<\/div><\/section><br \/>\n\n<style type=\"text\/css\" data-created_by=\"avia_inline_auto\" id=\"style-css-av-krc6cdi9-247f3ed51ed9d70133cb7e2bcc57be57\">\n#top .hr.hr-invisible.av-krc6cdi9-247f3ed51ed9d70133cb7e2bcc57be57{\nheight:50px;\n}\n<\/style>\n<div  class='hr av-krc6cdi9-247f3ed51ed9d70133cb7e2bcc57be57 hr-invisible  avia-builder-el-6  el_after_av_textblock  el_before_av_textblock'><span class='hr-inner'><span class=\"hr-inner-style\"><\/span><\/span><\/div><br \/>\n<section  class='av_textblock_section av-krc4ugsn-bbcb76a233d420b3b6a33d5ada3a9987'   itemscope=\"itemscope\" itemtype=\"https:\/\/schema.org\/CreativeWork\" ><div class='avia_textblock'  itemprop=\"text\" ><h3>Dimensiones<\/h3>\n<p>Elija una de las siguientes orientaciones para su anuncio y siga los requisitos de tama\u00f1o que figuran a continuaci\u00f3n.<\/p>\n<h4>P\u00e1gina completa<\/h4>\n<ul>\n<li><strong>Tama\u00f1o:<\/strong> 6\u2033 x 8.5\u2033<\/li>\n<li><strong>M\u00e1rgenes:<\/strong> 0,3125\u2033<\/li>\n<li><strong>Sangrar:<\/strong> 0,125\u2033<\/li>\n<\/ul>\n<h4><span style=\"color: #003a70;\">1\/2 p\u00e1gina horizontal<\/span><\/h4>\n<ul>\n<li><strong>Tama\u00f1o:<\/strong>\u00a0 6\u2033 x 4.25\u2033<\/li>\n<li><strong>M\u00e1rgenes:<\/strong> 0,3125\u2033<\/li>\n<li><strong>Sangrar:<\/strong> 0,125\u2033<\/li>\n<\/ul>\n<h4><span style=\"color: #003a70;\">Retrato de 1\/2 p\u00e1gina<\/span><\/h4>\n<ul>\n<li><strong>Tama\u00f1o:<\/strong>\u00a0 3\u2033 x 8.5\u2033<\/li>\n<li><strong>M\u00e1rgenes:<\/strong> 0,3125\u2033<\/li>\n<li><strong>Sangrar:<\/strong> 0,125\u2033<\/li>\n<\/ul>\n<h4><span style=\"color: #003a70;\">Retrato 1\/4 p\u00e1gina<\/span><\/h4>\n<ul>\n<li><strong>Tama\u00f1o:<\/strong>\u00a0 3\u2033 x 4.25\u2033<\/li>\n<li><strong>M\u00e1rgenes:<\/strong> 0,3125\u2033<\/li>\n<li><strong>Sangrar:<\/strong> 0,125\u2033<\/li>\n<\/ul>\n<p>Pase el rat\u00f3n por encima de los puntos calientes del ejemplo para obtener m\u00e1s informaci\u00f3n.<\/p>\n<\/div><\/section><br \/>\n\n<style type=\"text\/css\" data-created_by=\"avia_inline_auto\" id=\"style-css-av-35sc5n-73cded4d0c0c63445f01de40673a41b7\">\n#top .hr.hr-invisible.av-35sc5n-73cded4d0c0c63445f01de40673a41b7{\nheight:50px;\n}\n<\/style>\n<div  class='hr av-35sc5n-73cded4d0c0c63445f01de40673a41b7 hr-invisible  avia-builder-el-8  el_after_av_textblock  el_before_av_textblock'><span class='hr-inner'><span class=\"hr-inner-style\"><\/span><\/span><\/div><br \/>\n<section  class='av_textblock_section av-krc3xrtc-48a32c9ed48470f81c75d5c5c0c322ac'   itemscope=\"itemscope\" itemtype=\"https:\/\/schema.org\/CreativeWork\" ><div class='avia_textblock'  itemprop=\"text\" ><h3>Formato de archivo<\/h3>\n<p>Exporte su archivo con sangrados en calidad de impresi\u00f3n (300 ppp) en uno de los siguientes formatos:<\/p>\n<ul>\n<li><strong>PDF <\/strong>(Formato de documento port\u00e1til)<\/li>\n<li><strong>JPEG <\/strong>(Grupo Mixto de Expertos en Fotograf\u00eda)<\/li>\n<li><strong>PNG\u00a0<\/strong>(Gr\u00e1ficos de red port\u00e1tiles)<\/li>\n<\/ul>\n<p>No incluya marcas de corte o recorte.<\/p>\n<\/div><\/section><br \/>\n\n<style type=\"text\/css\" data-created_by=\"avia_inline_auto\" id=\"style-css-av-2yvpjf-3e235c5b678770e8f3f76c5af4bd40f0\">\n#top .hr.hr-invisible.av-2yvpjf-3e235c5b678770e8f3f76c5af4bd40f0{\nheight:50px;\n}\n<\/style>\n<div  class='hr av-2yvpjf-3e235c5b678770e8f3f76c5af4bd40f0 hr-invisible  avia-builder-el-10  el_after_av_textblock  el_before_av_textblock'><span class='hr-inner'><span class=\"hr-inner-style\"><\/span><\/span><\/div><br \/>\n<section  class='av_textblock_section av-krch5j77-0e3c1eba752dec90dbdb504871f40ed8'   itemscope=\"itemscope\" itemtype=\"https:\/\/schema.org\/CreativeWork\" ><div class='avia_textblock'  itemprop=\"text\" ><h3>Presentaci\u00f3n de expedientes<\/h3>\n<p>Env\u00ede los archivos finalizados y cualquier pregunta sobre su patrocinio a:<\/p>\n<p><a href=\"mailto:kmiller@polarislabs.com\">Kelsie Miller<\/a><br \/>\n<em>Responsable de eventos corporativos<\/em><\/p>\n<\/div><\/section><\/p><\/div>\n<style type=\"text\/css\" data-created_by=\"avia_inline_auto\" id=\"style-css-av-p8o5wr-633974cdfcec6693e9c4a0ddc251ffad\">\n.flex_column.av-p8o5wr-633974cdfcec6693e9c4a0ddc251ffad{\nborder-radius:0px 0px 0px 0px;\npadding:0px 0px 0px 0px;\n}\n<\/style>\n<div  class='flex_column av-p8o5wr-633974cdfcec6693e9c4a0ddc251ffad av_one_half  avia-builder-el-12  el_after_av_one_half  el_before_av_hr  flex_column_div av-zero-column-padding'     ><p>\n<style type=\"text\/css\" data-created_by=\"avia_inline_auto\" id=\"style-css-sub-av-krc86doc-5f56c1fe6ec4bea11275fd37f40839c9\">\n.av-hotspot-image-container .av-image-hotspot.av-krc83uy0-c28d83fed75b76b9c7a172c8ff928a04{\ntop:42.1%;\nleft:49.3%;\n}\n.av-hotspot-image-container .av-image-hotspot.av-krc83uy0-c28d83fed75b76b9c7a172c8ff928a04 .av-image-hotspot_inner{\nbackground-color:#f6be00;\ncolor:#f6be00;\n}\n.av-hotspot-image-container .av-image-hotspot.av-krc83uy0-c28d83fed75b76b9c7a172c8ff928a04 .av-image-hotspot-pulse{\nbackground-color:#f6be00;\n}\n.av-hotspot-image-container .av-image-hotspot.av-krc83uy0-2-2a55dc50925c08f52c0787fc2490165a{\ntop:5.4%;\nleft:40.7%;\n}\n.av-hotspot-image-container .av-image-hotspot.av-krc83uy0-2-2a55dc50925c08f52c0787fc2490165a .av-image-hotspot_inner{\nbackground-color:#f6be00;\ncolor:#f6be00;\n}\n.av-hotspot-image-container .av-image-hotspot.av-krc83uy0-2-2a55dc50925c08f52c0787fc2490165a .av-image-hotspot-pulse{\nbackground-color:#f6be00;\n}\n.av-hotspot-image-container .av-image-hotspot.av-krc83uy0-1-77c7ed8480f8b4f13e45b019a2a8cfb7{\ntop:97.7%;\nleft:54.3%;\n}\n.av-hotspot-image-container .av-image-hotspot.av-krc83uy0-1-77c7ed8480f8b4f13e45b019a2a8cfb7 .av-image-hotspot_inner{\nbackground-color:#f6be00;\ncolor:#f6be00;\n}\n.av-hotspot-image-container .av-image-hotspot.av-krc83uy0-1-77c7ed8480f8b4f13e45b019a2a8cfb7 .av-image-hotspot-pulse{\nbackground-color:#f6be00;\n}\n<\/style>\n<div  class='av-hotspot-image-container av-krc86doc-5f56c1fe6ec4bea11275fd37f40839c9  avia-builder-el-13  el_before_av_hr  avia-builder-el-first  av-hotspot-numbered av-mobile-fallback-active  av-non-fullwidth-hotspot-image'  itemprop=\"image\" itemscope=\"itemscope\" itemtype=\"https:\/\/schema.org\/ImageObject\" ><div class='av-hotspot-container'><div class='av-hotspot-container-inner-cell'><div class='av-hotspot-container-inner-wrap'><div class='av-image-hotspot av-krc83uy0-c28d83fed75b76b9c7a172c8ff928a04 av-image-hotspot-1' data-avia-tooltip-position='top' data-avia-tooltip-alignment='left' data-avia-tooltip-class='av-tt-large-width av-tt-pos-above av-tt-align-left  av-mobile-fallback-active  transparent_dark av-tt-hotspot' data-avia-tooltip='&lt;h4 style=&quot;text-align: left;&quot;&gt;Live Area&lt;\/h4&gt;&lt;p style=&quot;text-align: left;&quot;&gt;Design elements such as logos, text and images will live in this area.&lt;\/p&gt;'><div class='av-image-hotspot_inner'>1<\/div><div class='av-image-hotspot-pulse'><\/div><\/div><div class='av-image-hotspot av-krc83uy0-2-2a55dc50925c08f52c0787fc2490165a av-image-hotspot-2' data-avia-tooltip-position='top' data-avia-tooltip-alignment='left' data-avia-tooltip-class='av-tt-large-width av-tt-pos-above av-tt-align-left  av-mobile-fallback-active  transparent_dark av-tt-hotspot' data-avia-tooltip='&lt;h4 style=&quot;text-align: left;&quot;&gt;Margin&lt;\/h4&gt;&lt;p style=&quot;text-align: left;&quot;&gt;Area between elements and the trim. Keep this area free of design elements you don&#8217;t want cut off.&lt;\/p&gt;'><div class='av-image-hotspot_inner'>2<\/div><div class='av-image-hotspot-pulse'><\/div><\/div><div class='av-image-hotspot av-krc83uy0-1-77c7ed8480f8b4f13e45b019a2a8cfb7 av-image-hotspot-3' data-avia-tooltip-position='top' data-avia-tooltip-alignment='left' data-avia-tooltip-class='av-tt-large-width av-tt-pos-above av-tt-align-left  av-mobile-fallback-active  transparent_dark av-tt-hotspot' data-avia-tooltip='&lt;h4 style=&quot;text-align: left;&quot;&gt;Bleed&lt;\/h4&gt;&lt;p style=&quot;text-align: left;&quot;&gt;Area that assures coverage of your design to the edge of page when trimmed.&lt;\/p&gt;'><div class='av-image-hotspot_inner'>3<\/div><div class='av-image-hotspot-pulse'><\/div><\/div><img decoding=\"async\" fetchpriority=\"high\" class='wp-image-18737 avia-img-lazy-loading-not-18737 avia_image' src=\"https:\/\/polarislabs.com\/wp-content\/uploads\/2021\/07\/POLARIS-Labs_Half-Page-Ad_Landscape.png\" alt='' title='POLARIS Labs_Publicidad de media p\u00e1gina_Paisaje'  height=\"504\" width=\"699\"  itemprop=\"thumbnailUrl\" srcset=\"https:\/\/polarislabs.com\/wp-content\/uploads\/2021\/07\/POLARIS-Labs_Half-Page-Ad_Landscape.png 699w, https:\/\/polarislabs.com\/wp-content\/uploads\/2021\/07\/POLARIS-Labs_Half-Page-Ad_Landscape-300x216.png 300w\" sizes=\"(max-width: 699px) 100vw, 699px\" \/><\/div><\/div><\/div><div class='av-hotspot-fallback-tooltip av-image-hotspot-1'><div class=\"av-hotspot-fallback-tooltip-count\">1<div class=\"avia-arrow\"><\/div><\/div><div class=\"av-hotspot-fallback-tooltip-inner clearfix\"><\/p>\n<h4 style=\"text-align: left;\">\u00c1rea Live<\/h4>\n<p style=\"text-align: left;\">Elementos de dise\u00f1o como logotipos, texto e im\u00e1genes vivir\u00e1n en esta zona.<\/p>\n<p>\n<\/div><\/div><div class='av-hotspot-fallback-tooltip av-image-hotspot-2'><div class=\"av-hotspot-fallback-tooltip-count\">2<div class=\"avia-arrow\"><\/div><\/div><div class=\"av-hotspot-fallback-tooltip-inner clearfix\"><\/p>\n<h4 style=\"text-align: left;\">Margen<\/h4>\n<p style=\"text-align: left;\">Zona entre los elementos y la moldura. Mantenga esta zona libre de elementos de dise\u00f1o que no desee cortar.<\/p>\n<p>\n<\/div><\/div><div class='av-hotspot-fallback-tooltip av-image-hotspot-3'><div class=\"av-hotspot-fallback-tooltip-count\">3<div class=\"avia-arrow\"><\/div><\/div><div class=\"av-hotspot-fallback-tooltip-inner clearfix\"><\/p>\n<h4 style=\"text-align: left;\">Sangrar<\/h4>\n<p style=\"text-align: left;\">\u00c1rea que asegura la cobertura de su dise\u00f1o hasta el borde de la p\u00e1gina cuando se recorta.<\/p>\n<p>\n<\/div><\/div><\/div><br \/>\n\n<style type=\"text\/css\" data-created_by=\"avia_inline_auto\" id=\"style-css-av-bfx9n-693f2bb3023033ec8a4ba91fa971e909\">\n#top .hr.hr-invisible.av-bfx9n-693f2bb3023033ec8a4ba91fa971e909{\nheight:80px;\n}\n<\/style>\n<div  class='hr av-bfx9n-693f2bb3023033ec8a4ba91fa971e909 hr-invisible  avia-builder-el-14  el_after_av_image_hotspot  el_before_av_textblock  avia-builder-el-first'><span class='hr-inner'><span class=\"hr-inner-style\"><\/span><\/span><\/div><br \/>\n<section  class='av_textblock_section av-krc5sncd-37ae4eede221c667b263416eadd499b3'   itemscope=\"itemscope\" itemtype=\"https:\/\/schema.org\/CreativeWork\" ><div class='avia_textblock'  itemprop=\"text\" ><h3>Plantillas descargables<\/h3>\n<p>Para ayudarle a maquetar su expediente, disponemos de plantillas que puede descargar y utilizar.<\/p>\n<table>\n<tbody>\n<tr>\n<th valign=\"top\"><strong>Plantilla de anuncio de p\u00e1gina completa<\/strong><\/p>\n<p><a href=\"https:\/\/www2.eoilreports.com\/l\/8822\/2022-07-13\/941q22\/8822\/1657744284eM9IOapY\/POLARIS_Labs_Full_Page_Ad.pdf\"><img loading=\"lazy\" decoding=\"async\" class=\"alignnone wp-image-18371\" src=\"https:\/\/polarislabs.com\/wp-content\/uploads\/2021\/07\/Group-486@2x-80x54.png\" alt=\"\" width=\"50\" height=\"27\" \/><\/a><\/th>\n<th valign=\"top\"><strong>Plantillas de anuncios de 1\/2 p\u00e1gina<\/strong><\/p>\n<p><strong>Paisaje<br \/>\n<\/strong><a href=\"https:\/\/www2.eoilreports.com\/l\/8822\/2021-07-20\/91nbqr\/8822\/1626796419kMHEz9vk\/POLARIS_Labs_Half_Page_Ad_Landscape.pdf\"><img loading=\"lazy\" decoding=\"async\" class=\"alignnone wp-image-18371\" src=\"https:\/\/polarislabs.com\/wp-content\/uploads\/2021\/07\/Group-486@2x-80x54.png\" alt=\"\" width=\"50\" height=\"27\" \/><\/a><\/p>\n<p><strong>Retrato<br \/>\n<\/strong><a href=\"https:\/\/www2.eoilreports.com\/l\/8822\/2021-07-20\/91nbqt\/8822\/1626796523jhHDMVtW\/POLARIS_Labs_Half_Page_Ad_Portrait.pdf\"><img loading=\"lazy\" decoding=\"async\" class=\"alignnone wp-image-18371\" src=\"https:\/\/polarislabs.com\/wp-content\/uploads\/2021\/07\/Group-486@2x-80x54.png\" alt=\"\" width=\"50\" height=\"27\" \/><\/a><\/th>\n<th valign=\"top\"><strong>Plantilla de anuncio de 1\/4 de p\u00e1gina<\/strong><\/p>\n<p><a href=\"https:\/\/www2.polarislabs.com\/l\/8822\/2023-08-04\/951jfn\/8822\/1691172064pRh1NYFW\/POLARIS_Labs_Quarter_Page_Ad.pdf\"><img loading=\"lazy\" decoding=\"async\" class=\"alignnone wp-image-18371\" src=\"https:\/\/polarislabs.com\/wp-content\/uploads\/2021\/07\/Group-486@2x-80x54.png\" alt=\"\" width=\"50\" height=\"27\" \/><\/a><\/th>\n<\/tr>\n<\/tbody>\n<\/table>\n<\/div><\/section><br \/>\n\n<style type=\"text\/css\" data-created_by=\"avia_inline_auto\" id=\"style-css-av-n4tjfv-2abaf0a7928719651893462b4e479ad3\">\n#top .hr.hr-invisible.av-n4tjfv-2abaf0a7928719651893462b4e479ad3{\nheight:50px;\n}\n<\/style>\n<div  class='hr av-n4tjfv-2abaf0a7928719651893462b4e479ad3 hr-invisible  avia-builder-el-16  el_after_av_textblock  el_before_av_textblock'><span class='hr-inner'><span class=\"hr-inner-style\"><\/span><\/span><\/div><br \/>\n<section  class='av_textblock_section av-krc8vsyo-fad92f8d87cb81e7a59b124638e57120'   itemscope=\"itemscope\" itemtype=\"https:\/\/schema.org\/CreativeWork\" ><div class='avia_textblock'  itemprop=\"text\" ><h3>\u00bfNecesita m\u00e1s ayuda?<\/h3>\n<p>Si necesita m\u00e1s ayuda para crear su expediente, p\u00f3ngase en contacto con<\/p>\n<p><a href=\"mailto:rdixon@polarislabs.com\">Robert Dixon<\/a><br \/>\n<em>Especialista en dise\u00f1o multimedia<\/em><\/p>\n<\/div><\/section><\/p><\/div>\n<style type=\"text\/css\" data-created_by=\"avia_inline_auto\" id=\"style-css-av-t8xhsb-dbba69ea90e6766df4c30b84669a6dea\">\n#top .hr.hr-invisible.av-t8xhsb-dbba69ea90e6766df4c30b84669a6dea{\nheight:80px;\n}\n<\/style>\n<div  class='hr av-t8xhsb-dbba69ea90e6766df4c30b84669a6dea hr-invisible  avia-builder-el-18  el_after_av_one_half  avia-builder-el-last'><span class='hr-inner'><span class=\"hr-inner-style\"><\/span><\/span><\/div><\/p>","protected":false},"excerpt":{"rendered":"","protected":false},"author":27,"featured_media":0,"parent":0,"menu_order":0,"comment_status":"closed","ping_status":"closed","template":"","meta":{"om_disable_all_campaigns":false,"_monsterinsights_skip_tracking":false,"_monsterinsights_sitenote_active":false,"_monsterinsights_sitenote_note":"","_monsterinsights_sitenote_category":0,"footnotes":""},"class_list":["post-18731","page","type-page","status-publish","hentry"],"aioseo_notices":[],"_links":{"self":[{"href":"https:\/\/polarislabs.com\/es\/wp-json\/wp\/v2\/pages\/18731","targetHints":{"allow":["GET"]}}],"collection":[{"href":"https:\/\/polarislabs.com\/es\/wp-json\/wp\/v2\/pages"}],"about":[{"href":"https:\/\/polarislabs.com\/es\/wp-json\/wp\/v2\/types\/page"}],"author":[{"embeddable":true,"href":"https:\/\/polarislabs.com\/es\/wp-json\/wp\/v2\/users\/27"}],"replies":[{"embeddable":true,"href":"https:\/\/polarislabs.com\/es\/wp-json\/wp\/v2\/comments?post=18731"}],"version-history":[{"count":0,"href":"https:\/\/polarislabs.com\/es\/wp-json\/wp\/v2\/pages\/18731\/revisions"}],"wp:attachment":[{"href":"https:\/\/polarislabs.com\/es\/wp-json\/wp\/v2\/media?parent=18731"}],"curies":[{"name":"wp","href":"https:\/\/api.w.org\/{rel}","templated":true}]}}