{"id":19904,"date":"2022-02-16T13:13:59","date_gmt":"2022-02-16T18:13:59","guid":{"rendered":"https:\/\/polarislabs.com\/book-download-engine-cooling-system-maintenance-and-analysis-elc3-copy\/"},"modified":"2022-02-17T16:06:49","modified_gmt":"2022-02-17T21:06:49","slug":"book-download-engine-cooling-system-maintenance-and-analysis-ad","status":"publish","type":"page","link":"https:\/\/polarislabs.com\/es\/book-download-engine-cooling-system-maintenance-and-analysis-ad\/","title":{"rendered":"Descarga de libros: Mantenimiento y an\u00e1lisis del sistema de refrigeraci\u00f3n del motor-Ad"},"content":{"rendered":"<div  class='flex_column av-1pzy7wl-e3dc677b7e36340745b797d5f4acd346 av_three_fifth  avia-builder-el-0  el_before_av_two_fifth  avia-builder-el-first  first flex_column_div'     ><p>\n<style type=\"text\/css\" data-created_by=\"avia_inline_auto\" id=\"style-css-av-kzinz0xh-11b609111fb9445d25961b50a5c91398\">\n#top .av-special-heading.av-kzinz0xh-11b609111fb9445d25961b50a5c91398{\npadding-bottom:10px;\n}\nbody .av-special-heading.av-kzinz0xh-11b609111fb9445d25961b50a5c91398 .av-special-heading-tag .heading-char{\nfont-size:25px;\n}\n.av-special-heading.av-kzinz0xh-11b609111fb9445d25961b50a5c91398 .av-subheading{\nfont-size:15px;\n}\n<\/style>\n<div  class='av-special-heading av-kzinz0xh-11b609111fb9445d25961b50a5c91398 av-special-heading-h3  avia-builder-el-1  el_before_av_textblock  avia-builder-el-first'><h3 class='av-special-heading-tag'  itemprop=\"headline\"  >Mantenimiento y an\u00e1lisis del sistema de refrigeraci\u00f3n del motor<\/h3><div class=\"special-heading-border\"><div class=\"special-heading-inner-border\"><\/div><\/div><\/div><br \/>\n<section  class='av_textblock_section av-kzioi9nu-18cd5a299e44fb585082eebfdfe7de35'   itemscope=\"itemscope\" itemtype=\"https:\/\/schema.org\/CreativeWork\" ><div class='avia_textblock'  itemprop=\"text\" ><p>Escrito por:<\/p>\n<p>Emily Featherston, Supervisora de aplicaciones de productos, POLARIS Laboratories\u00ae.<\/p>\n<\/div><\/section><br \/>\n\n<style type=\"text\/css\" data-created_by=\"avia_inline_auto\" id=\"style-css-av-kzio1s42-a555559a2fc978967def1ec6d78da1a5\">\n.avia-image-container.av-kzio1s42-a555559a2fc978967def1ec6d78da1a5 img.avia_image{\nbox-shadow:none;\n}\n.avia-image-container.av-kzio1s42-a555559a2fc978967def1ec6d78da1a5 .av-image-caption-overlay-center{\ncolor:#ffffff;\n}\n<\/style>\n<div  class='avia-image-container av-kzio1s42-a555559a2fc978967def1ec6d78da1a5 av-styling- avia-align-center  avia-builder-el-3  el_after_av_textblock  el_before_av_textblock'   itemprop=\"image\" itemscope=\"itemscope\" itemtype=\"https:\/\/schema.org\/ImageObject\" ><div class=\"avia-image-container-inner\"><div class=\"avia-image-overlay-wrap\"><img decoding=\"async\" fetchpriority=\"high\" class='wp-image-19848 avia-img-lazy-loading-not-19848 avia_image' src=\"https:\/\/polarislabs.com\/wp-content\/uploads\/2022\/02\/Book-graphic-for-landing-page-1.png\" alt='' title='Gr\u00e1fico de libro para p\u00e1gina de aterrizaje'  height=\"396\" width=\"854\"  itemprop=\"thumbnailUrl\" srcset=\"https:\/\/polarislabs.com\/wp-content\/uploads\/2022\/02\/Book-graphic-for-landing-page-1.png 854w, https:\/\/polarislabs.com\/wp-content\/uploads\/2022\/02\/Book-graphic-for-landing-page-1-300x139.png 300w, https:\/\/polarislabs.com\/wp-content\/uploads\/2022\/02\/Book-graphic-for-landing-page-1-768x356.png 768w, https:\/\/polarislabs.com\/wp-content\/uploads\/2022\/02\/Book-graphic-for-landing-page-1-705x327.png 705w\" sizes=\"(max-width: 854px) 100vw, 854px\" \/><\/div><\/div><\/div><br \/>\n<section  class='av_textblock_section av-kzinzrys-0e97a2822570f8022631cf1107b6f1a0'   itemscope=\"itemscope\" itemtype=\"https:\/\/schema.org\/CreativeWork\" ><div class='avia_textblock'  itemprop=\"text\" ><p>Comprender el mantenimiento del sistema de refrigeraci\u00f3n, los componentes del sistema de refrigeraci\u00f3n, las f\u00f3rmulas del refrigerante, las pruebas y los an\u00e1lisis.<\/p>\n<ul>\n<li>Componentes del sistema de refrigeraci\u00f3n<\/li>\n<li>Finalidad de un anticongelante\/refrigerante<\/li>\n<li>Funciones de los inhibidores de la refrigeraci\u00f3n<\/li>\n<li>Tipos de inhibidores de corrosi\u00f3n para diferentes formulaciones de refrigerantes<\/li>\n<li>Diferentes colores de refrigerante e inhibidores de mezcla<\/li>\n<li>Pruebas de campo y toma de muestras de refrigerante<\/li>\n<li>Pruebas de laboratorio para refrigerantes<\/li>\n<li>Interpretaci\u00f3n de conciertos a partir de informes de an\u00e1lisis<\/li>\n<li>Directrices para la gesti\u00f3n del mantenimiento<\/li>\n<\/ul>\n<\/div><\/section><\/p><\/div>\n<div  class='flex_column av-1b0jhtx-a13626eb8927323199c4fd6109c00452 av_two_fifth  avia-builder-el-5  el_after_av_three_fifth  avia-builder-el-last  flex_column_div'     ><p>\n<style type=\"text\/css\" data-created_by=\"avia_inline_auto\" id=\"style-css-av-kzinypsz-b0950c114f5afecb572f926ed863210d\">\n#top .av-special-heading.av-kzinypsz-b0950c114f5afecb572f926ed863210d{\npadding-bottom:10px;\n}\nbody .av-special-heading.av-kzinypsz-b0950c114f5afecb572f926ed863210d .av-special-heading-tag .heading-char{\nfont-size:25px;\n}\n.av-special-heading.av-kzinypsz-b0950c114f5afecb572f926ed863210d .av-subheading{\nfont-size:15px;\n}\n<\/style>\n<div  class='av-special-heading av-kzinypsz-b0950c114f5afecb572f926ed863210d av-special-heading-h3  avia-builder-el-6  el_before_av_codeblock  avia-builder-el-first'><h3 class='av-special-heading-tag'  itemprop=\"headline\"  >Descargar el libro gratis<\/h3><div class=\"special-heading-border\"><div class=\"special-heading-inner-border\"><\/div><\/div><\/div><br \/>\n<\/p><\/div>","protected":false},"excerpt":{"rendered":"","protected":false},"author":24,"featured_media":0,"parent":0,"menu_order":0,"comment_status":"closed","ping_status":"closed","template":"","meta":{"om_disable_all_campaigns":false,"_monsterinsights_skip_tracking":false,"_monsterinsights_sitenote_active":false,"_monsterinsights_sitenote_note":"","_monsterinsights_sitenote_category":0,"footnotes":""},"class_list":["post-19904","page","type-page","status-publish","hentry"],"aioseo_notices":[],"_links":{"self":[{"href":"https:\/\/polarislabs.com\/es\/wp-json\/wp\/v2\/pages\/19904","targetHints":{"allow":["GET"]}}],"collection":[{"href":"https:\/\/polarislabs.com\/es\/wp-json\/wp\/v2\/pages"}],"about":[{"href":"https:\/\/polarislabs.com\/es\/wp-json\/wp\/v2\/types\/page"}],"author":[{"embeddable":true,"href":"https:\/\/polarislabs.com\/es\/wp-json\/wp\/v2\/users\/24"}],"replies":[{"embeddable":true,"href":"https:\/\/polarislabs.com\/es\/wp-json\/wp\/v2\/comments?post=19904"}],"version-history":[{"count":0,"href":"https:\/\/polarislabs.com\/es\/wp-json\/wp\/v2\/pages\/19904\/revisions"}],"wp:attachment":[{"href":"https:\/\/polarislabs.com\/es\/wp-json\/wp\/v2\/media?parent=19904"}],"curies":[{"name":"wp","href":"https:\/\/api.w.org\/{rel}","templated":true}]}}