{"id":19970,"date":"2022-02-25T09:15:11","date_gmt":"2022-02-25T14:15:11","guid":{"rendered":"https:\/\/polarislabs.com\/2022-summit-register-copy\/"},"modified":"2022-05-24T10:27:11","modified_gmt":"2022-05-24T14:27:11","slug":"2022-summit-schedule","status":"publish","type":"page","link":"https:\/\/polarislabs.com\/es\/2022-summit-schedule\/","title":{"rendered":"MISI\u00d3N: FIABILIDAD Calendario"},"content":{"rendered":"<style type=\"text\/css\" data-created_by=\"avia_inline_auto\" id=\"style-css-av-kzwxi4j6-91fa88a126f13fb34d7c378b9e79fd56\">\n#top .hr.hr-invisible.av-kzwxi4j6-91fa88a126f13fb34d7c378b9e79fd56{\nheight:50px;\n}\n<\/style>\n<div  class='hr av-kzwxi4j6-91fa88a126f13fb34d7c378b9e79fd56 hr-invisible  avia-builder-el-0  el_before_av_one_full  avia-builder-el-first'><span class='hr-inner'><span class=\"hr-inner-style\"><\/span><\/span><\/div>\n<div  class='flex_column av-qdc1aj-91c467af22599cc9c37b553c02585b62 av_one_full  avia-builder-el-1  el_after_av_hr  el_before_av_section  avia-builder-el-last  first flex_column_div'     ><style type=\"text\/css\" data-created_by=\"avia_inline_auto\" id=\"style-css-av-kmyzu64j-5bb17bdd5803d83b1d58df1505e538c6\">\n#top .av_textblock_section.av-kmyzu64j-5bb17bdd5803d83b1d58df1505e538c6 .avia_textblock{\nfont-size:40px;\ncolor:#003a70;\n}\n<\/style>\n<section  class='av_textblock_section av-kmyzu64j-5bb17bdd5803d83b1d58df1505e538c6'   itemscope=\"itemscope\" itemtype=\"https:\/\/schema.org\/CreativeWork\" ><div class='avia_textblock av_inherit_color'  itemprop=\"text\" ><h2 style=\"text-align: center;\"><strong>Cumbre de clientes 2022<br \/>\nHorario<\/strong><\/h2>\n<\/div><\/section><\/div>\n<\/div><\/div><\/div><!-- close content main div --><\/div><\/div>\n<style type=\"text\/css\" data-created_by=\"avia_inline_auto\" id=\"style-css-av-knapu3k1-837739c25ec759d4832263327cb390f9\">\n.avia-section.av-knapu3k1-837739c25ec759d4832263327cb390f9{\nbackground-color:#f2f5fa;\nbackground-image:unset;\n}\n<\/style>\n<div id='av_section_1'  class='avia-section av-knapu3k1-837739c25ec759d4832263327cb390f9 main_color avia-section-default avia-no-border-styling  avia-builder-el-3  el_after_av_one_full  avia-builder-el-last  avia-bg-style-scroll container_wrap sidebar_right'  ><div class='container av-section-cont-open' ><div class='template-page content  av-content-small alpha units'><div class='post-entry post-entry-type-page post-entry-19970'><div class='entry-content-wrapper clearfix'>\n\n<style type=\"text\/css\" data-created_by=\"avia_inline_auto\" id=\"style-css-av-105dnaj-66075c61a21d65b19286306e454bcb09\">\n.flex_column.av-105dnaj-66075c61a21d65b19286306e454bcb09{\nborder-radius:0px 0px 0px 0px;\npadding:0px 0px 0px 0px;\n}\n<\/style>\n<div  class='flex_column av-105dnaj-66075c61a21d65b19286306e454bcb09 av_one_third  avia-builder-el-4  el_before_av_two_third  avia-builder-el-first  first flex_column_div av-zero-column-padding'     ><p>\n<style type=\"text\/css\" data-created_by=\"avia_inline_auto\" id=\"style-css-av-kzwxflgc-325810fe0f8194158f2fa2d7d9a86aba\">\n#top .av_textblock_section.av-kzwxflgc-325810fe0f8194158f2fa2d7d9a86aba .avia_textblock{\nfont-size:40px;\ncolor:#003a70;\n}\n<\/style>\n<section  class='av_textblock_section av-kzwxflgc-325810fe0f8194158f2fa2d7d9a86aba'   itemscope=\"itemscope\" itemtype=\"https:\/\/schema.org\/CreativeWork\" ><div class='avia_textblock av_inherit_color'  itemprop=\"text\" ><p><a href=\"https:\/\/polarislabs.com\/wp-content\/uploads\/2022\/02\/MR-Logo.png\"><img loading=\"lazy\" decoding=\"async\" class=\"aligncenter wp-image-19941\" src=\"https:\/\/polarislabs.com\/wp-content\/uploads\/2022\/02\/MR-Logo-1030x270.png\" alt=\"\" width=\"500\" height=\"131\" srcset=\"https:\/\/polarislabs.com\/wp-content\/uploads\/2022\/02\/MR-Logo-1030x270.png 1030w, https:\/\/polarislabs.com\/wp-content\/uploads\/2022\/02\/MR-Logo-300x79.png 300w, https:\/\/polarislabs.com\/wp-content\/uploads\/2022\/02\/MR-Logo-768x202.png 768w, https:\/\/polarislabs.com\/wp-content\/uploads\/2022\/02\/MR-Logo-705x185.png 705w, https:\/\/polarislabs.com\/wp-content\/uploads\/2022\/02\/MR-Logo.png 1158w\" sizes=\"auto, (max-width: 500px) 100vw, 500px\" \/><\/a><\/p>\n<\/div><\/section><br \/>\n<section  class='av_textblock_section av-knfa9jmp-5567624b5973f1b3d3ffce6a58f67c7d'   itemscope=\"itemscope\" itemtype=\"https:\/\/schema.org\/CreativeWork\" ><div class='avia_textblock'  itemprop=\"text\" ><p data-pm-slice=\"1 1 &#091;&#093;\">Vis\u00edtenos a menudo, ya que se a\u00f1adir\u00e1n nuevas sesiones al programa.<\/p>\n<\/div><\/section><br \/>\n\n<style type=\"text\/css\" data-created_by=\"avia_inline_auto\" id=\"style-css-av-knfalfjd-4c8c804bd6219ea3da5569c4e6871ce0\">\n#top .hr.hr-invisible.av-knfalfjd-4c8c804bd6219ea3da5569c4e6871ce0{\nheight:30px;\n}\n<\/style>\n<div  class='hr av-knfalfjd-4c8c804bd6219ea3da5569c4e6871ce0 hr-invisible  avia-builder-el-7  el_after_av_textblock  el_before_av_textblock'><span class='hr-inner'><span class=\"hr-inner-style\"><\/span><\/span><\/div><br \/>\n\n<style type=\"text\/css\" data-created_by=\"avia_inline_auto\" id=\"style-css-av-kokhdqnh-48dd9b1a0bb0fb03e3a11b481efe9b81\">\n#top .av_textblock_section.av-kokhdqnh-48dd9b1a0bb0fb03e3a11b481efe9b81 .avia_textblock{\ncolor:#06aed5;\n}\n<\/style>\n<section  class='av_textblock_section av-kokhdqnh-48dd9b1a0bb0fb03e3a11b481efe9b81'   itemscope=\"itemscope\" itemtype=\"https:\/\/schema.org\/CreativeWork\" ><div class='avia_textblock av_inherit_color'  itemprop=\"text\" ><p><a href=\"https:\/\/polarislabs.com\/es\/2022summit\/\"><strong>\u2b05 RET<\/strong><strong>IR A LA P\u00c1GINA DE LA CUMBRE<\/strong><\/a><\/p>\n<\/div><\/section><\/p><\/div>\n<style type=\"text\/css\" data-created_by=\"avia_inline_auto\" id=\"style-css-av-o0bc3v-d126cec63a2db9ad8550baa67a895f1d\">\n.flex_column.av-o0bc3v-d126cec63a2db9ad8550baa67a895f1d{\nborder-width:40px;\nborder-color:#ffffff;\nborder-style:solid;\nborder-radius:0px 0px 0px 0px;\npadding:0px 0px 0px 0px;\nbackground-color:#ffffff;\n}\n<\/style>\n<div  class='flex_column av-o0bc3v-d126cec63a2db9ad8550baa67a895f1d av_two_third  avia-builder-el-9  el_after_av_one_third  el_before_av_hr  flex_column_div av-zero-column-padding'     ><\/div>\n<style type=\"text\/css\" data-created_by=\"avia_inline_auto\" id=\"style-css-av-rxh7mz-3224e36923b8885a9393c0a3ec4bdb45\">\n#top .hr.hr-invisible.av-rxh7mz-3224e36923b8885a9393c0a3ec4bdb45{\nheight:50px;\n}\n<\/style>\n<div  class='hr av-rxh7mz-3224e36923b8885a9393c0a3ec4bdb45 hr-invisible  avia-builder-el-11  el_after_av_two_third  el_before_av_hr'><span class='hr-inner'><span class=\"hr-inner-style\"><\/span><\/span><\/div>\n\n<style type=\"text\/css\" data-created_by=\"avia_inline_auto\" id=\"style-css-av-pe7gln-2aa0b145bec8a45177f0484a52ecf9d0\">\n#top .hr.hr-invisible.av-pe7gln-2aa0b145bec8a45177f0484a52ecf9d0{\nheight:50px;\n}\n<\/style>\n<div  class='hr av-pe7gln-2aa0b145bec8a45177f0484a52ecf9d0 hr-invisible  avia-builder-el-12  el_after_av_hr  avia-builder-el-last'><span class='hr-inner'><span class=\"hr-inner-style\"><\/span><\/span><\/div>\n<\/div><\/div><\/div><!-- close content main div --><\/div><\/div><div id='after_section_1'  class='main_color av_default_container_wrap container_wrap sidebar_right'  ><div class='container av-section-cont-open' ><div class='template-page content  av-content-small alpha units'><div class='post-entry post-entry-type-page post-entry-19970'><div class='entry-content-wrapper clearfix'>","protected":false},"excerpt":{"rendered":"","protected":false},"author":27,"featured_media":0,"parent":0,"menu_order":0,"comment_status":"closed","ping_status":"closed","template":"","meta":{"om_disable_all_campaigns":false,"_monsterinsights_skip_tracking":false,"_monsterinsights_sitenote_active":false,"_monsterinsights_sitenote_note":"","_monsterinsights_sitenote_category":0,"footnotes":""},"class_list":["post-19970","page","type-page","status-publish","hentry"],"aioseo_notices":[],"_links":{"self":[{"href":"https:\/\/polarislabs.com\/es\/wp-json\/wp\/v2\/pages\/19970","targetHints":{"allow":["GET"]}}],"collection":[{"href":"https:\/\/polarislabs.com\/es\/wp-json\/wp\/v2\/pages"}],"about":[{"href":"https:\/\/polarislabs.com\/es\/wp-json\/wp\/v2\/types\/page"}],"author":[{"embeddable":true,"href":"https:\/\/polarislabs.com\/es\/wp-json\/wp\/v2\/users\/27"}],"replies":[{"embeddable":true,"href":"https:\/\/polarislabs.com\/es\/wp-json\/wp\/v2\/comments?post=19970"}],"version-history":[{"count":0,"href":"https:\/\/polarislabs.com\/es\/wp-json\/wp\/v2\/pages\/19970\/revisions"}],"wp:attachment":[{"href":"https:\/\/polarislabs.com\/es\/wp-json\/wp\/v2\/media?parent=19970"}],"curies":[{"name":"wp","href":"https:\/\/api.w.org\/{rel}","templated":true}]}}