{"id":20027,"date":"2022-03-10T10:53:12","date_gmt":"2022-03-10T15:53:12","guid":{"rendered":"https:\/\/polarislabs.com\/new-year-equals-better-maintenance-copy\/"},"modified":"2022-03-17T14:15:59","modified_gmt":"2022-03-17T18:15:59","slug":"connect-fluid-analysis-data-with-equipment-maintenance","status":"publish","type":"page","link":"https:\/\/polarislabs.com\/es\/connect-fluid-analysis-data-with-equipment-maintenance\/","title":{"rendered":"Conecte los datos de an\u00e1lisis de fluidos con el mantenimiento de los equipos"},"content":{"rendered":"<style type=\"text\/css\" data-created_by=\"avia_inline_auto\" id=\"style-css-av-vi2uqd-fad919349d5889212aca279e14f06aa9\">\n.avia-section.av-vi2uqd-fad919349d5889212aca279e14f06aa9{\nbackground-color:#003a70;\nbackground-image:unset;\n}\n.avia-section.av-vi2uqd-fad919349d5889212aca279e14f06aa9 .av-section-color-overlay{\nopacity:0.5;\nbackground-color:#003a70;\n}\n<\/style>\n<div id='av_section_1'  class='avia-section av-vi2uqd-fad919349d5889212aca279e14f06aa9 main_color avia-section-default avia-no-border-styling  avia-builder-el-0  el_before_av_one_fifth  avia-builder-el-first  avia-bg-style-parallax av-section-color-overlay-active av-minimum-height av-minimum-height-60 av-height-percent  container_wrap sidebar_right'   data-av_minimum_height_pc='60' data-av_min_height_opt='percent'><div class=\"av-section-color-overlay-wrap\"><div class=\"av-section-color-overlay\"><\/div><div class='container av-section-cont-open' ><main  role=\"main\" itemprop=\"mainContentOfPage\"  class='template-page content  av-content-small alpha units'><div class='post-entry post-entry-type-page post-entry-20027'><div class='entry-content-wrapper clearfix'>\n<div  class='hr av-aqtr6j-544b0e47c302c53596b7b357c1035677 hr-default  avia-builder-el-1  el_before_av_one_full  avia-builder-el-first'><span class='hr-inner'><span class=\"hr-inner-style\"><\/span><\/span><\/div>\n<div  class='flex_column av-2plywyj-275a05fa18d3645da876727325f475b3 av_one_full  avia-builder-el-2  el_after_av_hr  el_before_av_hr  first flex_column_div'     ><style type=\"text\/css\" data-created_by=\"avia_inline_auto\" id=\"style-css-av-kwwkwsun-ca45f57bed470537317ba190991ed270\">\n#top .av_textblock_section.av-kwwkwsun-ca45f57bed470537317ba190991ed270 .avia_textblock{\ncolor:#ffffff;\n}\n\n@media only screen and (min-width: 480px) and (max-width: 767px){ \n#top .av_textblock_section.av-kwwkwsun-ca45f57bed470537317ba190991ed270 .avia_textblock{\nfont-size:40px;\n}\n}\n\n@media only screen and (max-width: 479px){ \n#top .av_textblock_section.av-kwwkwsun-ca45f57bed470537317ba190991ed270 .avia_textblock{\nfont-size:40px;\n}\n}\n<\/style>\n<section  class='av_textblock_section av-kwwkwsun-ca45f57bed470537317ba190991ed270'   itemscope=\"itemscope\" itemtype=\"https:\/\/schema.org\/CreativeWork\" ><div class='avia_textblock av_inherit_color'  itemprop=\"text\" ><h2 style=\"text-align: center;\"><span style=\"color: #ffffff;\">Conecte los datos de an\u00e1lisis de fluidos con el mantenimiento de los equipos<\/span><\/h2>\n<\/div><\/section><\/div><div  class='hr av-2311nkr-da2c47a4912b515946204184e934f8be hr-default  avia-builder-el-4  el_after_av_one_full  el_before_av_one_fifth'><span class='hr-inner'><span class=\"hr-inner-style\"><\/span><\/span><\/div>\n<div class='flex_column_table av-1t00ecb-ca71189031f7dbcb12432f1a960bbdbb sc-av_one_fifth av-equal-height-column-flextable'>\n<style type=\"text\/css\" data-created_by=\"avia_inline_auto\" id=\"style-css-av-1t00ecb-ca71189031f7dbcb12432f1a960bbdbb\">\n#top .flex_column_table.av-equal-height-column-flextable.av-1t00ecb-ca71189031f7dbcb12432f1a960bbdbb{\nmargin-top:0px;\nmargin-bottom:0px;\n}\n.flex_column.av-1t00ecb-ca71189031f7dbcb12432f1a960bbdbb{\nborder-width:40px;\nborder-color:#003a70;\nborder-style:solid;\nborder-radius:0px 0px 0px 0px;\npadding:0px 0px 0px 0;\nbackground-color:#003a70;\n}\n<\/style>\n<div  class='flex_column av-1t00ecb-ca71189031f7dbcb12432f1a960bbdbb av_one_fifth  avia-builder-el-5  el_after_av_hr  el_before_av_three_fifth  first no_margin flex_column_table_cell av-equal-height-column av-align-middle'     ><\/div>\n<style type=\"text\/css\" data-created_by=\"avia_inline_auto\" id=\"style-css-av-zkntob-27b74822ee7683cdcc2107b5c09a318e\">\n#top .flex_column_table.av-equal-height-column-flextable.av-zkntob-27b74822ee7683cdcc2107b5c09a318e{\nmargin-top:0px;\nmargin-bottom:0px;\n}\n<\/style>\n<div  class='flex_column av-zkntob-27b74822ee7683cdcc2107b5c09a318e av_three_fifth  avia-builder-el-6  el_after_av_one_fifth  el_before_av_one_fifth  no_margin flex_column_table_cell av-equal-height-column av-align-middle'     ><style type=\"text\/css\" data-created_by=\"avia_inline_auto\" id=\"style-css-av-kuwtj1cv-d6a2c4d6c194cac5c19d6357e3a7025b\">\n.avia-image-container.av-kuwtj1cv-d6a2c4d6c194cac5c19d6357e3a7025b img.avia_image{\nbox-shadow:none;\n}\n.avia-image-container.av-kuwtj1cv-d6a2c4d6c194cac5c19d6357e3a7025b .av-image-caption-overlay-center{\ncolor:#ffffff;\n}\n<\/style>\n<div  class='avia-image-container av-kuwtj1cv-d6a2c4d6c194cac5c19d6357e3a7025b av-styling- avia-align-center  avia-builder-el-7  avia-builder-el-no-sibling'   itemprop=\"image\" itemscope=\"itemscope\" itemtype=\"https:\/\/schema.org\/ImageObject\" ><div class=\"avia-image-container-inner\"><div class=\"avia-image-overlay-wrap\"><img decoding=\"async\" fetchpriority=\"high\" class='wp-image-19918 avia-img-lazy-loading-not-19918 avia_image' src=\"https:\/\/polarislabs.com\/wp-content\/uploads\/2022\/02\/iStock-1318623693-1500x430.jpg\" alt='' title='Computaci\u00f3n en nube'  height=\"430\" width=\"1500\"  itemprop=\"thumbnailUrl\"  \/><\/div><\/div><\/div><\/div>\n<style type=\"text\/css\" data-created_by=\"avia_inline_auto\" id=\"style-css-av-ma3lmj-ceb01245367eedab6237e11e8b58107c\">\n#top .flex_column_table.av-equal-height-column-flextable.av-ma3lmj-ceb01245367eedab6237e11e8b58107c{\nmargin-top:0px;\nmargin-bottom:0px;\n}\n.flex_column.av-ma3lmj-ceb01245367eedab6237e11e8b58107c{\nborder-width:40px;\nborder-color:#003a70;\nborder-style:solid;\nborder-radius:0px 0px 0px 0px;\npadding:0px 0px 0px 0;\nbackground-color:#003a70;\n}\n<\/style>\n<div  class='flex_column av-ma3lmj-ceb01245367eedab6237e11e8b58107c av_one_fifth  avia-builder-el-8  el_after_av_three_fifth  avia-builder-el-last  no_margin flex_column_table_cell av-equal-height-column av-align-middle'     ><\/div><\/div><!--close column table wrapper. Autoclose: 1 -->\n<\/div><\/div><\/main><!-- close content main element --><\/div><\/div><\/div><div id='after_section_1'  class='main_color av_default_container_wrap container_wrap sidebar_right'  ><div class='container av-section-cont-open' ><div class='template-page content  av-content-small alpha units'><div class='post-entry post-entry-type-page post-entry-20027'><div class='entry-content-wrapper clearfix'>\n<div class='flex_column_table av-5xvaot-cb8b779906576221091f0b8a0ee959fe sc-av_one_fifth av-equal-height-column-flextable'>\n<style type=\"text\/css\" data-created_by=\"avia_inline_auto\" id=\"style-css-av-5xvaot-cb8b779906576221091f0b8a0ee959fe\">\n#top .flex_column_table.av-equal-height-column-flextable.av-5xvaot-cb8b779906576221091f0b8a0ee959fe{\nmargin-top:0px;\nmargin-bottom:0px;\n}\n.flex_column.av-5xvaot-cb8b779906576221091f0b8a0ee959fe{\nborder-width:40px;\nborder-color:#003a70;\nborder-style:solid;\nborder-radius:0px 0px 0px 0px;\npadding:0px 0px 0px 0;\nbackground-color:#003a70;\n}\n<\/style>\n<div  class='flex_column av-5xvaot-cb8b779906576221091f0b8a0ee959fe av_one_fifth  avia-builder-el-9  el_after_av_section  el_before_av_three_fifth  avia-builder-el-first  first no_margin flex_column_table_cell av-equal-height-column av-align-middle'     ><\/div>\n\n<style type=\"text\/css\" data-created_by=\"avia_inline_auto\" id=\"style-css-av-19n076l-8389b9e44faf02da7e7e5b5bdbbb8b81\">\n#top .flex_column_table.av-equal-height-column-flextable.av-19n076l-8389b9e44faf02da7e7e5b5bdbbb8b81{\nmargin-top:0px;\nmargin-bottom:0px;\n}\n.flex_column.av-19n076l-8389b9e44faf02da7e7e5b5bdbbb8b81{\nborder-width:40px;\nborder-color:#003a70;\nborder-style:solid;\nborder-radius:0px 0px 0px 0px;\npadding:0px 0px 0px 0;\nbackground-color:#003a70;\n}\n<\/style>\n<div  class='flex_column av-19n076l-8389b9e44faf02da7e7e5b5bdbbb8b81 av_three_fifth  avia-builder-el-10  el_after_av_one_fifth  el_before_av_one_fifth  no_margin flex_column_table_cell av-equal-height-column av-align-middle'     ><section  class='av_textblock_section av-kqs7rl2u-b3588f9c5a56e693c5ba2f7bc3a2dd7c'   itemscope=\"itemscope\" itemtype=\"https:\/\/schema.org\/CreativeWork\" ><div class='avia_textblock'  itemprop=\"text\" ><p><span style=\"color: #ffffff;\">Como su socio de fiabilidad y an\u00e1lisis de fluidos, estamos aqu\u00ed para ayudarle y proporcionarle toda la asistencia que podamos para ayudarle a navegar en su viaje de fiabilidad. Con nuestras integraciones API DataConnect, le facilitamos la gesti\u00f3n eficaz de sus datos para mejorar su programa de mantenimiento.<br \/>\n<\/span><\/p>\n<\/div><\/section><\/div>\n\n<style type=\"text\/css\" data-created_by=\"avia_inline_auto\" id=\"style-css-av-x1xbtp-4c6ac31bb28d820d8dfa043b2aa0f717\">\n#top .flex_column_table.av-equal-height-column-flextable.av-x1xbtp-4c6ac31bb28d820d8dfa043b2aa0f717{\nmargin-top:0px;\nmargin-bottom:0px;\n}\n.flex_column.av-x1xbtp-4c6ac31bb28d820d8dfa043b2aa0f717{\nborder-width:40px;\nborder-color:#003a70;\nborder-style:solid;\nborder-radius:0px 0px 0px 0px;\npadding:0px 0px 0px 0;\nbackground-color:#003a70;\n}\n<\/style>\n<div  class='flex_column av-x1xbtp-4c6ac31bb28d820d8dfa043b2aa0f717 av_one_fifth  avia-builder-el-12  el_after_av_three_fifth  el_before_av_section  avia-builder-el-last  no_margin flex_column_table_cell av-equal-height-column av-align-middle'     ><\/div><\/div><!--close column table wrapper. Autoclose: 1 -->\n<\/div><\/div><\/div><!-- close content main div --><\/div><\/div><div id='av_section_2'  class='avia-section av-2fs2uej-d1084cdb48272bd5c267edf98cb634e9 main_color avia-section-default avia-no-border-styling  avia-builder-el-13  el_after_av_one_fifth  el_before_av_hr  avia-bg-style-scroll container_wrap sidebar_right'  ><div class='container av-section-cont-open' ><div class='template-page content  av-content-small alpha units'><div class='post-entry post-entry-type-page post-entry-20027'><div class='entry-content-wrapper clearfix'>\n\n<style type=\"text\/css\" data-created_by=\"avia_inline_auto\" id=\"style-css-av-16twtib-8ba9bf97cd0d0ae67156572b62aca0ef\">\n.flex_column.av-16twtib-8ba9bf97cd0d0ae67156572b62aca0ef{\nborder-radius:0px 0px 0px 0px;\npadding:0px 0px 0px 0px;\n}\n<\/style>\n<div  class='flex_column av-16twtib-8ba9bf97cd0d0ae67156572b62aca0ef av_one_half  avia-builder-el-14  el_before_av_one_half  avia-builder-el-first  first flex_column_div av-zero-column-padding'     ><p>\n<style type=\"text\/css\" data-created_by=\"avia_inline_auto\" id=\"style-css-av-l0l6tjjs-fea908be55e1b386f4b02c45754cccf2\">\n#top .av-special-heading.av-l0l6tjjs-fea908be55e1b386f4b02c45754cccf2{\npadding-bottom:10px;\n}\nbody .av-special-heading.av-l0l6tjjs-fea908be55e1b386f4b02c45754cccf2 .av-special-heading-tag .heading-char{\nfont-size:25px;\n}\n.av-special-heading.av-l0l6tjjs-fea908be55e1b386f4b02c45754cccf2 .av-subheading{\nfont-size:15px;\n}\n<\/style>\n<div  class='av-special-heading av-l0l6tjjs-fea908be55e1b386f4b02c45754cccf2 av-special-heading-h3  avia-builder-el-15  el_before_av_textblock  avia-builder-el-first'><h3 class='av-special-heading-tag'  itemprop=\"headline\"  >Estudio de caso: Vea c\u00f3mo la integraci\u00f3n de datos puede funcionar para usted<\/h3><div class=\"special-heading-border\"><div class=\"special-heading-inner-border\"><\/div><\/div><\/div><br \/>\n<section  class='av_textblock_section av-kwxmj0hx-3047a4d760777130e7b6ac893e2f48e5'   itemscope=\"itemscope\" itemtype=\"https:\/\/schema.org\/CreativeWork\" ><div class='avia_textblock'  itemprop=\"text\" ><p>Vea c\u00f3mo un productor de carb\u00f3n integr\u00f3 sus datos de muestras de an\u00e1lisis de fluidos con su sistema de gesti\u00f3n de mantenimiento y pudo automatizar las \u00f3rdenes de trabajo en funci\u00f3n de la gravedad de los informes, los l\u00edmites personalizados de los resultados de los informes y la detecci\u00f3n de metales de desgaste.<\/p>\n<\/div><\/section><\/p><\/div>\n<style type=\"text\/css\" data-created_by=\"avia_inline_auto\" id=\"style-css-av-onyan7-e5808eb2be5eaf76baf91fd9516c8d10\">\n.flex_column.av-onyan7-e5808eb2be5eaf76baf91fd9516c8d10{\nborder-radius:0px 0px 0px 0px;\npadding:0px 0px 0px 0px;\n}\n<\/style>\n<div  class='flex_column av-onyan7-e5808eb2be5eaf76baf91fd9516c8d10 av_one_half  avia-builder-el-17  el_after_av_one_half  el_before_av_one_half  flex_column_div av-zero-column-padding'     ><style type=\"text\/css\" data-created_by=\"avia_inline_auto\" id=\"style-css-av-v412nv-470c84a4dc37df6eb359e9a56c1cc312\">\n.avia-image-container.av-v412nv-470c84a4dc37df6eb359e9a56c1cc312 img.avia_image{\nbox-shadow:none;\n}\n.avia-image-container.av-v412nv-470c84a4dc37df6eb359e9a56c1cc312 .av-caption-image-overlay-bg{\nopacity:0.4;\nbackground-color:#000000;\n}\n.avia-image-container.av-v412nv-470c84a4dc37df6eb359e9a56c1cc312 .av-image-caption-overlay-center{\ncolor:#ffffff;\n}\n<\/style>\n<div  class='avia-image-container av-v412nv-470c84a4dc37df6eb359e9a56c1cc312 av-styling- av-img-linked avia-align-center  avia-builder-el-18  avia-builder-el-no-sibling  noHover av-overlay-hover-deactivate'   itemprop=\"image\" itemscope=\"itemscope\" itemtype=\"https:\/\/schema.org\/ImageObject\" ><div class=\"avia-image-container-inner\"><div class=\"avia-image-overlay-wrap\"><a href=\"https:\/\/www2.eoilreports.com\/l\/8822\/2022-03-16\/931tvf\/8822\/1647438957hf9WNLzK\/POLARIS_Proof_Connecting_Fluid_Analysis_with_Equipment_Maintenance.pdf\" class='avia_image'  target=\"_blank\"  rel=\"noopener noreferrer\" aria-label='POLARIS Proof DataConnect en miniatura'><div class=\"av-image-caption-overlay\"><div class=\"av-caption-image-overlay-bg\"><\/div><div class=\"av-image-caption-overlay-position\"><div class=\"av-image-caption-overlay-center\"><p>Descargar el estudio de caso<\/p>\n<\/div><\/div><\/div><img decoding=\"async\" fetchpriority=\"high\" class='wp-image-20084 avia-img-lazy-loading-not-20084 avia_image' src=\"https:\/\/polarislabs.com\/wp-content\/uploads\/2022\/03\/POLARIS-Proof-DataConnect-thumbnail-233x300.png\" alt='' title='POLARIS Proof DataConnect en miniatura'  height=\"300\" width=\"233\"  itemprop=\"thumbnailUrl\" srcset=\"https:\/\/polarislabs.com\/wp-content\/uploads\/2022\/03\/POLARIS-Proof-DataConnect-thumbnail-233x300.png 233w, https:\/\/polarislabs.com\/wp-content\/uploads\/2022\/03\/POLARIS-Proof-DataConnect-thumbnail.png 510w\" sizes=\"(max-width: 233px) 100vw, 233px\" \/><\/a><\/div><\/div><\/div><\/div>\n<style type=\"text\/css\" data-created_by=\"avia_inline_auto\" id=\"style-css-av-u9b3fn-8f02828cc19542f2dfb0190c3d6e314f\">\n.flex_column.av-u9b3fn-8f02828cc19542f2dfb0190c3d6e314f{\nborder-radius:0px 0px 0px 0px;\npadding:0px 0px 0px 0px;\n}\n<\/style>\n<div  class='flex_column av-u9b3fn-8f02828cc19542f2dfb0190c3d6e314f av_one_half  avia-builder-el-19  el_after_av_one_half  el_before_av_two_fifth  first flex_column_div av-zero-column-padding  column-top-margin'     ><p><section  class='av_textblock_section av-l0l6rnqq-659ce1a6f9d53b192f93914352d73526'   itemscope=\"itemscope\" itemtype=\"https:\/\/schema.org\/CreativeWork\" ><div class='avia_textblock'  itemprop=\"text\" ><p>\u00bfLe interesa saber m\u00e1s sobre la integraci\u00f3n de sus datos de mantenimiento para mejorar su programa de mantenimiento, evitar fallos y ahorrar m\u00e1s equipos?<\/p>\n<p><strong>Rellene el siguiente formulario y nos pondremos en contacto con usted.<\/strong><\/p>\n<\/div><\/section><br \/>\n<\/p><\/div>\n<style type=\"text\/css\" data-created_by=\"avia_inline_auto\" id=\"style-css-av-viqgw3-16a84fe3c2f2c7ee3882ee967d9a0ec5\">\n.flex_column.av-viqgw3-16a84fe3c2f2c7ee3882ee967d9a0ec5{\nborder-radius:0px 0px 0px 0px;\npadding:0px 0px 0px 0px;\n}\n<\/style>\n<div  class='flex_column av-viqgw3-16a84fe3c2f2c7ee3882ee967d9a0ec5 av_two_fifth  avia-builder-el-22  el_after_av_one_half  avia-builder-el-last  flex_column_div av-zero-column-padding  column-top-margin'     ><\/div><\/div><\/div><\/div><!-- close content main div --><\/div><\/div><div id='after_section_2'  class='main_color av_default_container_wrap container_wrap sidebar_right'  ><div class='container av-section-cont-open' ><div class='template-page content  av-content-small alpha units'><div class='post-entry post-entry-type-page post-entry-20027'><div class='entry-content-wrapper clearfix'>\n<style type=\"text\/css\" data-created_by=\"avia_inline_auto\" id=\"style-css-av-kuwsd037-35a809e12bf8e8a62c40a4f8fc00855d\">\n#top .hr.hr-invisible.av-kuwsd037-35a809e12bf8e8a62c40a4f8fc00855d{\nheight:60px;\n}\n<\/style>\n<div  class='hr av-kuwsd037-35a809e12bf8e8a62c40a4f8fc00855d hr-invisible  avia-builder-el-23  el_after_av_section  avia-builder-el-no-sibling'><span class='hr-inner'><span class=\"hr-inner-style\"><\/span><\/span><\/div><\/p>","protected":false},"excerpt":{"rendered":"","protected":false},"author":24,"featured_media":0,"parent":0,"menu_order":0,"comment_status":"closed","ping_status":"closed","template":"","meta":{"om_disable_all_campaigns":false,"_monsterinsights_skip_tracking":false,"_monsterinsights_sitenote_active":false,"_monsterinsights_sitenote_note":"","_monsterinsights_sitenote_category":0,"footnotes":""},"class_list":["post-20027","page","type-page","status-publish","hentry"],"aioseo_notices":[],"_links":{"self":[{"href":"https:\/\/polarislabs.com\/es\/wp-json\/wp\/v2\/pages\/20027","targetHints":{"allow":["GET"]}}],"collection":[{"href":"https:\/\/polarislabs.com\/es\/wp-json\/wp\/v2\/pages"}],"about":[{"href":"https:\/\/polarislabs.com\/es\/wp-json\/wp\/v2\/types\/page"}],"author":[{"embeddable":true,"href":"https:\/\/polarislabs.com\/es\/wp-json\/wp\/v2\/users\/24"}],"replies":[{"embeddable":true,"href":"https:\/\/polarislabs.com\/es\/wp-json\/wp\/v2\/comments?post=20027"}],"version-history":[{"count":0,"href":"https:\/\/polarislabs.com\/es\/wp-json\/wp\/v2\/pages\/20027\/revisions"}],"wp:attachment":[{"href":"https:\/\/polarislabs.com\/es\/wp-json\/wp\/v2\/media?parent=20027"}],"curies":[{"name":"wp","href":"https:\/\/api.w.org\/{rel}","templated":true}]}}