{"id":20256,"date":"2022-04-28T10:28:56","date_gmt":"2022-04-28T14:28:56","guid":{"rendered":"https:\/\/polarislabs.com\/fluid-sample-submission-made-easy-copy\/"},"modified":"2022-04-28T13:27:50","modified_gmt":"2022-04-28T17:27:50","slug":"online-fluid-sample-submission-made-easy","status":"publish","type":"page","link":"https:\/\/polarislabs.com\/es\/online-fluid-sample-submission-made-easy\/","title":{"rendered":"Env\u00edo de muestras de fluidos en l\u00ednea"},"content":{"rendered":"<style type=\"text\/css\" data-created_by=\"avia_inline_auto\" id=\"style-css-av-vi2uqd-b9068bf0dc7b29574965d456bbb319e9\">\n.avia-section.av-vi2uqd-b9068bf0dc7b29574965d456bbb319e9{\nbackground-color:rgba(0,44,112,0.2);\nbackground-image:unset;\n}\n<\/style>\n<div id='av_section_1'  class='avia-section av-vi2uqd-b9068bf0dc7b29574965d456bbb319e9 main_color avia-section-default avia-no-border-styling  avia-builder-el-0  el_before_av_section  avia-builder-el-first  avia-bg-style-parallax av-minimum-height av-minimum-height-60 av-height-percent  container_wrap sidebar_right'   data-av_minimum_height_pc='60' data-av_min_height_opt='percent'><div class='container av-section-cont-open' ><main  role=\"main\" itemprop=\"mainContentOfPage\"  class='template-page content  av-content-small alpha units'><div class='post-entry post-entry-type-page post-entry-20256'><div class='entry-content-wrapper clearfix'>\n<div  class='flex_column av-68yvxba-617c26adadc4a5bb20467ba4359fbfd8 av_two_fifth  avia-builder-el-1  el_before_av_three_fifth  avia-builder-el-first  first flex_column_div'     ><section  class='av_textblock_section av-kzoifyb1-3d88d11ddda4b07e6e43521f3aa87771'   itemscope=\"itemscope\" itemtype=\"https:\/\/schema.org\/CreativeWork\" ><div class='avia_textblock'  itemprop=\"text\" ><h2 style=\"text-align: center;\"><strong>Consejos para la presentaci\u00f3n de muestras en l\u00ednea<\/strong><\/h2>\n<\/div><\/section><br \/>\n<div  class='hr av-ok54yo-2fbd864d96ec36457396e87e1804cd8b hr-default  avia-builder-el-3  el_after_av_textblock  el_before_av_textblock'><span class='hr-inner'><span class=\"hr-inner-style\"><\/span><\/span><\/div><br \/>\n<section  class='av_textblock_section av-kzoilqdl-f93e6f7bcc8f4057f86d273f0850303d'   itemscope=\"itemscope\" itemtype=\"https:\/\/schema.org\/CreativeWork\" ><div class='avia_textblock'  itemprop=\"text\" ><p>Recoger y enviar muestras de fluidos al laboratorio es una parte esencial de su programa de mantenimiento preventivo. Los resultados de las pruebas pueden identificar \u00e1reas clave para controlar la salud de los equipos, descubrir problemas de contaminaci\u00f3n y salvar m\u00e1s equipos.<\/p>\n<p>Sin embargo, la forma de enviar la informaci\u00f3n sobre las muestras puede influir en la rapidez y precisi\u00f3n de los resultados.<\/p>\n<\/div><\/section><\/p><\/div><div  class='flex_column av-ys7aue-555241cecb7ce7ff417b56d53c0a7a24 av_three_fifth  avia-builder-el-5  el_after_av_two_fifth  avia-builder-el-last  flex_column_div'     ><style type=\"text\/css\" data-created_by=\"avia_inline_auto\" id=\"style-css-av-kzoi5zlp-b7a772ba4134d1b7da01ad3f63cd5f09\">\n.avia-image-container.av-kzoi5zlp-b7a772ba4134d1b7da01ad3f63cd5f09 img.avia_image{\nbox-shadow:none;\n}\n.avia-image-container.av-kzoi5zlp-b7a772ba4134d1b7da01ad3f63cd5f09 .av-image-caption-overlay-center{\ncolor:#ffffff;\n}\n<\/style>\n<div  class='avia-image-container av-kzoi5zlp-b7a772ba4134d1b7da01ad3f63cd5f09 av-styling- avia-align-center  avia-builder-el-6  avia-builder-el-no-sibling'   itemprop=\"image\" itemscope=\"itemscope\" itemtype=\"https:\/\/schema.org\/ImageObject\" ><div class=\"avia-image-container-inner\"><div class=\"avia-image-overlay-wrap\"><img decoding=\"async\" fetchpriority=\"high\" class='wp-image-19683 avia-img-lazy-loading-not-19683 avia_image' src=\"https:\/\/polarislabs.com\/wp-content\/uploads\/2022\/01\/Group-229.png\" alt='' title='Grupo 229'  height=\"607\" width=\"605\"  itemprop=\"thumbnailUrl\" srcset=\"https:\/\/polarislabs.com\/wp-content\/uploads\/2022\/01\/Group-229.png 605w, https:\/\/polarislabs.com\/wp-content\/uploads\/2022\/01\/Group-229-300x300.png 300w, https:\/\/polarislabs.com\/wp-content\/uploads\/2022\/01\/Group-229-80x80.png 80w, https:\/\/polarislabs.com\/wp-content\/uploads\/2022\/01\/Group-229-36x36.png 36w, https:\/\/polarislabs.com\/wp-content\/uploads\/2022\/01\/Group-229-180x180.png 180w\" sizes=\"(max-width: 605px) 100vw, 605px\" \/><\/div><\/div><\/div><\/div>\n\n<\/div><\/div><\/main><!-- close content main element --><\/div><\/div><div id='av-center-align-columns'  class='avia-section av-3cm0la8-a51a9fdbb56ba3a537851580e27fe3f2 main_color avia-section-default avia-no-border-styling  avia-builder-el-7  el_after_av_section  el_before_av_section  avia-bg-style-scroll container_wrap sidebar_right'  ><div class='container av-section-cont-open' ><div class='template-page content  av-content-small alpha units'><div class='post-entry post-entry-type-page post-entry-20256'><div class='entry-content-wrapper clearfix'>\n<div  class='flex_column av-l2j4fkw2-f1b4a54fc8b5a46c2cdfec4b1efe9dbb av_one_third  avia-builder-el-8  el_before_av_one_third  avia-builder-el-first  first flex_column_div'     ><p>\n<style type=\"text\/css\" data-created_by=\"avia_inline_auto\" id=\"style-css-av-l2j4d3en-f0db36f9816cdba2249dfdb32b5f3142\">\n.avia-image-container.av-l2j4d3en-f0db36f9816cdba2249dfdb32b5f3142 img.avia_image{\nbox-shadow:none;\n}\n.avia-image-container.av-l2j4d3en-f0db36f9816cdba2249dfdb32b5f3142 .av-image-caption-overlay-center{\ncolor:#ffffff;\n}\n<\/style>\n<div  class='avia-image-container av-l2j4d3en-f0db36f9816cdba2249dfdb32b5f3142 av-styling- avia-align-center  avia-builder-el-9  el_before_av_textblock  avia-builder-el-first'   itemprop=\"image\" itemscope=\"itemscope\" itemtype=\"https:\/\/schema.org\/ImageObject\" ><div class=\"avia-image-container-inner\"><div class=\"avia-image-overlay-wrap\"><img decoding=\"async\" fetchpriority=\"high\" class='wp-image-20259 avia-img-lazy-loading-not-20259 avia_image' src=\"https:\/\/polarislabs.com\/wp-content\/uploads\/2022\/04\/mechanic-pulling-oil-sample-300x244.png\" alt='' title='muestra de aceite de extracci\u00f3n mec\u00e1nica'  height=\"244\" width=\"300\"  itemprop=\"thumbnailUrl\" srcset=\"https:\/\/polarislabs.com\/wp-content\/uploads\/2022\/04\/mechanic-pulling-oil-sample-300x244.png 300w, https:\/\/polarislabs.com\/wp-content\/uploads\/2022\/04\/mechanic-pulling-oil-sample-1030x836.png 1030w, https:\/\/polarislabs.com\/wp-content\/uploads\/2022\/04\/mechanic-pulling-oil-sample-768x623.png 768w, https:\/\/polarislabs.com\/wp-content\/uploads\/2022\/04\/mechanic-pulling-oil-sample-845x684.png 845w, https:\/\/polarislabs.com\/wp-content\/uploads\/2022\/04\/mechanic-pulling-oil-sample-705x572.png 705w, https:\/\/polarislabs.com\/wp-content\/uploads\/2022\/04\/mechanic-pulling-oil-sample.png 1200w\" sizes=\"(max-width: 300px) 100vw, 300px\" \/><\/div><\/div><\/div><br \/>\n<section  class='av_textblock_section av-32v3pc0-f824531028e63ec92660ade89a74266e'   itemscope=\"itemscope\" itemtype=\"https:\/\/schema.org\/CreativeWork\" ><div class='avia_textblock'  itemprop=\"text\" ><h4 style=\"text-align: center;\">RECOGIDA DE MUESTRAS<\/h4>\n<p style=\"text-align: center;\">Una muestra precisa y representativa le proporcionar\u00e1 los resultados m\u00e1s fiables, para que pueda tomar las medidas de mantenimiento adecuadas.<\/p>\n<\/div><\/section><br \/>\n<div  class='avia-button-wrap av-l2j90vl5-b9fb286025ee204efcb51b37b9c2f564-wrap avia-button-center  avia-builder-el-11  el_after_av_textblock  avia-builder-el-last'><a href='https:\/\/www2.eoilreports.com\/How-to-Take-an-Oil-Sample'  class='avia-button av-l2j90vl5-b9fb286025ee204efcb51b37b9c2f564 av-link-btn avia-icon_select-yes-left-icon avia-size-small avia-position-center avia-color-theme-color'  target=\"_blank\"  rel=\"noopener noreferrer\"  aria-label=\"C\u00f3mo recoger una muestra de fluido\"><span class='avia_button_icon avia_button_icon_left avia-iconfont avia-font-entypo-fontello' data-av_icon='\ue889' data-av_iconfont='entypo-fontello' ><\/span><span class='avia_iconbox_title' >C\u00f3mo recoger una muestra de fluido<\/span><\/a><\/div><\/p><\/div><div  class='flex_column av-av_one_third-fe1564936cf5ab5b1774053bcb7b24ce av_one_third  avia-builder-el-12  el_after_av_one_third  el_before_av_one_third  flex_column_div'     ><p>\n<style type=\"text\/css\" data-created_by=\"avia_inline_auto\" id=\"style-css-av-l2ja0yea-5e57dee6cff386608400168add5849e4\">\n.avia-image-container.av-l2ja0yea-5e57dee6cff386608400168add5849e4 img.avia_image{\nbox-shadow:none;\n}\n.avia-image-container.av-l2ja0yea-5e57dee6cff386608400168add5849e4 .av-image-caption-overlay-center{\ncolor:#ffffff;\n}\n<\/style>\n<div  class='avia-image-container av-l2ja0yea-5e57dee6cff386608400168add5849e4 av-styling- avia-align-center  avia-builder-el-13  el_before_av_textblock  avia-builder-el-first'   itemprop=\"image\" itemscope=\"itemscope\" itemtype=\"https:\/\/schema.org\/ImageObject\" ><div class=\"avia-image-container-inner\"><div class=\"avia-image-overlay-wrap\"><img decoding=\"async\" fetchpriority=\"high\" class='wp-image-20265 avia-img-lazy-loading-not-20265 avia_image' src=\"https:\/\/polarislabs.com\/wp-content\/uploads\/2022\/04\/Engine-Sampling-push-button-300x225.jpg\" alt='' title='Toma de muestras del motor - pulsador'  height=\"225\" width=\"300\"  itemprop=\"thumbnailUrl\" srcset=\"https:\/\/polarislabs.com\/wp-content\/uploads\/2022\/04\/Engine-Sampling-push-button-300x225.jpg 300w, https:\/\/polarislabs.com\/wp-content\/uploads\/2022\/04\/Engine-Sampling-push-button-1030x773.jpg 1030w, https:\/\/polarislabs.com\/wp-content\/uploads\/2022\/04\/Engine-Sampling-push-button-768x576.jpg 768w, https:\/\/polarislabs.com\/wp-content\/uploads\/2022\/04\/Engine-Sampling-push-button-1536x1152.jpg 1536w, https:\/\/polarislabs.com\/wp-content\/uploads\/2022\/04\/Engine-Sampling-push-button-2048x1536.jpg 2048w, https:\/\/polarislabs.com\/wp-content\/uploads\/2022\/04\/Engine-Sampling-push-button-1500x1125.jpg 1500w, https:\/\/polarislabs.com\/wp-content\/uploads\/2022\/04\/Engine-Sampling-push-button-705x529.jpg 705w\" sizes=\"(max-width: 300px) 100vw, 300px\" \/><\/div><\/div><\/div><br \/>\n<section  class='av_textblock_section av-l2ja26ea-34ef1c9c3707f8c92ac0a7f5f5d96d7d'   itemscope=\"itemscope\" itemtype=\"https:\/\/schema.org\/CreativeWork\" ><div class='avia_textblock'  itemprop=\"text\" ><h4 style=\"text-align: center;\">RECOGER LA MEJOR MUESTRA<\/h4>\n<p style=\"text-align: center;\">Las v\u00e1lvulas de muestreo son una gran soluci\u00f3n para garantizar la recogida de la muestra mejor y m\u00e1s representativa para el an\u00e1lisis. Las v\u00e1lvulas y los puertos permiten una recogida de muestras sencilla y sin complicaciones.<\/p>\n<\/div><\/section><br \/>\n<div  class='avia-button-wrap av-l2ja3i6p-cbe3c96f29288beb74ce9fc1d392c985-wrap avia-button-center  avia-builder-el-15  el_after_av_textblock  avia-builder-el-last'><a href='https:\/\/www2.eoilreports.com\/l\/8822\/2020-12-02\/8xbf5b\/8822\/1606925980lyLCfZwj\/Sample_Valves_Equipment_Guide.pdf'  class='avia-button av-l2ja3i6p-cbe3c96f29288beb74ce9fc1d392c985 av-link-btn avia-icon_select-yes-left-icon avia-size-small avia-position-center avia-color-theme-color'  target=\"_blank\"  rel=\"noopener noreferrer\"  aria-label=\"Compruebe las v\u00e1lvulas de muestra\"><span class='avia_button_icon avia_button_icon_left avia-iconfont avia-font-entypo-fontello' data-av_icon='\ue889' data-av_iconfont='entypo-fontello' ><\/span><span class='avia_iconbox_title' >Compruebe las v\u00e1lvulas de muestra<\/span><\/a><\/div><\/p><\/div><div  class='flex_column av-108pqow-f7ae77b42909b47097b5afb8dae17182 av_one_third  avia-builder-el-16  el_after_av_one_third  el_before_av_hr  flex_column_div'     ><p>\n<style type=\"text\/css\" data-created_by=\"avia_inline_auto\" id=\"style-css-av-ir3ugw-a8f1345b555e1a7d32fe61aee09e1ef5\">\n.avia-image-container.av-ir3ugw-a8f1345b555e1a7d32fe61aee09e1ef5 img.avia_image{\nbox-shadow:none;\n}\n.avia-image-container.av-ir3ugw-a8f1345b555e1a7d32fe61aee09e1ef5 .av-image-caption-overlay-center{\ncolor:#ffffff;\n}\n<\/style>\n<div  class='avia-image-container av-ir3ugw-a8f1345b555e1a7d32fe61aee09e1ef5 av-styling- avia-align-center  avia-builder-el-17  el_before_av_image  avia-builder-el-first'   itemprop=\"image\" itemscope=\"itemscope\" itemtype=\"https:\/\/schema.org\/ImageObject\" ><div class=\"avia-image-container-inner\"><div class=\"avia-image-overlay-wrap\"><img decoding=\"async\" fetchpriority=\"high\" class='wp-image-18434 avia-img-lazy-loading-not-18434 avia_image' src=\"https:\/\/polarislabs.com\/wp-content\/uploads\/2021\/07\/Group-506@2x-300x188.png\" alt='' title='Grupo 506@2x'  height=\"188\" width=\"300\"  itemprop=\"thumbnailUrl\" srcset=\"https:\/\/polarislabs.com\/wp-content\/uploads\/2021\/07\/Group-506@2x-300x188.png 300w, https:\/\/polarislabs.com\/wp-content\/uploads\/2021\/07\/Group-506@2x-768x482.png 768w, https:\/\/polarislabs.com\/wp-content\/uploads\/2021\/07\/Group-506@2x-705x443.png 705w, https:\/\/polarislabs.com\/wp-content\/uploads\/2021\/07\/Group-506@2x.png 823w\" sizes=\"(max-width: 300px) 100vw, 300px\" \/><\/div><\/div><\/div><br \/>\n\n<style type=\"text\/css\" data-created_by=\"avia_inline_auto\" id=\"style-css-av-l2j8j3t3-6eaa0b22d722b9b8e048738d112bf0c0\">\n.avia-image-container.av-l2j8j3t3-6eaa0b22d722b9b8e048738d112bf0c0 img.avia_image{\nbox-shadow:none;\n}\n.avia-image-container.av-l2j8j3t3-6eaa0b22d722b9b8e048738d112bf0c0 .av-image-caption-overlay-center{\ncolor:#ffffff;\n}\n<\/style>\n<div  class='avia-image-container av-l2j8j3t3-6eaa0b22d722b9b8e048738d112bf0c0 av-styling- avia-align-center  avia-builder-el-18  el_after_av_image  el_before_av_textblock'   itemprop=\"image\" itemscope=\"itemscope\" itemtype=\"https:\/\/schema.org\/ImageObject\" ><div class=\"avia-image-container-inner\"><div class=\"avia-image-overlay-wrap\"><img decoding=\"async\" fetchpriority=\"high\" class='wp-image-1624 avia-img-lazy-loading-not-1624 avia_image' src=\"https:\/\/polarislabs.com\/wp-content\/uploads\/2013\/11\/Horizon_Reg_Final_web.jpg\" alt='' title='Horizon_Reg_Final_web'  height=\"48\" width=\"180\"  itemprop=\"thumbnailUrl\" srcset=\"https:\/\/polarislabs.com\/wp-content\/uploads\/2013\/11\/Horizon_Reg_Final_web.jpg 517w, https:\/\/polarislabs.com\/wp-content\/uploads\/2013\/11\/Horizon_Reg_Final_web-300x79.jpg 300w\" sizes=\"(max-width: 180px) 100vw, 180px\" \/><\/div><\/div><\/div><br \/>\n<section  class='av_textblock_section av-l2j4fv40-c0daebccd625af960eab70d242c904d1'   itemscope=\"itemscope\" itemtype=\"https:\/\/schema.org\/CreativeWork\" ><div class='avia_textblock'  itemprop=\"text\" ><h4 style=\"text-align: center;\">ENV\u00cdO DE MUESTRAS EN L\u00cdNEA<\/h4>\n<p style=\"text-align: center;\">Env\u00ede la informaci\u00f3n de los componentes de su muestra, el tipo de fluido, el fabricante, etc. Cuanta m\u00e1s informaci\u00f3n env\u00ede con su muestra, mejores ser\u00e1n los resultados.<\/p>\n<\/div><\/section><br \/>\n<div  class='avia-button-wrap av-l2j8y1qq-60a1bc4267fd9694a0fcfebda25f5064-wrap avia-button-center  avia-builder-el-20  el_after_av_textblock  avia-builder-el-last'><a href='http:\/\/fast.wistia.net\/embed\/iframe\/dq2fkz2vn9'  class='avia-button av-l2j8y1qq-60a1bc4267fd9694a0fcfebda25f5064 av-link-btn avia-icon_select-yes-left-icon avia-size-small avia-position-center avia-color-theme-color'  target=\"_blank\"  rel=\"noopener noreferrer\"  aria-label=\"C\u00f3mo presentar una muestra en l\u00ednea\"><span class='avia_button_icon avia_button_icon_left avia-iconfont avia-font-entypo-fontello' data-av_icon='\ue889' data-av_iconfont='entypo-fontello' ><\/span><span class='avia_iconbox_title' >C\u00f3mo presentar una muestra en l\u00ednea<\/span><\/a><\/div><\/p><\/div><div  class='hr av-1ko02sg-5a284007628d7f0176d69cdddad0dcc8 hr-default  avia-builder-el-21  el_after_av_one_third  el_before_av_two_fifth'><span class='hr-inner'><span class=\"hr-inner-style\"><\/span><\/span><\/div>\n<div  class='flex_column av-2j9pbsw-552389a7bc27b2a1191dc4b6362a773a av_two_fifth  avia-builder-el-22  el_after_av_hr  el_before_av_two_fifth  first flex_column_div'     ><p>\n<style type=\"text\/css\" data-created_by=\"avia_inline_auto\" id=\"style-css-av-23zr8bk-0faf8f690d63e29587fdae65856d02b7\">\n.avia-image-container.av-23zr8bk-0faf8f690d63e29587fdae65856d02b7 img.avia_image{\nbox-shadow:none;\n}\n.avia-image-container.av-23zr8bk-0faf8f690d63e29587fdae65856d02b7 .av-image-caption-overlay-center{\ncolor:#ffffff;\n}\n<\/style>\n<div  class='avia-image-container av-23zr8bk-0faf8f690d63e29587fdae65856d02b7 av-styling- avia-align-center  avia-builder-el-23  el_before_av_image  avia-builder-el-first'   itemprop=\"image\" itemscope=\"itemscope\" itemtype=\"https:\/\/schema.org\/ImageObject\" ><div class=\"avia-image-container-inner\"><div class=\"avia-image-overlay-wrap\"><img decoding=\"async\" fetchpriority=\"high\" class='wp-image-20153 avia-img-lazy-loading-not-20153 avia_image' src=\"https:\/\/polarislabs.com\/wp-content\/uploads\/2022\/03\/Mobile-sample-submission-thumbnail-300x191.png\" alt='' title='Miniatura de presentaci\u00f3n de muestras para m\u00f3viles'  height=\"191\" width=\"300\"  itemprop=\"thumbnailUrl\" srcset=\"https:\/\/polarislabs.com\/wp-content\/uploads\/2022\/03\/Mobile-sample-submission-thumbnail-300x191.png 300w, https:\/\/polarislabs.com\/wp-content\/uploads\/2022\/03\/Mobile-sample-submission-thumbnail-1030x655.png 1030w, https:\/\/polarislabs.com\/wp-content\/uploads\/2022\/03\/Mobile-sample-submission-thumbnail-768x488.png 768w, https:\/\/polarislabs.com\/wp-content\/uploads\/2022\/03\/Mobile-sample-submission-thumbnail-705x448.png 705w, https:\/\/polarislabs.com\/wp-content\/uploads\/2022\/03\/Mobile-sample-submission-thumbnail.png 1133w\" sizes=\"(max-width: 300px) 100vw, 300px\" \/><\/div><\/div><\/div><br \/>\n\n<style type=\"text\/css\" data-created_by=\"avia_inline_auto\" id=\"style-css-av-l2j8jvl3-0fb2006535c2453ee6f98fc3df0b64cd\">\n.avia-image-container.av-l2j8jvl3-0fb2006535c2453ee6f98fc3df0b64cd img.avia_image{\nbox-shadow:none;\n}\n.avia-image-container.av-l2j8jvl3-0fb2006535c2453ee6f98fc3df0b64cd .av-image-caption-overlay-center{\ncolor:#ffffff;\n}\n<\/style>\n<div  class='avia-image-container av-l2j8jvl3-0fb2006535c2453ee6f98fc3df0b64cd av-styling- avia-align-center  avia-builder-el-24  el_after_av_image  el_before_av_textblock'   itemprop=\"image\" itemscope=\"itemscope\" itemtype=\"https:\/\/schema.org\/ImageObject\" ><div class=\"avia-image-container-inner\"><div class=\"avia-image-overlay-wrap\"><img decoding=\"async\" fetchpriority=\"high\" class='wp-image-1624 avia-img-lazy-loading-not-1624 avia_image' src=\"https:\/\/polarislabs.com\/wp-content\/uploads\/2013\/11\/Horizon_Reg_Final_web.jpg\" alt='' title='Horizon_Reg_Final_web'  height=\"48\" width=\"180\"  itemprop=\"thumbnailUrl\" srcset=\"https:\/\/polarislabs.com\/wp-content\/uploads\/2013\/11\/Horizon_Reg_Final_web.jpg 517w, https:\/\/polarislabs.com\/wp-content\/uploads\/2013\/11\/Horizon_Reg_Final_web-300x79.jpg 300w\" sizes=\"(max-width: 180px) 100vw, 180px\" \/><\/div><\/div><\/div><br \/>\n<section  class='av_textblock_section av-l2j4eyk5-fb3ae3e969c5b67cbd58502deb9dc12e'   itemscope=\"itemscope\" itemtype=\"https:\/\/schema.org\/CreativeWork\" ><div class='avia_textblock'  itemprop=\"text\" ><h4 style=\"text-align: center;\">ENV\u00cdO M\u00d3VIL DE MUESTRAS<\/h4>\n<p style=\"text-align: center;\">Env\u00ede la informaci\u00f3n de su muestra, tipo de componente, tipo de fluido y otra informaci\u00f3n directamente desde su tel\u00e9fono o tableta.<\/p>\n<\/div><\/section><br \/>\n<div  class='avia-button-wrap av-l2j91w1l-6e54fccd77258f3c65dc7148831356d7-wrap avia-button-center  avia-builder-el-26  el_after_av_textblock  avia-builder-el-last'><a href='http:\/\/fast.wistia.net\/embed\/iframe\/lnjz7mh5mu'  class='avia-button av-l2j91w1l-6e54fccd77258f3c65dc7148831356d7 av-link-btn avia-icon_select-yes-left-icon avia-size-small avia-position-center avia-color-theme-color'  target=\"_blank\"  rel=\"noopener noreferrer\"  aria-label=\"Env\u00edo m\u00f3vil de muestras\"><span class='avia_button_icon avia_button_icon_left avia-iconfont avia-font-entypo-fontello' data-av_icon='\ue889' data-av_iconfont='entypo-fontello' ><\/span><span class='avia_iconbox_title' >Env\u00edo m\u00f3vil de muestras<\/span><\/a><\/div><\/p><\/div><div  class='flex_column av-l2j4nh1a-0e8c463fe7becde15ca753d0a41149e0 av_two_fifth  avia-builder-el-27  el_after_av_two_fifth  avia-builder-el-last  flex_column_div'     ><p>\n<style type=\"text\/css\" data-created_by=\"avia_inline_auto\" id=\"style-css-av-l2j4jorj-766ef13a88d3661792f6f349dfb0c26e\">\n.avia-image-container.av-l2j4jorj-766ef13a88d3661792f6f349dfb0c26e img.avia_image{\nbox-shadow:none;\n}\n.avia-image-container.av-l2j4jorj-766ef13a88d3661792f6f349dfb0c26e .av-image-caption-overlay-center{\ncolor:#ffffff;\n}\n<\/style>\n<div  class='avia-image-container av-l2j4jorj-766ef13a88d3661792f6f349dfb0c26e av-styling- avia-align-center  avia-builder-el-28  el_before_av_textblock  avia-builder-el-first'   itemprop=\"image\" itemscope=\"itemscope\" itemtype=\"https:\/\/schema.org\/ImageObject\" ><div class=\"avia-image-container-inner\"><div class=\"avia-image-overlay-wrap\"><img decoding=\"async\" fetchpriority=\"high\" class='wp-image-20263 avia-img-lazy-loading-not-20263 avia_image' src=\"https:\/\/polarislabs.com\/wp-content\/uploads\/2022\/04\/Shipping-Logistics-300x300.png\" alt='' title='Env\u00edo-Log\u00edstica'  height=\"300\" width=\"300\"  itemprop=\"thumbnailUrl\" srcset=\"https:\/\/polarislabs.com\/wp-content\/uploads\/2022\/04\/Shipping-Logistics-300x300.png 300w, https:\/\/polarislabs.com\/wp-content\/uploads\/2022\/04\/Shipping-Logistics-80x80.png 80w, https:\/\/polarislabs.com\/wp-content\/uploads\/2022\/04\/Shipping-Logistics-768x768.png 768w, https:\/\/polarislabs.com\/wp-content\/uploads\/2022\/04\/Shipping-Logistics-36x36.png 36w, https:\/\/polarislabs.com\/wp-content\/uploads\/2022\/04\/Shipping-Logistics-180x180.png 180w, https:\/\/polarislabs.com\/wp-content\/uploads\/2022\/04\/Shipping-Logistics-705x705.png 705w, https:\/\/polarislabs.com\/wp-content\/uploads\/2022\/04\/Shipping-Logistics.png 800w\" sizes=\"(max-width: 300px) 100vw, 300px\" \/><\/div><\/div><\/div><br \/>\n<section  class='av_textblock_section av-l2j4ld36-ef85a550f127b42d30f1e96ebb7ab4ed'   itemscope=\"itemscope\" itemtype=\"https:\/\/schema.org\/CreativeWork\" ><div class='avia_textblock'  itemprop=\"text\" ><h4 style=\"text-align: center;\">ENV\u00cdO AL LABORATORIO<\/h4>\n<p style=\"text-align: center;\">Una vez que haya recogido la muestra y enviado la informaci\u00f3n a HORIZON\u00ae, es el momento de enviar la muestra para su an\u00e1lisis.<\/p>\n<\/div><\/section><br \/>\n<div  class='avia-button-wrap av-l2j90231-3f4fa6c53e9dae1ef80c626f97f88b5c-wrap avia-button-center  avia-builder-el-30  el_after_av_textblock  avia-builder-el-last'><a href='https:\/\/www2.eoilreports.com\/How-to_Ship-Oil-Samples'  class='avia-button av-l2j90231-3f4fa6c53e9dae1ef80c626f97f88b5c av-link-btn avia-icon_select-yes-left-icon avia-size-small avia-position-center avia-color-theme-color'  target=\"_blank\"  rel=\"noopener noreferrer\"  aria-label=\"Consejos para enviar muestras\"><span class='avia_button_icon avia_button_icon_left avia-iconfont avia-font-entypo-fontello' data-av_icon='\ue889' data-av_iconfont='entypo-fontello' ><\/span><span class='avia_iconbox_title' >Consejos para enviar muestras<\/span><\/a><\/div><\/p><\/div><\/div><\/div><\/div><!-- close content main div --><\/div><\/div><div id='av_section_3'  class='avia-section av-16jbb8m-c415f581b1989197962fb89f0a8c8c9e main_color avia-section-default avia-no-border-styling  avia-builder-el-31  el_after_av_section  el_before_av_hr  avia-bg-style-scroll container_wrap sidebar_right'  ><div class='container av-section-cont-open' ><div class='template-page content  av-content-small alpha units'><div class='post-entry post-entry-type-page post-entry-20256'><div class='entry-content-wrapper clearfix'>\n<section  class='av_textblock_section av-l16jsceo-ca8ecf6618e552d8ad97fd377cc1aaa9'   itemscope=\"itemscope\" itemtype=\"https:\/\/schema.org\/CreativeWork\" ><div class='avia_textblock'  itemprop=\"text\" ><p>\u00bfQuiere saber m\u00e1s sobre estas funciones de env\u00edo de muestras? P\u00f3ngase en contacto con nosotros y le ayudaremos.<\/p>\n<\/div><\/section>\n<div  class='flex_column av-kzoj8ppg-423bfff19f3128fed696aa5e202e32b5 av_one_fifth  avia-builder-el-33  el_after_av_textblock  el_before_av_three_fifth  first flex_column_div  column-top-margin'     ><\/div>\n<style type=\"text\/css\" data-created_by=\"avia_inline_auto\" id=\"style-css-av-kzojabsp-1163bb92024ea643985364c4491b5c15\">\n.flex_column.av-kzojabsp-1163bb92024ea643985364c4491b5c15{\nborder-width:15px;\nborder-color:#ffffff;\nborder-style:solid;\nbackground-color:#ffffff;\n}\n<\/style>\n<div  class='flex_column av-kzojabsp-1163bb92024ea643985364c4491b5c15 av_three_fifth  avia-builder-el-34  el_after_av_one_fifth  el_before_av_one_fifth  flex_column_div  column-top-margin'     ><\/div><div  class='flex_column av-kzojawo3-7a8143f39eeedb64de2d18a2eae22b57 av_one_fifth  avia-builder-el-36  el_after_av_three_fifth  avia-builder-el-last  flex_column_div  column-top-margin'     ><\/div>\n<\/div><\/div><\/div><!-- close content main div --><\/div><\/div><div id='after_section_3'  class='main_color av_default_container_wrap container_wrap sidebar_right'  ><div class='container av-section-cont-open' ><div class='template-page content  av-content-small alpha units'><div class='post-entry post-entry-type-page post-entry-20256'><div class='entry-content-wrapper clearfix'><\/p>\n\n<style type=\"text\/css\" data-created_by=\"avia_inline_auto\" id=\"style-css-av-ijucli-2659b5cbacf364a88a53ba9eaae487b6\">\n#top .hr.hr-invisible.av-ijucli-2659b5cbacf364a88a53ba9eaae487b6{\nheight:120px;\n}\n<\/style>\n<div  class='hr av-ijucli-2659b5cbacf364a88a53ba9eaae487b6 hr-invisible  avia-builder-el-37  el_after_av_section  avia-builder-el-no-sibling'><span class='hr-inner'><span class=\"hr-inner-style\"><\/span><\/span><\/div>","protected":false},"excerpt":{"rendered":"","protected":false},"author":24,"featured_media":0,"parent":0,"menu_order":0,"comment_status":"closed","ping_status":"closed","template":"","meta":{"om_disable_all_campaigns":false,"_monsterinsights_skip_tracking":false,"_monsterinsights_sitenote_active":false,"_monsterinsights_sitenote_note":"","_monsterinsights_sitenote_category":0,"footnotes":""},"class_list":["post-20256","page","type-page","status-publish","hentry"],"aioseo_notices":[],"_links":{"self":[{"href":"https:\/\/polarislabs.com\/es\/wp-json\/wp\/v2\/pages\/20256","targetHints":{"allow":["GET"]}}],"collection":[{"href":"https:\/\/polarislabs.com\/es\/wp-json\/wp\/v2\/pages"}],"about":[{"href":"https:\/\/polarislabs.com\/es\/wp-json\/wp\/v2\/types\/page"}],"author":[{"embeddable":true,"href":"https:\/\/polarislabs.com\/es\/wp-json\/wp\/v2\/users\/24"}],"replies":[{"embeddable":true,"href":"https:\/\/polarislabs.com\/es\/wp-json\/wp\/v2\/comments?post=20256"}],"version-history":[{"count":0,"href":"https:\/\/polarislabs.com\/es\/wp-json\/wp\/v2\/pages\/20256\/revisions"}],"wp:attachment":[{"href":"https:\/\/polarislabs.com\/es\/wp-json\/wp\/v2\/media?parent=20256"}],"curies":[{"name":"wp","href":"https:\/\/api.w.org\/{rel}","templated":true}]}}