{"id":21019,"date":"2022-09-22T20:18:11","date_gmt":"2022-09-23T00:18:11","guid":{"rendered":"https:\/\/polarislabs.com\/?page_id=21019"},"modified":"2022-09-22T20:18:11","modified_gmt":"2022-09-23T00:18:11","slug":"prep-for-2023","status":"publish","type":"page","link":"https:\/\/polarislabs.com\/es\/prep-for-2023\/","title":{"rendered":"Preparaci\u00f3n para 2023"},"content":{"rendered":"<style type=\"text\/css\" data-created_by=\"avia_inline_auto\" id=\"style-css-av-l8dn23h7-680c6ed821a13758330cbba87dcb9757\">\n.avia-section.av-l8dn23h7-680c6ed821a13758330cbba87dcb9757{\nbackground-color:#003a70;\nbackground-image:unset;\n}\n<\/style>\n<div id='av_section_1'  class='avia-section av-l8dn23h7-680c6ed821a13758330cbba87dcb9757 main_color avia-section-default avia-no-border-styling  avia-builder-el-0  el_before_av_section  avia-builder-el-first  avia-bg-style-scroll container_wrap sidebar_right'  ><div class='container av-section-cont-open' ><main  role=\"main\" itemprop=\"mainContentOfPage\"  class='template-page content  av-content-small alpha units'><div class='post-entry post-entry-type-page post-entry-21019'><div class='entry-content-wrapper clearfix'>\n<div  class='flex_column av-86bncnv-1e678d555eeb030c3ec58afe6aab02f4 av_one_full  avia-builder-el-1  avia-builder-el-no-sibling  first flex_column_div'     ><style type=\"text\/css\" data-created_by=\"avia_inline_auto\" id=\"style-css-av-l8dq8gyp-49adba8841e1f105f923b3d3339371f3\">\n#top .av_textblock_section.av-l8dq8gyp-49adba8841e1f105f923b3d3339371f3 .avia_textblock{\ncolor:#ffffff;\n}\n<\/style>\n<section  class='av_textblock_section av-l8dq8gyp-49adba8841e1f105f923b3d3339371f3'   itemscope=\"itemscope\" itemtype=\"https:\/\/schema.org\/CreativeWork\" ><div class='avia_textblock av_inherit_color'  itemprop=\"text\" ><h1><span style=\"color: #ffffff;\">\u00bfEst\u00e1n sus datos preparados para 2023?<\/span><\/h1>\n<\/div><\/section><\/div><\/div><\/div><\/main><!-- close content main element --><\/div><\/div><div id='av_section_2'  class='avia-section av-7pevmm3-15c8fd4a6b24689b307ba028aea8a7ae main_color avia-section-default avia-no-border-styling  avia-builder-el-3  el_after_av_section  el_before_av_section  avia-bg-style-scroll container_wrap sidebar_right'  ><div class='container av-section-cont-open' ><div class='template-page content  av-content-small alpha units'><div class='post-entry post-entry-type-page post-entry-21019'><div class='entry-content-wrapper clearfix'>\n<div  class='flex_column av-n4el2z-7c649d305bc301d1f613d0c07283f16b av_one_half  avia-builder-el-4  el_before_av_one_half  avia-builder-el-first  first flex_column_div'     ><section  class='av_textblock_section av-l8dphqlb-db4dd0fd7aa2f4135ff2d860c11e29c8'   itemscope=\"itemscope\" itemtype=\"https:\/\/schema.org\/CreativeWork\" ><div class='avia_textblock'  itemprop=\"text\" ><h3 style=\"font-weight: 400;\"><strong>La conectividad de datos es esencial para mejorar la fiabilidad<\/strong><\/h3>\n<\/div><\/section><br \/>\n<section  class='av_textblock_section av-l8dpj30z-14c8526ac398dc6be195a88fdaab23b2'   itemscope=\"itemscope\" itemtype=\"https:\/\/schema.org\/CreativeWork\" ><div class='avia_textblock'  itemprop=\"text\" ><p style=\"font-weight: 400;\">A trav\u00e9s de una conexi\u00f3n API segura, o a trav\u00e9s de una conexi\u00f3n de socio integrada existente, puede integrar los resultados de sus an\u00e1lisis de muestras directamente en su sistema de gesti\u00f3n de mantenimiento. Esto le permite ver los datos de las muestras junto con otros datos, como an\u00e1lisis de vibraciones, sensores, medidores, termograf\u00eda, \u00f3rdenes de trabajo, etc., sin la molestia de tener que cambiar entre varios sistemas de datos.<\/p>\n<\/div><\/section><\/p><\/div><div  class='flex_column av-135qme3-f0c6b73133d2cb2af59abcd20b923546 av_one_half  avia-builder-el-7  el_after_av_one_half  avia-builder-el-last  flex_column_div'     ><style type=\"text\/css\" data-created_by=\"avia_inline_auto\" id=\"style-css-av-t3c2gr-025551e7459ca585b9aff4b78d68f0e6\">\n.avia-image-container.av-t3c2gr-025551e7459ca585b9aff4b78d68f0e6 img.avia_image{\nbox-shadow:none;\n}\n.avia-image-container.av-t3c2gr-025551e7459ca585b9aff4b78d68f0e6 .av-image-caption-overlay-center{\ncolor:#ffffff;\n}\n<\/style>\n<div  class='avia-image-container av-t3c2gr-025551e7459ca585b9aff4b78d68f0e6 av-styling- avia-align-center  avia-builder-el-8  avia-builder-el-no-sibling'   itemprop=\"image\" itemscope=\"itemscope\" itemtype=\"https:\/\/schema.org\/ImageObject\" ><div class=\"avia-image-container-inner\"><div class=\"avia-image-overlay-wrap\"><img decoding=\"async\" fetchpriority=\"high\" class='wp-image-21024 avia-img-lazy-loading-not-21024 avia_image' src=\"https:\/\/polarislabs.com\/wp-content\/uploads\/2022\/09\/Phone.png\" alt='' title='Tel\u00e9fono'  height=\"665\" width=\"1000\"  itemprop=\"thumbnailUrl\" srcset=\"https:\/\/polarislabs.com\/wp-content\/uploads\/2022\/09\/Phone.png 1000w, https:\/\/polarislabs.com\/wp-content\/uploads\/2022\/09\/Phone-300x200.png 300w, https:\/\/polarislabs.com\/wp-content\/uploads\/2022\/09\/Phone-768x511.png 768w, https:\/\/polarislabs.com\/wp-content\/uploads\/2022\/09\/Phone-705x469.png 705w\" sizes=\"(max-width: 1000px) 100vw, 1000px\" \/><\/div><\/div><\/div><\/div>\n<\/p>\n<\/div><\/div><\/div><!-- close content main div --><\/div><\/div>\n<style type=\"text\/css\" data-created_by=\"avia_inline_auto\" id=\"style-css-av-l8dn84nz-3da659aaf043b0dbf9f9673aff366c93\">\n.avia-section.av-l8dn84nz-3da659aaf043b0dbf9f9673aff366c93{\nbackground-color:#ffffff;\nbackground-image:unset;\n}\n<\/style>\n<div id='av_section_3'  class='avia-section av-l8dn84nz-3da659aaf043b0dbf9f9673aff366c93 main_color avia-section-default avia-no-border-styling  avia-builder-el-9  el_after_av_section  el_before_av_section  avia-bg-style-scroll container_wrap sidebar_right'  ><div class='container av-section-cont-open' ><div class='template-page content  av-content-small alpha units'><div class='post-entry post-entry-type-page post-entry-21019'><div class='entry-content-wrapper clearfix'>\n<div  class='flex_column av-5b1praz-a0940eb480d414ff5d477b7870f221d1 av_one_half  avia-builder-el-10  el_before_av_one_half  avia-builder-el-first  first flex_column_div'     ><style type=\"text\/css\" data-created_by=\"avia_inline_auto\" id=\"style-css-av-l8doz51a-8dd6a0c1c036b7772c36523ca33f41e0\">\n.avia-image-container.av-l8doz51a-8dd6a0c1c036b7772c36523ca33f41e0 img.avia_image{\nbox-shadow:none;\n}\n.avia-image-container.av-l8doz51a-8dd6a0c1c036b7772c36523ca33f41e0 .av-image-caption-overlay-center{\ncolor:#ffffff;\n}\n<\/style>\n<div  class='avia-image-container av-l8doz51a-8dd6a0c1c036b7772c36523ca33f41e0 av-styling- avia-align-center  avia-builder-el-11  avia-builder-el-no-sibling'   itemprop=\"image\" itemscope=\"itemscope\" itemtype=\"https:\/\/schema.org\/ImageObject\" ><div class=\"avia-image-container-inner\"><div class=\"avia-image-overlay-wrap\"><img decoding=\"async\" fetchpriority=\"high\" class='wp-image-21025 avia-img-lazy-loading-not-21025 avia_image' src=\"https:\/\/polarislabs.com\/wp-content\/uploads\/2022\/09\/human-interaction-and-technology-scaled.jpg\" alt='' title='Manos tocando conexi\u00f3n global y los intercambios de datos de redes de clientes icono en brillo luces brillantes fondo colorido'  height=\"1419\" width=\"2560\"  itemprop=\"thumbnailUrl\" srcset=\"https:\/\/polarislabs.com\/wp-content\/uploads\/2022\/09\/human-interaction-and-technology-scaled.jpg 2560w, https:\/\/polarislabs.com\/wp-content\/uploads\/2022\/09\/human-interaction-and-technology-300x166.jpg 300w, https:\/\/polarislabs.com\/wp-content\/uploads\/2022\/09\/human-interaction-and-technology-1030x571.jpg 1030w, https:\/\/polarislabs.com\/wp-content\/uploads\/2022\/09\/human-interaction-and-technology-768x426.jpg 768w, https:\/\/polarislabs.com\/wp-content\/uploads\/2022\/09\/human-interaction-and-technology-1536x851.jpg 1536w, https:\/\/polarislabs.com\/wp-content\/uploads\/2022\/09\/human-interaction-and-technology-2048x1135.jpg 2048w, https:\/\/polarislabs.com\/wp-content\/uploads\/2022\/09\/human-interaction-and-technology-1500x831.jpg 1500w, https:\/\/polarislabs.com\/wp-content\/uploads\/2022\/09\/human-interaction-and-technology-705x391.jpg 705w\" sizes=\"(max-width: 2560px) 100vw, 2560px\" \/><\/div><\/div><\/div><\/div><div  class='flex_column av-50sxv7f-79cb23712777532ce90a507660f8ee1d av_one_half  avia-builder-el-12  el_after_av_one_half  avia-builder-el-last  flex_column_div'     ><section  class='av_textblock_section av-l8dn8qyo-56434cbeb52409e866c29aef79309e2b'   itemscope=\"itemscope\" itemtype=\"https:\/\/schema.org\/CreativeWork\" ><div class='avia_textblock'  itemprop=\"text\" ><h3 style=\"font-weight: 400;\"><strong>A\u00f1o nuevo, objetivos nuevos: La integraci\u00f3n de datos es el primer paso <\/strong><\/h3>\n<\/div><\/section><br \/>\n<section  class='av_textblock_section av-l8dnbtyc-cbfb486494332d564f161174e1cc0711'   itemscope=\"itemscope\" itemtype=\"https:\/\/schema.org\/CreativeWork\" ><div class='avia_textblock'  itemprop=\"text\" ><p style=\"font-weight: 400;\">Mientras empieza a planificar para 2023, tenga en mente la conectividad de datos. Imagine cu\u00e1nto tiempo y costes podr\u00eda ahorrar si pudiera ver y gestionar los resultados de los an\u00e1lisis de muestras directamente en su sistema de mantenimiento actual. Es hora de conectarse. \u00c9stas son s\u00f3lo algunas de las posibilidades con <strong>DataConnect<\/strong>:<\/p>\n<\/div><\/section><\/p><\/div><\/div><\/div><\/div><!-- close content main div --><\/div><\/div><div id='av_section_4'  class='avia-section av-4fz09mj-de66d1a6abfb61c779a59cbf35398315 main_color avia-section-default avia-no-border-styling  avia-builder-el-15  el_after_av_section  el_before_av_section  avia-bg-style-scroll container_wrap sidebar_right'  ><div class='container av-section-cont-open' ><div class='template-page content  av-content-small alpha units'><div class='post-entry post-entry-type-page post-entry-21019'><div class='entry-content-wrapper clearfix'>\n<div  class='flex_column av-3wcf0vv-0b85de9f2d123f5efa4145a2b67d5d47 av_one_half  avia-builder-el-16  el_before_av_one_half  avia-builder-el-first  first flex_column_div'     ><section  class='av_textblock_section av-l8doa2bz-59f9754b92f890c2b918e99f9a406699'   itemscope=\"itemscope\" itemtype=\"https:\/\/schema.org\/CreativeWork\" ><div class='avia_textblock'  itemprop=\"text\" ><h4 style=\"font-weight: 400;\"><strong>Presentaci\u00f3n de muestras<\/strong><\/h4>\n<p style=\"font-weight: 400;\">Similar a HORIZON<sup>\u00ae<\/sup> en l\u00ednea y la aplicaci\u00f3n m\u00f3vil, DataConnect le permite enviar la informaci\u00f3n de las muestras al laboratorio directamente desde su sistema de gesti\u00f3n del mantenimiento, lo que le ahorra tiempo de trabajo y costes. Adem\u00e1s, las horas de fluidos y componentes en tiempo real capturadas en su sistema pueden sincronizarse con HORIZON para facilitar el env\u00edo de muestras.<\/p>\n<\/div><\/section><\/div><div  class='flex_column av-3dbdo8r-7f52e2f0f6c18c929b3fa7fd462aada1 av_one_half  avia-builder-el-18  el_after_av_one_half  el_before_av_one_half  flex_column_div'     ><section  class='av_textblock_section av-l8doam5k-706da70d220666105218049ff06f51ef'   itemscope=\"itemscope\" itemtype=\"https:\/\/schema.org\/CreativeWork\" ><div class='avia_textblock'  itemprop=\"text\" ><h4 style=\"font-weight: 400;\"><strong>Gesti\u00f3n de equipos<\/strong><\/h4>\n<p style=\"font-weight: 400;\">\u00bfNecesita actualizar su lista de equipos? Cuando conecte HORIZON a su sistema de mantenimiento, podr\u00e1 realizar cambios directamente desde su sistema y se reflejar\u00e1n en HORIZON.<\/p>\n<\/div><\/section><\/div><div  class='flex_column av-av_one_half-7714eba142aeda1f8b5272a3c372b279 av_one_half  avia-builder-el-20  el_after_av_one_half  el_before_av_one_half  first flex_column_div  column-top-margin'     ><section  class='av_textblock_section av-av_textblock-7a1af7d8f9790576b1769c0a9f0449ed'   itemscope=\"itemscope\" itemtype=\"https:\/\/schema.org\/CreativeWork\" ><div class='avia_textblock'  itemprop=\"text\" ><h4 style=\"font-weight: 400;\"><strong>Creaci\u00f3n autom\u00e1tica de \u00f3rdenes de trabajo<\/strong><\/h4>\n<p style=\"font-weight: 400;\">Puede crear autom\u00e1ticamente \u00f3rdenes de trabajo para sus t\u00e9cnicos en funci\u00f3n de la gravedad de la muestra. Esto elimina la necesidad de consultar varios sistemas para poner en marcha la reparaci\u00f3n o la sustituci\u00f3n de componentes.<\/p>\n<\/div><\/section><\/div><div  class='flex_column av-av_one_half-f1c518e9ff58e869f80c8f093487abc9 av_one_half  avia-builder-el-22  el_after_av_one_half  el_before_av_one_full  flex_column_div  column-top-margin'     ><section  class='av_textblock_section av-av_textblock-7a1af7d8f9790576b1769c0a9f0449ed'   itemscope=\"itemscope\" itemtype=\"https:\/\/schema.org\/CreativeWork\" ><div class='avia_textblock'  itemprop=\"text\" ><h4 style=\"font-weight: 400;\"><strong>Socios de integraci\u00f3n de datos<\/strong><\/h4>\n<p style=\"font-weight: 400;\">Nuestro equipo de fiabilidad est\u00e1 aqu\u00ed para ayudarle a conseguir una fiabilidad \u00f3ptima de sus equipos. Hemos creado soluciones de integraci\u00f3n de datos con varios grandes sistemas de gesti\u00f3n del mantenimiento. Con la API segura de POLARIS Laboratories, las posibilidades de conectividad de datos son infinitas.<\/p>\n<\/div><\/section><\/div><div  class='flex_column av-28u9ebf-97bfd5916b6c2ec4b7f575ed05518c9a av_one_full  avia-builder-el-24  el_after_av_one_half  avia-builder-el-last  first flex_column_div  column-top-margin'     ><style type=\"text\/css\" data-created_by=\"avia_inline_auto\" id=\"style-css-av-l8doivov-7a73df1ea954736dbefb1016fe44d2e0\">\n.avia-image-container.av-l8doivov-7a73df1ea954736dbefb1016fe44d2e0 img.avia_image{\nbox-shadow:none;\n}\n.avia-image-container.av-l8doivov-7a73df1ea954736dbefb1016fe44d2e0 .av-image-caption-overlay-center{\ncolor:#ffffff;\n}\n<\/style>\n<div  class='avia-image-container av-l8doivov-7a73df1ea954736dbefb1016fe44d2e0 av-styling- avia-align-center  avia-builder-el-25  avia-builder-el-no-sibling'   itemprop=\"image\" itemscope=\"itemscope\" itemtype=\"https:\/\/schema.org\/ImageObject\" ><div class=\"avia-image-container-inner\"><div class=\"avia-image-overlay-wrap\"><img decoding=\"async\" fetchpriority=\"high\" class='wp-image-20981 avia-img-lazy-loading-not-20981 avia_image' src=\"https:\/\/polarislabs.com\/wp-content\/uploads\/2022\/09\/Updated-Integrated-Partner.png\" alt='' title='Socio integrado actualizado'  height=\"287\" width=\"824\"  itemprop=\"thumbnailUrl\" srcset=\"https:\/\/polarislabs.com\/wp-content\/uploads\/2022\/09\/Updated-Integrated-Partner.png 824w, https:\/\/polarislabs.com\/wp-content\/uploads\/2022\/09\/Updated-Integrated-Partner-300x104.png 300w, https:\/\/polarislabs.com\/wp-content\/uploads\/2022\/09\/Updated-Integrated-Partner-768x267.png 768w, https:\/\/polarislabs.com\/wp-content\/uploads\/2022\/09\/Updated-Integrated-Partner-705x246.png 705w\" sizes=\"(max-width: 824px) 100vw, 824px\" \/><\/div><\/div><\/div><\/div><\/div><\/div><\/div><!-- close content main div --><\/div><\/div>\n<style type=\"text\/css\" data-created_by=\"avia_inline_auto\" id=\"style-css-av-1orrvq3-34ce7d5b0db1140de699d0c0711888ce\">\n.avia-section.av-1orrvq3-34ce7d5b0db1140de699d0c0711888ce{\nbackground-color:#ffffff;\nbackground-image:unset;\n}\n<\/style>\n<div id='av_section_5'  class='avia-section av-1orrvq3-34ce7d5b0db1140de699d0c0711888ce main_color avia-section-default avia-no-border-styling  avia-builder-el-26  el_after_av_section  avia-builder-el-last  avia-bg-style-scroll container_wrap sidebar_right'  ><div class='container av-section-cont-open' ><div class='template-page content  av-content-small alpha units'><div class='post-entry post-entry-type-page post-entry-21019'><div class='entry-content-wrapper clearfix'>\n<div  class='flex_column av-3uz0t7-c0733a49a0261024c819cd6a3a713a44 av_two_fifth  avia-builder-el-27  el_before_av_three_fifth  avia-builder-el-first  first flex_column_div'     ><section  class='av_textblock_section av-l8dofrp0-33f717c9ee86d940bcfda386445a1f06'   itemscope=\"itemscope\" itemtype=\"https:\/\/schema.org\/CreativeWork\" ><div class='avia_textblock'  itemprop=\"text\" ><h3 style=\"font-weight: 400;\"><strong>Ya es hora: empiece hoy mismo<\/strong><\/h3>\n<p style=\"font-weight: 400;\">Inicie la conversaci\u00f3n para integrar sus datos, eliminar m\u00faltiples sistemas de datos y continuar su viaje para maximizar la fiabilidad de los equipos. P\u00f3ngase en contacto con nosotros a trav\u00e9s del siguiente formulario y le responderemos en breve.<\/p>\n<\/div><\/section><\/div><div  class='flex_column av-jrb0mz-dedd801b380209f64bd0e9b07233e930 av_three_fifth  avia-builder-el-29  el_after_av_two_fifth  avia-builder-el-last  flex_column_div'     ><\/div>\n<\/div><\/div><\/div><!-- close content main div --><\/div><\/div><div id='after_section_5'  class='main_color av_default_container_wrap container_wrap sidebar_right'  ><div class='container av-section-cont-open' ><div class='template-page content  av-content-small alpha units'><div class='post-entry post-entry-type-page post-entry-21019'><div class='entry-content-wrapper clearfix'><\/p>","protected":false},"excerpt":{"rendered":"","protected":false},"author":29,"featured_media":0,"parent":0,"menu_order":0,"comment_status":"closed","ping_status":"closed","template":"","meta":{"om_disable_all_campaigns":false,"_monsterinsights_skip_tracking":false,"_monsterinsights_sitenote_active":false,"_monsterinsights_sitenote_note":"","_monsterinsights_sitenote_category":0,"footnotes":""},"class_list":["post-21019","page","type-page","status-publish","hentry"],"aioseo_notices":[],"_links":{"self":[{"href":"https:\/\/polarislabs.com\/es\/wp-json\/wp\/v2\/pages\/21019","targetHints":{"allow":["GET"]}}],"collection":[{"href":"https:\/\/polarislabs.com\/es\/wp-json\/wp\/v2\/pages"}],"about":[{"href":"https:\/\/polarislabs.com\/es\/wp-json\/wp\/v2\/types\/page"}],"author":[{"embeddable":true,"href":"https:\/\/polarislabs.com\/es\/wp-json\/wp\/v2\/users\/29"}],"replies":[{"embeddable":true,"href":"https:\/\/polarislabs.com\/es\/wp-json\/wp\/v2\/comments?post=21019"}],"version-history":[{"count":0,"href":"https:\/\/polarislabs.com\/es\/wp-json\/wp\/v2\/pages\/21019\/revisions"}],"wp:attachment":[{"href":"https:\/\/polarislabs.com\/es\/wp-json\/wp\/v2\/media?parent=21019"}],"curies":[{"name":"wp","href":"https:\/\/api.w.org\/{rel}","templated":true}]}}