{"id":21034,"date":"2022-09-26T17:45:11","date_gmt":"2022-09-26T21:45:11","guid":{"rendered":"https:\/\/polarislabs.com\/?page_id=21034"},"modified":"2023-03-06T10:41:36","modified_gmt":"2023-03-06T15:41:36","slug":"xcelerate23","status":"publish","type":"page","link":"https:\/\/polarislabs.com\/es\/xcelerate23\/","title":{"rendered":"Xcelerate23"},"content":{"rendered":"<div  class='flex_column av-48whgiy-90cbf28009f4afed2f55f500693273cc av_one_full  avia-builder-el-0  el_before_av_one_fifth  avia-builder-el-first  first flex_column_div'     ><style type=\"text\/css\" data-created_by=\"avia_inline_auto\" id=\"style-css-av-l8j6kx64-2f86864b12091431d60af98c19334710\">\n.avia-image-container.av-l8j6kx64-2f86864b12091431d60af98c19334710 img.avia_image{\nbox-shadow:none;\n}\n.avia-image-container.av-l8j6kx64-2f86864b12091431d60af98c19334710 .av-image-caption-overlay-center{\ncolor:#ffffff;\n}\n<\/style>\n<div  class='avia-image-container av-l8j6kx64-2f86864b12091431d60af98c19334710 av-styling- avia-align-center  avia-builder-el-1  avia-builder-el-no-sibling'   itemprop=\"image\" itemscope=\"itemscope\" itemtype=\"https:\/\/schema.org\/ImageObject\" ><div class=\"avia-image-container-inner\"><div class=\"avia-image-overlay-wrap\"><img decoding=\"async\" fetchpriority=\"high\" class='wp-image-22169 avia-img-lazy-loading-not-22169 avia_image' src=\"https:\/\/polarislabs.com\/wp-content\/uploads\/2023\/03\/X23-homepage-banner_1920x516px.jpg\" alt='' title='X23-homepage-banner_1920x516px'  height=\"215\" width=\"800\"  itemprop=\"thumbnailUrl\" srcset=\"https:\/\/polarislabs.com\/wp-content\/uploads\/2023\/03\/X23-homepage-banner_1920x516px.jpg 800w, https:\/\/polarislabs.com\/wp-content\/uploads\/2023\/03\/X23-homepage-banner_1920x516px-300x81.jpg 300w, https:\/\/polarislabs.com\/wp-content\/uploads\/2023\/03\/X23-homepage-banner_1920x516px-768x206.jpg 768w, https:\/\/polarislabs.com\/wp-content\/uploads\/2023\/03\/X23-homepage-banner_1920x516px-705x189.jpg 705w\" sizes=\"(max-width: 800px) 100vw, 800px\" \/><\/div><\/div><\/div><\/div>\n<div  class='flex_column av-441i5u2-d65b9e077ea2c594a121ff771fb713ac av_one_fifth  avia-builder-el-2  el_after_av_one_full  el_before_av_three_fifth  first flex_column_div  column-top-margin'     ><\/div>\n<div  class='flex_column av-3n8wh0q-b2aa3f196c4aded65a8c90376545d04b av_three_fifth  avia-builder-el-3  el_after_av_one_fifth  el_before_av_section  avia-builder-el-last  flex_column_div  column-top-margin'     ><section  class='av_textblock_section av-l8j88iwr-daba9116548d0e0e0724102d5e6b52a6'   itemscope=\"itemscope\" itemtype=\"https:\/\/schema.org\/CreativeWork\" ><div class='avia_textblock'  itemprop=\"text\" ><p style=\"font-weight: 400;\">En el sector del mantenimiento, los datos pueden marcar la diferencia entre el \u00e9xito y el fracaso. Con una gran cantidad de datos, incluidos sensores y telem\u00e1tica, es importante para el \u00e9xito del mantenimiento conectarlos todos dentro de un \u00fanico sistema.<\/p>\n<\/div><\/section><\/div>\n<\/div><\/div><\/div><!-- close content main div --><\/div><\/div>\n<style type=\"text\/css\" data-created_by=\"avia_inline_auto\" id=\"style-css-av-34v564q-5b05a29ef9d373c19b77ab623f1ca43e\">\n.avia-section.av-34v564q-5b05a29ef9d373c19b77ab623f1ca43e{\nbackground-color:#ffffff;\nbackground-image:unset;\n}\n<\/style>\n<div id='av_section_1'  class='avia-section av-34v564q-5b05a29ef9d373c19b77ab623f1ca43e main_color avia-section-default avia-no-border-styling  avia-builder-el-5  el_after_av_three_fifth  el_before_av_section  avia-bg-style-scroll container_wrap sidebar_right'  ><div class='container av-section-cont-open' ><div class='template-page content  av-content-small alpha units'><div class='post-entry post-entry-type-page post-entry-21034'><div class='entry-content-wrapper clearfix'>\n<div  class='flex_column av-jsz156-caeca8b6c7cfbf46e4d60f8072ebd553 av_one_full  avia-builder-el-6  el_before_av_two_third  avia-builder-el-first  first flex_column_div'     ><style type=\"text\/css\" data-created_by=\"avia_inline_auto\" id=\"style-css-av-l8jasj1u-5fb8949ef473584b6037ce51e9d8eada\">\n.avia-image-container.av-l8jasj1u-5fb8949ef473584b6037ce51e9d8eada img.avia_image{\nbox-shadow:none;\n}\n.avia-image-container.av-l8jasj1u-5fb8949ef473584b6037ce51e9d8eada .av-image-caption-overlay-center{\ncolor:#ffffff;\n}\n<\/style>\n<div  class='avia-image-container av-l8jasj1u-5fb8949ef473584b6037ce51e9d8eada av-styling- avia-align-center  avia-builder-el-7  avia-builder-el-no-sibling'   itemprop=\"image\" itemscope=\"itemscope\" itemtype=\"https:\/\/schema.org\/ImageObject\" ><div class=\"avia-image-container-inner\"><div class=\"avia-image-overlay-wrap\"><img decoding=\"async\" fetchpriority=\"high\" class='wp-image-21039 avia-img-lazy-loading-not-21039 avia_image' src=\"https:\/\/polarislabs.com\/wp-content\/uploads\/2022\/09\/Fluid-Analysis-to-CMMS-1030x216.png\" alt='' title='Del an\u00e1lisis de fluidos a la GMAO'  height=\"216\" width=\"1030\"  itemprop=\"thumbnailUrl\" srcset=\"https:\/\/polarislabs.com\/wp-content\/uploads\/2022\/09\/Fluid-Analysis-to-CMMS-1030x216.png 1030w, https:\/\/polarislabs.com\/wp-content\/uploads\/2022\/09\/Fluid-Analysis-to-CMMS-300x63.png 300w, https:\/\/polarislabs.com\/wp-content\/uploads\/2022\/09\/Fluid-Analysis-to-CMMS-768x161.png 768w, https:\/\/polarislabs.com\/wp-content\/uploads\/2022\/09\/Fluid-Analysis-to-CMMS-1536x322.png 1536w, https:\/\/polarislabs.com\/wp-content\/uploads\/2022\/09\/Fluid-Analysis-to-CMMS-2048x429.png 2048w, https:\/\/polarislabs.com\/wp-content\/uploads\/2022\/09\/Fluid-Analysis-to-CMMS-1500x314.png 1500w, https:\/\/polarislabs.com\/wp-content\/uploads\/2022\/09\/Fluid-Analysis-to-CMMS-705x148.png 705w\" sizes=\"(max-width: 1030px) 100vw, 1030px\" \/><\/div><\/div><\/div><\/div><div  class='flex_column av-25ef8i2-fef22d56d586e3e84826b996d96c3b44 av_two_third  avia-builder-el-8  el_after_av_one_full  el_before_av_one_third  first flex_column_div  column-top-margin'     ><section  class='av_textblock_section av-l8j8hn5u-486edd981b7a7b49a4ddf0321622aaec'   itemscope=\"itemscope\" itemtype=\"https:\/\/schema.org\/CreativeWork\" ><div class='avia_textblock'  itemprop=\"text\" ><p style=\"font-weight: 400;\">POLARIS Laboratories<sup>\u00ae<\/sup> ha desarrollado una conexi\u00f3n API (interfaz de programaci\u00f3n de aplicaciones) segura denominada DataConnect para sincronizar sin problemas los resultados de sus muestras directamente con su GMAO. Esto le ofrece la oportunidad de:<\/p>\n<ul>\n<li>Eliminar los sistemas m\u00faltiples<\/li>\n<li>Conecte sus datos de mantenimiento<\/li>\n<li>Creaci\u00f3n autom\u00e1tica de \u00f3rdenes de trabajo en funci\u00f3n de la gravedad de los informes<\/li>\n<li>Vea la imagen completa de la fiabilidad de su equipo<\/li>\n<\/ul>\n<\/div><\/section><\/div><div  class='flex_column av-1fjwv56-849dd3a72b431bcb5b06d5877e948c7e av_one_third  avia-builder-el-10  el_after_av_two_third  avia-builder-el-last  flex_column_div  column-top-margin'     ><style type=\"text\/css\" data-created_by=\"avia_inline_auto\" id=\"style-css-av-l8j9ghdr-240525836f39dc28fd89c8bcf7a5c660\">\n.avia-image-container.av-l8j9ghdr-240525836f39dc28fd89c8bcf7a5c660 img.avia_image{\nbox-shadow:none;\n}\n.avia-image-container.av-l8j9ghdr-240525836f39dc28fd89c8bcf7a5c660 .av-image-caption-overlay-center{\ncolor:#ffffff;\n}\n<\/style>\n<div  class='avia-image-container av-l8j9ghdr-240525836f39dc28fd89c8bcf7a5c660 av-styling- avia-align-center  avia-builder-el-11  avia-builder-el-no-sibling'   itemprop=\"image\" itemscope=\"itemscope\" itemtype=\"https:\/\/schema.org\/ImageObject\" ><div class=\"avia-image-container-inner\"><div class=\"avia-image-overlay-wrap\"><img decoding=\"async\" fetchpriority=\"high\" class='wp-image-20739 avia-img-lazy-loading-not-20739 avia_image' src=\"https:\/\/polarislabs.com\/wp-content\/uploads\/2022\/07\/DataConnect-Computer-2.png\" alt='' title='Ordenador DataConnect'  height=\"750\" width=\"750\"  itemprop=\"thumbnailUrl\" srcset=\"https:\/\/polarislabs.com\/wp-content\/uploads\/2022\/07\/DataConnect-Computer-2.png 750w, https:\/\/polarislabs.com\/wp-content\/uploads\/2022\/07\/DataConnect-Computer-2-300x300.png 300w, https:\/\/polarislabs.com\/wp-content\/uploads\/2022\/07\/DataConnect-Computer-2-80x80.png 80w, https:\/\/polarislabs.com\/wp-content\/uploads\/2022\/07\/DataConnect-Computer-2-36x36.png 36w, https:\/\/polarislabs.com\/wp-content\/uploads\/2022\/07\/DataConnect-Computer-2-180x180.png 180w, https:\/\/polarislabs.com\/wp-content\/uploads\/2022\/07\/DataConnect-Computer-2-705x705.png 705w\" sizes=\"(max-width: 750px) 100vw, 750px\" \/><\/div><\/div><\/div><\/div>\n\n<\/div><\/div><\/div><!-- close content main div --><\/div><\/div><div id='av_section_2'  class='avia-section av-me7ih6-31a4f1c4c97fa4ddb2239adf154df697 main_color avia-section-default avia-no-border-styling  avia-builder-el-12  el_after_av_section  avia-builder-el-last  avia-bg-style-scroll container_wrap sidebar_right'  ><div class='container av-section-cont-open' ><div class='template-page content  av-content-small alpha units'><div class='post-entry post-entry-type-page post-entry-21034'><div class='entry-content-wrapper clearfix'>\n<div  class='flex_column av-18oy9ey-a80a96b9b60a62346607b8fbce9b5437 av_one_full  avia-builder-el-13  el_before_av_two_third  avia-builder-el-first  first flex_column_div'     ><section  class='av_textblock_section av-l8j96ijb-96d443c6cded7b44e07d477b90988364'   itemscope=\"itemscope\" itemtype=\"https:\/\/schema.org\/CreativeWork\" ><div class='avia_textblock'  itemprop=\"text\" ><h3 style=\"font-weight: 400;\"><strong>\u00bfC\u00f3mo funciona DataConnect?<\/strong><\/h3>\n<p style=\"font-weight: 400;\">Aunque la soluci\u00f3n llave en mano est\u00e1 en desarrollo, todav\u00eda puede conectar sus datos ahora. A trav\u00e9s de la transferencia de API segura y protegida, y con la ayuda de su equipo de TI, nuestro equipo de fiabilidad puede trabajar con usted para crear conexiones personalizadas para usted.<\/p>\n<\/div><\/section><\/div><div  class='flex_column av-18ew1ai-e00eefe0e8051b4840daac0b0b5d6e4c av_two_third  avia-builder-el-15  el_after_av_one_full  el_before_av_hr  first flex_column_div  column-top-margin'     ><section  class='av_textblock_section av-l8j8i2eh-634c4ee0df697e1d8c80f4bea0e52b17'   itemscope=\"itemscope\" itemtype=\"https:\/\/schema.org\/CreativeWork\" ><div class='avia_textblock'  itemprop=\"text\" ><p style=\"font-weight: 400;\">En colaboraci\u00f3n con Fluke y eMaint, POLARIS desarrolla actualmente una soluci\u00f3n llave en mano para conectar los sistemas eMaint con HORIZON<sup>\u00ae<\/sup>, la plataforma de gesti\u00f3n de datos de muestras de POLARIS Laboratories. Esta soluci\u00f3n llave en mano proporcionar\u00e1 cuadros de mando de GMAO para incluir datos de muestras de an\u00e1lisis de fluidos al alcance de su mano.<\/p>\n<\/div><\/section><\/div><div  class='hr av-k4gp4a-5cd100ae8ab6569552e789e7ecfd62e9 hr-default  avia-builder-el-17  el_after_av_two_third  el_before_av_textblock'><span class='hr-inner'><span class=\"hr-inner-style\"><\/span><\/span><\/div>\n<section  class='av_textblock_section av-l8ja7eo4-9fdca35c0eb4a317697b52d5e56343a2'   itemscope=\"itemscope\" itemtype=\"https:\/\/schema.org\/CreativeWork\" ><div class='avia_textblock'  itemprop=\"text\" ><p style=\"font-weight: 400;\"><img loading=\"lazy\" decoding=\"async\" class=\"size-square wp-image-21038 alignleft\" src=\"https:\/\/polarislabs.com\/wp-content\/uploads\/2022\/09\/Randy-Clark-180x180.jpg\" alt=\"\" width=\"180\" height=\"180\" srcset=\"https:\/\/polarislabs.com\/wp-content\/uploads\/2022\/09\/Randy-Clark-180x180.jpg 180w, https:\/\/polarislabs.com\/wp-content\/uploads\/2022\/09\/Randy-Clark-80x80.jpg 80w, https:\/\/polarislabs.com\/wp-content\/uploads\/2022\/09\/Randy-Clark-36x36.jpg 36w\" sizes=\"auto, (max-width: 180px) 100vw, 180px\" \/>Si desea m\u00e1s informaci\u00f3n, p\u00f3ngase en contacto con Randy Clark, Director de Fiabilidad en <a href=\"mailto:rclark@polarislabs.com\">rclark@polarislabs.com<\/a><\/p>\n<\/div><\/section>\n<div  class='hr av-242o9sa-9c9dbd909fdca20ddfc3bcd9d246abb3 hr-default  avia-builder-el-19  el_after_av_textblock  el_before_av_heading'><span class='hr-inner'><span class=\"hr-inner-style\"><\/span><\/span><\/div>\n\n<style type=\"text\/css\" data-created_by=\"avia_inline_auto\" id=\"style-css-av-l8knlpql-61e81bd79f03e9f8de0d1128b0062d0a\">\n#top .av-special-heading.av-l8knlpql-61e81bd79f03e9f8de0d1128b0062d0a{\npadding-bottom:10px;\n}\nbody .av-special-heading.av-l8knlpql-61e81bd79f03e9f8de0d1128b0062d0a .av-special-heading-tag .heading-char{\nfont-size:25px;\n}\n.av-special-heading.av-l8knlpql-61e81bd79f03e9f8de0d1128b0062d0a .av-subheading{\nfont-size:15px;\n}\n<\/style>\n<div  class='av-special-heading av-l8knlpql-61e81bd79f03e9f8de0d1128b0062d0a av-special-heading-h4  avia-builder-el-20  el_after_av_hr  el_before_av_hr'><h4 class='av-special-heading-tag'  itemprop=\"headline\"  >M\u00e1s informaci\u00f3n sobre las posibilidades de DataConnect<\/h4><div class=\"special-heading-border\"><div class=\"special-heading-inner-border\"><\/div><\/div><\/div>\n<div  class='hr av-1ijobmy-2f8ef3fe5f9f906ef1509ad8e60a16fb hr-default  avia-builder-el-21  el_after_av_heading  el_before_av_one_third'><span class='hr-inner'><span class=\"hr-inner-style\"><\/span><\/span><\/div>\n<div  class='flex_column av-15vx022-b38c3d37c7fd1f5ec8b502ac38e1aa02 av_one_third  avia-builder-el-22  el_after_av_hr  el_before_av_one_third  first flex_column_div'     ><p>\n<style type=\"text\/css\" data-created_by=\"avia_inline_auto\" id=\"style-css-av-l8kno3ss-31303634155db74a986c9e878726eb59\">\n.avia-image-container.av-l8kno3ss-31303634155db74a986c9e878726eb59 img.avia_image{\nbox-shadow:none;\n}\n.avia-image-container.av-l8kno3ss-31303634155db74a986c9e878726eb59 .av-image-caption-overlay-center{\ncolor:#ffffff;\n}\n<\/style>\n<div  class='avia-image-container av-l8kno3ss-31303634155db74a986c9e878726eb59 av-styling- av-img-linked avia-align-center  avia-builder-el-23  el_before_av_textblock  avia-builder-el-first'   itemprop=\"image\" itemscope=\"itemscope\" itemtype=\"https:\/\/schema.org\/ImageObject\" ><div class=\"avia-image-container-inner\"><div class=\"avia-image-overlay-wrap\"><a href=\"https:\/\/www2.eoilreports.com\/l\/8822\/2022-09-28\/94j7kg\/8822\/1664380192EBicFq8y\/Data_Connect_Brochure.pdf\" class='avia_image'  target=\"_blank\"  rel=\"noopener noreferrer\" aria-label='folleto data connect miniatura'><img decoding=\"async\" fetchpriority=\"high\" class='wp-image-21049 avia-img-lazy-loading-not-21049 avia_image' src=\"https:\/\/polarislabs.com\/wp-content\/uploads\/2022\/09\/data-connect-brochure-thumbnail.png\" alt='' title='folleto data connect miniatura'  height=\"250\" width=\"198\"  itemprop=\"thumbnailUrl\"  \/><\/a><\/div><\/div><\/div><br \/>\n<section  class='av_textblock_section av-l8knq1v9-73710b5bb498f8525df794084c0a7987'   itemscope=\"itemscope\" itemtype=\"https:\/\/schema.org\/CreativeWork\" ><div class='avia_textblock'  itemprop=\"text\" ><p><b>DataConnect: \u00bfQu\u00e9 es?<\/b><\/p>\n<p>Vea las ventajas de integrarse con DataConnect, los requisitos de configuraci\u00f3n y qu\u00e9 informaci\u00f3n puede integrarse y recibirse a trav\u00e9s de la API segura.<\/p>\n<\/div><\/section><\/p><\/div><div  class='flex_column av-n3t5hm-c71b86e8740cee1a014fd9242c07c001 av_one_third  avia-builder-el-25  el_after_av_one_third  avia-builder-el-last  flex_column_div'     ><p>\n<style type=\"text\/css\" data-created_by=\"avia_inline_auto\" id=\"style-css-av-l8knt6xj-5fa0ebe22e82b60cae3aa65467ad03cf\">\n.avia-image-container.av-l8knt6xj-5fa0ebe22e82b60cae3aa65467ad03cf img.avia_image{\nbox-shadow:none;\n}\n.avia-image-container.av-l8knt6xj-5fa0ebe22e82b60cae3aa65467ad03cf .av-image-caption-overlay-center{\ncolor:#ffffff;\n}\n<\/style>\n<div  class='avia-image-container av-l8knt6xj-5fa0ebe22e82b60cae3aa65467ad03cf av-styling- av-img-linked avia-align-center  avia-builder-el-26  el_before_av_textblock  avia-builder-el-first'   itemprop=\"image\" itemscope=\"itemscope\" itemtype=\"https:\/\/schema.org\/ImageObject\" ><div class=\"avia-image-container-inner\"><div class=\"avia-image-overlay-wrap\"><a href=\"https:\/\/polarislabs-1.wistia.com\/medias\/yh3wjbjfwq\" class='avia_image'  target=\"_blank\"  rel=\"noopener noreferrer\" aria-label='miniatura de la grabaci\u00f3n del seminario web dataconnect'><img decoding=\"async\" fetchpriority=\"high\" class='wp-image-21048 avia-img-lazy-loading-not-21048 avia_image' src=\"https:\/\/polarislabs.com\/wp-content\/uploads\/2022\/09\/dataconnect-webinar-recording-thumbnail-1-300x175.png\" alt='' title='miniatura de la grabaci\u00f3n del seminario web dataconnect'  height=\"175\" width=\"300\"  itemprop=\"thumbnailUrl\" srcset=\"https:\/\/polarislabs.com\/wp-content\/uploads\/2022\/09\/dataconnect-webinar-recording-thumbnail-1-300x175.png 300w, https:\/\/polarislabs.com\/wp-content\/uploads\/2022\/09\/dataconnect-webinar-recording-thumbnail-1-768x448.png 768w, https:\/\/polarislabs.com\/wp-content\/uploads\/2022\/09\/dataconnect-webinar-recording-thumbnail-1-705x411.png 705w, https:\/\/polarislabs.com\/wp-content\/uploads\/2022\/09\/dataconnect-webinar-recording-thumbnail-1.png 783w\" sizes=\"(max-width: 300px) 100vw, 300px\" \/><\/a><\/div><\/div><\/div><br \/>\n<section  class='av_textblock_section av-l8knsa70-567d17e0a19742c2f050779f8bf160d2'   itemscope=\"itemscope\" itemtype=\"https:\/\/schema.org\/CreativeWork\" ><div class='avia_textblock'  itemprop=\"text\" ><p><strong>Conexiones adecuadas para el mantenimiento<\/strong><\/p>\n<p>Vea este seminario web grabado para saber c\u00f3mo funciona la integraci\u00f3n de datos, c\u00f3mo configurarla y los resultados positivos que puede aportar a su programa de mantenimiento.<\/p>\n<\/div><\/section><\/p><\/div>\n<\/div><\/div><\/div><!-- close content main div --><\/div><\/div><div id='after_section_2'  class='main_color av_default_container_wrap container_wrap sidebar_right'  ><div class='container av-section-cont-open' ><div class='template-page content  av-content-small alpha units'><div class='post-entry post-entry-type-page post-entry-21034'><div class='entry-content-wrapper clearfix'>","protected":false},"excerpt":{"rendered":"","protected":false},"author":29,"featured_media":0,"parent":0,"menu_order":0,"comment_status":"closed","ping_status":"closed","template":"","meta":{"om_disable_all_campaigns":false,"_monsterinsights_skip_tracking":false,"_monsterinsights_sitenote_active":false,"_monsterinsights_sitenote_note":"","_monsterinsights_sitenote_category":0,"footnotes":""},"class_list":["post-21034","page","type-page","status-publish","hentry"],"aioseo_notices":[],"_links":{"self":[{"href":"https:\/\/polarislabs.com\/es\/wp-json\/wp\/v2\/pages\/21034","targetHints":{"allow":["GET"]}}],"collection":[{"href":"https:\/\/polarislabs.com\/es\/wp-json\/wp\/v2\/pages"}],"about":[{"href":"https:\/\/polarislabs.com\/es\/wp-json\/wp\/v2\/types\/page"}],"author":[{"embeddable":true,"href":"https:\/\/polarislabs.com\/es\/wp-json\/wp\/v2\/users\/29"}],"replies":[{"embeddable":true,"href":"https:\/\/polarislabs.com\/es\/wp-json\/wp\/v2\/comments?post=21034"}],"version-history":[{"count":0,"href":"https:\/\/polarislabs.com\/es\/wp-json\/wp\/v2\/pages\/21034\/revisions"}],"wp:attachment":[{"href":"https:\/\/polarislabs.com\/es\/wp-json\/wp\/v2\/media?parent=21034"}],"curies":[{"name":"wp","href":"https:\/\/api.w.org\/{rel}","templated":true}]}}