{"id":21920,"date":"2023-01-24T16:51:46","date_gmt":"2023-01-24T21:51:46","guid":{"rendered":"https:\/\/polarislabs.com\/more-prep-for-2023-copy\/"},"modified":"2023-01-25T12:53:22","modified_gmt":"2023-01-25T17:53:22","slug":"2023-power-gen-international","status":"publish","type":"page","link":"https:\/\/polarislabs.com\/es\/2023-power-gen-international\/","title":{"rendered":"2023 Power Gen International"},"content":{"rendered":"<style type=\"text\/css\" data-created_by=\"avia_inline_auto\" id=\"style-css-av-l8dn23h7-680c6ed821a13758330cbba87dcb9757\">\n.avia-section.av-l8dn23h7-680c6ed821a13758330cbba87dcb9757{\nbackground-color:#003a70;\nbackground-image:unset;\n}\n<\/style>\n<div id='av_section_1'  class='avia-section av-l8dn23h7-680c6ed821a13758330cbba87dcb9757 main_color avia-section-default avia-no-border-styling  avia-builder-el-0  el_before_av_section  avia-builder-el-first  avia-bg-style-scroll container_wrap sidebar_right'  ><div class='container av-section-cont-open' ><main  role=\"main\" itemprop=\"mainContentOfPage\"  class='template-page content  av-content-small alpha units'><div class='post-entry post-entry-type-page post-entry-21920'><div class='entry-content-wrapper clearfix'>\n<div  class='flex_column av-86bncnv-1e678d555eeb030c3ec58afe6aab02f4 av_three_fifth  avia-builder-el-1  el_before_av_two_fifth  avia-builder-el-first  first flex_column_div'     ><style type=\"text\/css\" data-created_by=\"avia_inline_auto\" id=\"style-css-av-l8dq8gyp-49adba8841e1f105f923b3d3339371f3\">\n#top .av_textblock_section.av-l8dq8gyp-49adba8841e1f105f923b3d3339371f3 .avia_textblock{\ncolor:#ffffff;\n}\n<\/style>\n<section  class='av_textblock_section av-l8dq8gyp-49adba8841e1f105f923b3d3339371f3'   itemscope=\"itemscope\" itemtype=\"https:\/\/schema.org\/CreativeWork\" ><div class='avia_textblock av_inherit_color'  itemprop=\"text\" ><h1 style=\"font-weight: 400;\"><span style=\"color: #ffffff;\"><strong>OPTIMIZAR LA FIABILIDAD CON EL AN\u00c1LISIS DE FLUIDOS<\/strong><\/span><\/h1>\n<\/div><\/section><\/div><div  class='flex_column av-av_two_fifth-f1c518e9ff58e869f80c8f093487abc9 av_two_fifth  avia-builder-el-3  el_after_av_three_fifth  avia-builder-el-last  flex_column_div'     ><style type=\"text\/css\" data-created_by=\"avia_inline_auto\" id=\"style-css-av-ldbyr2n0-33495373a09e1127f2cf7e69192ae11f\">\n.avia-image-container.av-ldbyr2n0-33495373a09e1127f2cf7e69192ae11f img.avia_image{\nbox-shadow:none;\n}\n.avia-image-container.av-ldbyr2n0-33495373a09e1127f2cf7e69192ae11f .av-image-caption-overlay-center{\ncolor:#ffffff;\n}\n<\/style>\n<div  class='avia-image-container av-ldbyr2n0-33495373a09e1127f2cf7e69192ae11f av-styling- avia-align-center  avia-builder-el-4  avia-builder-el-no-sibling'   itemprop=\"image\" itemscope=\"itemscope\" itemtype=\"https:\/\/schema.org\/ImageObject\" ><div class=\"avia-image-container-inner\"><div class=\"avia-image-overlay-wrap\"><img decoding=\"async\" fetchpriority=\"high\" class='wp-image-21649 avia-img-lazy-loading-not-21649 avia_image' src=\"https:\/\/polarislabs.com\/wp-content\/uploads\/2023\/01\/iStock-1043558202-1030x579.jpg\" alt='' title='Vista a\u00e9rea central el\u00e9ctrica, central el\u00e9ctrica de ciclo combinado industria estaci\u00f3n generadora de electricidad.'  height=\"579\" width=\"1030\"  itemprop=\"thumbnailUrl\" srcset=\"https:\/\/polarislabs.com\/wp-content\/uploads\/2023\/01\/iStock-1043558202-1030x579.jpg 1030w, https:\/\/polarislabs.com\/wp-content\/uploads\/2023\/01\/iStock-1043558202-300x169.jpg 300w, https:\/\/polarislabs.com\/wp-content\/uploads\/2023\/01\/iStock-1043558202-768x432.jpg 768w, https:\/\/polarislabs.com\/wp-content\/uploads\/2023\/01\/iStock-1043558202-1536x863.jpg 1536w, https:\/\/polarislabs.com\/wp-content\/uploads\/2023\/01\/iStock-1043558202-2048x1151.jpg 2048w, https:\/\/polarislabs.com\/wp-content\/uploads\/2023\/01\/iStock-1043558202-1500x843.jpg 1500w, https:\/\/polarislabs.com\/wp-content\/uploads\/2023\/01\/iStock-1043558202-705x396.jpg 705w\" sizes=\"(max-width: 1030px) 100vw, 1030px\" \/><\/div><\/div><\/div><\/div><\/div><\/div><\/main><!-- close content main element --><\/div><\/div><div id='av_section_2'  class='avia-section av-7pevmm3-d6970350e085cd8c379019fc079901a2 main_color avia-section-default avia-no-border-styling  avia-builder-el-5  el_after_av_section  el_before_av_section  avia-bg-style-scroll container_wrap sidebar_right'  ><div class='container av-section-cont-open' ><div class='template-page content  av-content-small alpha units'><div class='post-entry post-entry-type-page post-entry-21920'><div class='entry-content-wrapper clearfix'>\n<div  class='flex_column av-iyhnnk-9af201d866e101a10c4b7a05c8dda04a av_one_fifth  avia-builder-el-6  el_before_av_two_third  avia-builder-el-first  first flex_column_div'     ><\/div><div  class='flex_column av-n4el2z-7c649d305bc301d1f613d0c07283f16b av_two_third  avia-builder-el-7  el_after_av_one_fifth  el_before_av_one_half  first flex_column_div  column-top-margin'     ><section  class='av_textblock_section av-l8dpj30z-14c8526ac398dc6be195a88fdaab23b2'   itemscope=\"itemscope\" itemtype=\"https:\/\/schema.org\/CreativeWork\" ><div class='avia_textblock'  itemprop=\"text\" ><p style=\"font-weight: 400;\">En la industria de generaci\u00f3n de energ\u00eda, es importante asegurarse de que los equipos est\u00e9n disponibles cuando se necesitan. Supervisar las condiciones mediante an\u00e1lisis rutinarios de fluidos permite evitar paradas imprevistas y realizar el mantenimiento necesario en funci\u00f3n de lo que ocurre realmente en la unidad y no de las horas de funcionamiento o los d\u00edas naturales.<\/p>\n<\/div><\/section><\/div><div  class='flex_column av-135qme3-c753b02f95828a6fa40edfda1005b1b8 av_one_half  avia-builder-el-9  el_after_av_two_third  el_before_av_one_half  first flex_column_div  column-top-margin'     ><style type=\"text\/css\" data-created_by=\"avia_inline_auto\" id=\"style-css-av-t3c2gr-adbf707b923ea0440799a1395c298b37\">\n.avia-image-container.av-t3c2gr-adbf707b923ea0440799a1395c298b37 img.avia_image{\nbox-shadow:none;\n}\n.avia-image-container.av-t3c2gr-adbf707b923ea0440799a1395c298b37 .av-image-caption-overlay-center{\ncolor:#ffffff;\n}\n<\/style>\n<div  class='avia-image-container av-t3c2gr-adbf707b923ea0440799a1395c298b37 av-styling- avia-align-center  avia-builder-el-10  avia-builder-el-no-sibling'   itemprop=\"image\" itemscope=\"itemscope\" itemtype=\"https:\/\/schema.org\/ImageObject\" ><div class=\"avia-image-container-inner\"><div class=\"avia-image-overlay-wrap\"><img decoding=\"async\" fetchpriority=\"high\" class='wp-image-21724 avia-img-lazy-loading-not-21724 avia_image' src=\"https:\/\/polarislabs.com\/wp-content\/uploads\/2023\/01\/POWERGEN-International-Logo-White.png-2.png\" alt='' title='POWERGEN-International-Logo-White.png-2'  height=\"96\" width=\"400\"  itemprop=\"thumbnailUrl\" srcset=\"https:\/\/polarislabs.com\/wp-content\/uploads\/2023\/01\/POWERGEN-International-Logo-White.png-2.png 400w, https:\/\/polarislabs.com\/wp-content\/uploads\/2023\/01\/POWERGEN-International-Logo-White.png-2-300x72.png 300w\" sizes=\"(max-width: 400px) 100vw, 400px\" \/><\/div><\/div><\/div><\/div><div  class='flex_column av-18r1aps-87f976250c47ce21144c0e1c4ebfa0bf av_one_half  avia-builder-el-11  el_after_av_one_half  avia-builder-el-last  flex_column_div  column-top-margin'     ><section  class='av_textblock_section av-ldrsxs-87ab0d01665fbf6dc96af19381384a77'   itemscope=\"itemscope\" itemtype=\"https:\/\/schema.org\/CreativeWork\" ><div class='avia_textblock'  itemprop=\"text\" ><p style=\"font-weight: 400;\">\u00a1Gracias por reunirse con nosotros en la feria Power Gen International 2023! A continuaci\u00f3n encontrar\u00e1 los paquetes de pruebas y precios recomendados por POLARIS Laboratories para sistemas de energ\u00eda de respaldo y sistemas de generaci\u00f3n de energ\u00eda.<\/p>\n<\/div><\/section><\/div><\/div><\/div><\/div><!-- close content main div --><\/div><\/div>\n<style type=\"text\/css\" data-created_by=\"avia_inline_auto\" id=\"style-css-av-lb6ozpzd-c46adc96543eb20142a0891a169b4740\">\n.avia-section.av-lb6ozpzd-c46adc96543eb20142a0891a169b4740{\nbackground-color:#ffffff;\nbackground-image:unset;\n}\n<\/style>\n<div id='av_section_3'  class='avia-section av-lb6ozpzd-c46adc96543eb20142a0891a169b4740 main_color avia-section-default avia-no-border-styling  avia-builder-el-13  el_after_av_section  el_before_av_section  avia-bg-style-scroll container_wrap sidebar_right'  ><div class='container av-section-cont-open' ><div class='template-page content  av-content-small alpha units'><div class='post-entry post-entry-type-page post-entry-21920'><div class='entry-content-wrapper clearfix'>\n<div  class='flex_column av-12b0nwt-8ba9701de9e079184c040e32ee68e3b5 av_three_fourth  avia-builder-el-14  el_before_av_one_half  avia-builder-el-first  first flex_column_div'     ><section  class='av_textblock_section av-ldayi3rv-b9858e8376e948a2091b034ff3157647'   itemscope=\"itemscope\" itemtype=\"https:\/\/schema.org\/CreativeWork\" ><div class='avia_textblock'  itemprop=\"text\" ><h3 style=\"font-weight: 400;\"><strong>RECOMENDACIONES DE PRUEBAS Y PRECIOS<\/strong><\/h3>\n<\/div><\/section><\/div>\n<style type=\"text\/css\" data-created_by=\"avia_inline_auto\" id=\"style-css-av-ldaytr8w-e48e57e9ad8ac9518047b59a191a8ad8\">\n.flex_column.av-ldaytr8w-e48e57e9ad8ac9518047b59a191a8ad8{\nborder-radius:5px 5px 5px 5px;\n}\n<\/style>\n<div  class='flex_column av-ldaytr8w-e48e57e9ad8ac9518047b59a191a8ad8 av_one_half  avia-builder-el-16  el_after_av_three_fourth  el_before_av_one_half  first flex_column_div  column-top-margin'     ><section  class='av_textblock_section av-ldayvaj0-b1fdbdfd5b96ce1a9945ff5761f24b59'   itemscope=\"itemscope\" itemtype=\"https:\/\/schema.org\/CreativeWork\" ><div class='avia_textblock'  itemprop=\"text\" ><h4 style=\"font-weight: 400;\"><strong>EQUIPOS DE ENERG\u00cdA DE RESERVA<\/strong><\/h4>\n<p style=\"font-weight: 400;\">*Los kits de muestras se venden en cantidades de 10 unidades.<\/p>\n<\/div><\/section><br \/>\n<section  class='av_textblock_section av-lb6p3o0w-19077aee61b6b32f3d044a9cb109e9a3'   itemscope=\"itemscope\" itemtype=\"https:\/\/schema.org\/CreativeWork\" ><div class='avia_textblock'  itemprop=\"text\" ><p style=\"font-weight: 400;\"><strong>Pruebas y an\u00e1lisis de aceites y lubricantes<\/strong><\/p>\n<p style=\"font-weight: 400;\">(Motores diesel y de gas)<\/p>\n<p style=\"font-weight: 400;\">$13.57<\/p>\n<p style=\"font-weight: 400;\">El paquete de pruebas incluye:<\/p>\n<ul>\n<li>N\u00famero de base D4739 (mod. ASTM D4739)<\/li>\n<li>An\u00e1lisis elemental de metales por ICP (aceite) (mod. ASTM D5185)<\/li>\n<li>Diluci\u00f3n de combustible % (estimaci\u00f3n)<\/li>\n<li>Oxidaci\u00f3n \/ Nitraci\u00f3n (ASTM E2412)<\/li>\n<li>Holl\u00edn % (ASTM E2412)<\/li>\n<li>Viscosidad a 40C o 100C seg\u00fan el grado del fluido (mod. ASTM D445)<\/li>\n<li>Porcentaje de agua (estimaci\u00f3n) (M\u00e9todo interno)<\/li>\n<\/ul>\n<\/div><\/section><br \/>\n<div  class='hr av-av_hr-91d7ccd583a503147498e120fee2ff9b hr-default  avia-builder-el-19  el_after_av_textblock  el_before_av_textblock'><span class='hr-inner'><span class=\"hr-inner-style\"><\/span><\/span><\/div><br \/>\n<section  class='av_textblock_section av-ldbycp2a-cad41a3e4c6d0553c442c15b30b4a82d'   itemscope=\"itemscope\" itemtype=\"https:\/\/schema.org\/CreativeWork\" ><div class='avia_textblock'  itemprop=\"text\" ><p style=\"font-weight: 400;\"><strong>Pruebas y an\u00e1lisis de aceites y lubricantes<\/strong><\/p>\n<p style=\"font-weight: 400;\">(transmisi\u00f3n, diferenciales, mandos finales y cojinetes, hidr\u00e1ulica, turbinas, motores de gas natural, compresores)<\/p>\n<p style=\"font-weight: 400;\">$13.57<\/p>\n<p style=\"font-weight: 400;\">El paquete de pruebas incluye:<\/p>\n<ul>\n<li>\u00cdndice de acidez (mod. ASTM D664)<\/li>\n<li>An\u00e1lisis elemental de metales por ICP (aceite) (mod. ASTM D5185)<\/li>\n<li>Oxidaci\u00f3n \/ Nitraci\u00f3n (ASTM E2412)<\/li>\n<li>Viscosidad a 40C o 100C seg\u00fan el grado del fluido (mod. ASTM D445)<\/li>\n<li>Porcentaje de agua (estimaci\u00f3n) (M\u00e9todo interno)<\/li>\n<\/ul>\n<\/div><\/section><br \/>\n<div  class='hr av-13hclds-9c0e820e28d0c221cd357bb3e17aa094 hr-default  avia-builder-el-21  el_after_av_textblock  el_before_av_textblock'><span class='hr-inner'><span class=\"hr-inner-style\"><\/span><\/span><\/div><br \/>\n<section  class='av_textblock_section av-ldbyd0ad-6cc6fc13578322b826882f1721a587cb'   itemscope=\"itemscope\" itemtype=\"https:\/\/schema.org\/CreativeWork\" ><div class='avia_textblock'  itemprop=\"text\" ><p style=\"font-weight: 400;\"><strong>Pruebas y an\u00e1lisis de refrigerantes<\/strong><\/p>\n<p style=\"font-weight: 400;\">(sistemas de refrigeraci\u00f3n)<\/p>\n<p style=\"font-weight: 400;\">$17.59<\/p>\n<p style=\"font-weight: 400;\">El paquete de pruebas incluye:<\/p>\n<ul>\n<li>Anticongelante % (M\u00e9todo interno)<\/li>\n<li>Punto de ebullici\u00f3n (m\u00e9todo interno)<\/li>\n<li>Visualizaci\u00f3n del refrigerante (m\u00e9todo interno)<\/li>\n<li>An\u00e1lisis elemental de metales por ICP (agua) (mod. ASTM D6130)<\/li>\n<li>Punto de congelaci\u00f3n (mod. ASTM D3321)<\/li>\n<li>Nitritos - Tira reactiva (m\u00e9todo interno)<\/li>\n<li>N\u00famero SCA (m\u00e9todo interno)<\/li>\n<li>Conductancia espec\u00edfica (medici\u00f3n con contador)<\/li>\n<li>S\u00f3lidos disueltos totales (medici\u00f3n con contador)<\/li>\n<li>Dureza total (m\u00e9todo interno)<\/li>\n<li>Aguas de pH (ASTM D1287)<\/li>\n<\/ul>\n<\/div><\/section><br \/>\n<div  class='hr av-v8oan4-eef32698efc69df5782bd305e18fc4d0 hr-default  avia-builder-el-23  el_after_av_textblock  el_before_av_textblock'><span class='hr-inner'><span class=\"hr-inner-style\"><\/span><\/span><\/div><br \/>\n<section  class='av_textblock_section av-ldbydstm-1b96fb035627276cb2ab74fceaab1686'   itemscope=\"itemscope\" itemtype=\"https:\/\/schema.org\/CreativeWork\" ><div class='avia_textblock'  itemprop=\"text\" ><p style=\"font-weight: 400;\"><strong>Pruebas y an\u00e1lisis de gas\u00f3leo<\/strong><\/p>\n<p style=\"font-weight: 400;\">$97.60<\/p>\n<p style=\"font-weight: 400;\">El paquete de pruebas incluye:<\/p>\n<ul>\n<li>% Biodi\u00e9sel (FAME) (mod. EN14078)<\/li>\n<li>Bacterias Hongos Moho Levaduras (Fabricante)<\/li>\n<li>An\u00e1lisis elemental de metales por ICP (aceite) (mod. ASTM D5185)<\/li>\n<li>Recuento de part\u00edculas (Calibraci\u00f3n: ISO 11171) (ASTM ISO 11500)<\/li>\n<li>Estabilidad t\u00e9rmica (mod. ASTM D6468)<\/li>\n<li>Agua Por Karl Fischer ppm (mod. ASTMD6304C)<\/li>\n<li>Agua y sedimentos (ASTM D2709)<\/li>\n<\/ul>\n<\/div><\/section><\/p><\/div><div  class='flex_column av-lh3tkd-8777b7e8333021539349efaa07460d26 av_one_half  avia-builder-el-25  el_after_av_one_half  el_before_av_three_fourth  flex_column_div  column-top-margin'     ><section  class='av_textblock_section av-lb6p3bln-580e9b843e9f5628f48a6c4b80c25a33'   itemscope=\"itemscope\" itemtype=\"https:\/\/schema.org\/CreativeWork\" ><div class='avia_textblock'  itemprop=\"text\" ><h4 style=\"font-weight: 400;\"><strong>EQUIPOS DE GENERACI\u00d3N DE ENERG\u00cdA<\/strong><\/h4>\n<p style=\"font-weight: 400;\">*Los kits de muestras se venden en cantidades de 10 unidades.<\/p>\n<\/div><\/section><br \/>\n<section  class='av_textblock_section av-1497ohs-b98cd887fb1fe6915b1ebe7ae4974913'   itemscope=\"itemscope\" itemtype=\"https:\/\/schema.org\/CreativeWork\" ><div class='avia_textblock'  itemprop=\"text\" ><p style=\"font-weight: 400;\"><strong>Pruebas y an\u00e1lisis de aceites y lubricantes<\/strong><\/p>\n<p style=\"font-weight: 400;\">(Motores diesel y de gas)<\/p>\n<p style=\"font-weight: 400;\">$17.92<\/p>\n<p style=\"font-weight: 400;\">El paquete de pruebas incluye:<\/p>\n<ul>\n<li>N\u00famero de base D4739 (mod. ASTM D4739)<\/li>\n<li>An\u00e1lisis elemental de metales por ICP (aceite) (mod. ASTM D5185)<\/li>\n<li>Diluci\u00f3n de combustible % (estimaci\u00f3n)<\/li>\n<li>Oxidaci\u00f3n \/ Nitraci\u00f3n (ASTM E2412)<\/li>\n<li>Cuantificador de part\u00edculas (densidad ferrosa) (Fabricante)<\/li>\n<li>Holl\u00edn % (ASTM E2412)<\/li>\n<li>Viscosidad a 40C o 100C seg\u00fan el grado del fluido (mod. ASTM D445)<\/li>\n<li>Porcentaje de agua (estimaci\u00f3n) (M\u00e9todo interno)<\/li>\n<\/ul>\n<\/div><\/section><br \/>\n<div  class='hr av-1r0xa68-305beba8ad8e16a4025a3d69a46e2e0f hr-default  avia-builder-el-28  el_after_av_textblock  el_before_av_textblock'><span class='hr-inner'><span class=\"hr-inner-style\"><\/span><\/span><\/div><br \/>\n<section  class='av_textblock_section av-ldbymqja-81fb21d60006d364903403754ff4a970'   itemscope=\"itemscope\" itemtype=\"https:\/\/schema.org\/CreativeWork\" ><div class='avia_textblock'  itemprop=\"text\" ><p style=\"font-weight: 400;\"><strong>Pruebas y an\u00e1lisis de aceites y lubricantes<\/strong><\/p>\n<p style=\"font-weight: 400;\">(hidr\u00e1ulica, autotransporte, turbinas, motores de gas natural, motores de metano y LP, compresores)<\/p>\n<p style=\"font-weight: 400;\">$92.16<\/p>\n<p style=\"font-weight: 400;\">El paquete de pruebas incluye:<\/p>\n<ul>\n<li>\u00cdndice de acidez (mod. ASTM D664)<\/li>\n<li>Ferrograf\u00eda anal\u00edtica (ASTM D7690)<\/li>\n<li>An\u00e1lisis elemental de metales por ICP (aceite) (mod. ASTM D5185)<\/li>\n<li>Oxidaci\u00f3n \/ Nitraci\u00f3n (ASTM E2412)<\/li>\n<li>Recuento de part\u00edculas (Calibraci\u00f3n: ISO 11171) (ASTM ISO 11500)<\/li>\n<li>Viscosidad a 40C o 100C seg\u00fan el grado del fluido (mod. ASTM D445)<\/li>\n<li>Agua Por Karl Fischer ppm (mod. ASTMD6304C)<\/li>\n<\/ul>\n<\/div><\/section><br \/>\n<div  class='hr av-av_hr-91d7ccd583a503147498e120fee2ff9b hr-default  avia-builder-el-30  el_after_av_textblock  el_before_av_textblock'><span class='hr-inner'><span class=\"hr-inner-style\"><\/span><\/span><\/div><br \/>\n<section  class='av_textblock_section av-ldbyn81v-4c23c26e4e88d5a34d4ca2d2d63b7e3d'   itemscope=\"itemscope\" itemtype=\"https:\/\/schema.org\/CreativeWork\" ><div class='avia_textblock'  itemprop=\"text\" ><p><strong>Pruebas y an\u00e1lisis del aceite de turbina<\/strong><\/p>\n<p style=\"font-weight: 400;\">(hidr\u00e1ulica, autotransporte, turbinas, motores de gas natural, motores de metano y LP, compresores)<\/p>\n<p style=\"font-weight: 400;\">$668.84<\/p>\n<p style=\"font-weight: 400;\">El paquete de pruebas incluye:<\/p>\n<ul>\n<li>\u00cdndice de acidez (mod. ASTM D664)<\/li>\n<li>Color (ASTM D6045)<\/li>\n<li>An\u00e1lisis elemental de metales por ICP (aceite) (mod. ASTM D5185)<\/li>\n<li>Punto de inflamaci\u00f3n - Cleveland Open Cup (ASTM D92)<\/li>\n<li>Tendencia a la formaci\u00f3n de espuma (ASTM D892)<\/li>\n<li>Colorimetr\u00eda de parche de membrana (mod. ASTM D7843)<\/li>\n<li>Oxidaci\u00f3n \/ Nitraci\u00f3n (ASTM E2412)<\/li>\n<li>Recuento de part\u00edculas (Calibraci\u00f3n: ISO 11171) (ASTM ISO 11500)<\/li>\n<li>RPVOT (ASTM D2272)<\/li>\n<li>Antioxidante (ASTM D665)<\/li>\n<li>Viscosidad a 40C o 100C seg\u00fan el grado del fluido (mod. ASTM D445)<\/li>\n<li>Agua Porcentaje Karl Fischer (mod. ASTMD6304C)<\/li>\n<li>Caracter\u00edsticas de separabilidad del agua (ASTM D1401)<\/li>\n<\/ul>\n<p><span style=\"font-weight: 400;\">*El kit de prueba de turbina incluye una botella de 64 oz y puede pedirse como kit individual<\/span><\/p>\n<\/div><\/section><\/p><\/div><div  class='flex_column av-ueyrk0-e5b0f90a99d39b75fefbb299e8ad22ab av_three_fourth  avia-builder-el-32  el_after_av_one_half  avia-builder-el-last  first flex_column_div  column-top-margin'     ><section  class='av_textblock_section av-ldayil2a-cbdbdeac35c1a5fc161cf6350083df58'   itemscope=\"itemscope\" itemtype=\"https:\/\/schema.org\/CreativeWork\" ><div class='avia_textblock'  itemprop=\"text\" ><p style=\"font-weight: 400;\">* El precio incluye las pruebas prepagadas, los kits de muestras y el formulario de tramitaci\u00f3n<\/p>\n<\/div><\/section><\/div><\/div><\/div><\/div><!-- close content main div --><\/div><\/div><div id='av_section_4'  class='avia-section av-12j6awd-b13238b9790f143afbe1102bb491006d main_color avia-section-default avia-no-border-styling  avia-builder-el-34  el_after_av_section  avia-builder-el-last  avia-bg-style-scroll container_wrap sidebar_right'  ><div class='container av-section-cont-open' ><div class='template-page content  av-content-small alpha units'><div class='post-entry post-entry-type-page post-entry-21920'><div class='entry-content-wrapper clearfix'>\n<div  class='flex_column av-3uz0t7-c0733a49a0261024c819cd6a3a713a44 av_two_third  avia-builder-el-35  avia-builder-el-no-sibling  first flex_column_div'     ><section  class='av_textblock_section av-l8dofrp0-33f717c9ee86d940bcfda386445a1f06'   itemscope=\"itemscope\" itemtype=\"https:\/\/schema.org\/CreativeWork\" ><div class='avia_textblock'  itemprop=\"text\" ><h3 style=\"font-weight: 400;\"><strong>Empezar a probar<\/strong><\/h3>\n<p style=\"font-weight: 400;\">\u00bfEst\u00e1 listo para empezar a reducir los tiempos de inactividad imprevistos, programar el mantenimiento y evitar retrasos en el funcionamiento? Rellene el siguiente formulario para darnos informaci\u00f3n sobre lo que est\u00e1 buscando y nos pondremos en contacto con usted para empezar.<\/p>\n<\/div><\/section><br \/>\n<\/p><\/div>\n<\/div><\/div><\/div><!-- close content main div --><\/div><\/div><div id='after_section_4'  class='main_color av_default_container_wrap container_wrap sidebar_right'  ><div class='container av-section-cont-open' ><div class='template-page content  av-content-small alpha units'><div class='post-entry post-entry-type-page post-entry-21920'><div class='entry-content-wrapper clearfix'><\/p>","protected":false},"excerpt":{"rendered":"","protected":false},"author":29,"featured_media":0,"parent":0,"menu_order":0,"comment_status":"closed","ping_status":"closed","template":"","meta":{"om_disable_all_campaigns":false,"_monsterinsights_skip_tracking":false,"_monsterinsights_sitenote_active":false,"_monsterinsights_sitenote_note":"","_monsterinsights_sitenote_category":0,"footnotes":""},"class_list":["post-21920","page","type-page","status-publish","hentry"],"aioseo_notices":[],"_links":{"self":[{"href":"https:\/\/polarislabs.com\/es\/wp-json\/wp\/v2\/pages\/21920","targetHints":{"allow":["GET"]}}],"collection":[{"href":"https:\/\/polarislabs.com\/es\/wp-json\/wp\/v2\/pages"}],"about":[{"href":"https:\/\/polarislabs.com\/es\/wp-json\/wp\/v2\/types\/page"}],"author":[{"embeddable":true,"href":"https:\/\/polarislabs.com\/es\/wp-json\/wp\/v2\/users\/29"}],"replies":[{"embeddable":true,"href":"https:\/\/polarislabs.com\/es\/wp-json\/wp\/v2\/comments?post=21920"}],"version-history":[{"count":0,"href":"https:\/\/polarislabs.com\/es\/wp-json\/wp\/v2\/pages\/21920\/revisions"}],"wp:attachment":[{"href":"https:\/\/polarislabs.com\/es\/wp-json\/wp\/v2\/media?parent=21920"}],"curies":[{"name":"wp","href":"https:\/\/api.w.org\/{rel}","templated":true}]}}