{"id":21936,"date":"2023-01-25T09:39:14","date_gmt":"2023-01-25T14:39:14","guid":{"rendered":"https:\/\/polarislabs.com\/2023-power-gen-international-copy\/"},"modified":"2026-01-05T11:33:06","modified_gmt":"2026-01-05T16:33:06","slug":"power-generation","status":"publish","type":"page","link":"https:\/\/polarislabs.com\/es\/power-generation\/","title":{"rendered":"Generaci\u00f3n de energ\u00eda"},"content":{"rendered":"<style type=\"text\/css\" data-created_by=\"avia_inline_auto\" id=\"style-css-av-l8dn23h7-680c6ed821a13758330cbba87dcb9757\">\n.avia-section.av-l8dn23h7-680c6ed821a13758330cbba87dcb9757{\nbackground-color:#003a70;\nbackground-image:unset;\n}\n<\/style>\n<div id='av_section_1'  class='avia-section av-l8dn23h7-680c6ed821a13758330cbba87dcb9757 main_color avia-section-default avia-no-border-styling  avia-builder-el-0  el_before_av_section  avia-builder-el-first  avia-bg-style-scroll container_wrap sidebar_right'  ><div class='container av-section-cont-open' ><main  role=\"main\" itemprop=\"mainContentOfPage\"  class='template-page content  av-content-small alpha units'><div class='post-entry post-entry-type-page post-entry-21936'><div class='entry-content-wrapper clearfix'>\n<div  class='flex_column av-86bncnv-1e678d555eeb030c3ec58afe6aab02f4 av_three_fifth  avia-builder-el-1  el_before_av_two_fifth  avia-builder-el-first  first flex_column_div'     ><style type=\"text\/css\" data-created_by=\"avia_inline_auto\" id=\"style-css-av-l8dq8gyp-49adba8841e1f105f923b3d3339371f3\">\n#top .av_textblock_section.av-l8dq8gyp-49adba8841e1f105f923b3d3339371f3 .avia_textblock{\ncolor:#ffffff;\n}\n<\/style>\n<section  class='av_textblock_section av-l8dq8gyp-49adba8841e1f105f923b3d3339371f3'   itemscope=\"itemscope\" itemtype=\"https:\/\/schema.org\/CreativeWork\" ><div class='avia_textblock av_inherit_color'  itemprop=\"text\" ><h1 style=\"font-weight: 400;\"><span style=\"color: #ffffff;\"><strong>PROTEJA SUS ACTIVOS M\u00c1S VITALES<\/strong><\/span><\/h1>\n<h4><span style=\"color: #ffffff;\">Supervise las condiciones para identificar antes los problemas y lograr un tiempo de actividad \u00f3ptimo de los equipos.<\/span><\/h4>\n<\/div><\/section><\/div><div  class='flex_column av-purexc-e516aa38ba1b00aea6b9872a67547452 av_two_fifth  avia-builder-el-3  el_after_av_three_fifth  avia-builder-el-last  flex_column_div'     ><style type=\"text\/css\" data-created_by=\"avia_inline_auto\" id=\"style-css-av-ldbxyhop-8cd2229f7e0ba0ccaa3b1da3491b5d5e\">\n.avia-image-container.av-ldbxyhop-8cd2229f7e0ba0ccaa3b1da3491b5d5e img.avia_image{\nbox-shadow:none;\n}\n.avia-image-container.av-ldbxyhop-8cd2229f7e0ba0ccaa3b1da3491b5d5e .av-image-caption-overlay-center{\ncolor:#ffffff;\n}\n<\/style>\n<div  class='avia-image-container av-ldbxyhop-8cd2229f7e0ba0ccaa3b1da3491b5d5e av-styling- avia-align-center  avia-builder-el-4  avia-builder-el-no-sibling'   itemprop=\"image\" itemscope=\"itemscope\" itemtype=\"https:\/\/schema.org\/ImageObject\" ><div class=\"avia-image-container-inner\"><div class=\"avia-image-overlay-wrap\"><img decoding=\"async\" fetchpriority=\"high\" class='wp-image-21949 avia-img-lazy-loading-not-21949 avia_image' src=\"https:\/\/polarislabs.com\/wp-content\/uploads\/2023\/01\/iStock-1038549714-1030x579.jpg\" alt='' title='Vista a\u00e9rea central el\u00e9ctrica, central el\u00e9ctrica de ciclo combinado industria estaci\u00f3n generadora de electricidad.'  height=\"579\" width=\"1030\"  itemprop=\"thumbnailUrl\" srcset=\"https:\/\/polarislabs.com\/wp-content\/uploads\/2023\/01\/iStock-1038549714-1030x579.jpg 1030w, https:\/\/polarislabs.com\/wp-content\/uploads\/2023\/01\/iStock-1038549714-300x169.jpg 300w, https:\/\/polarislabs.com\/wp-content\/uploads\/2023\/01\/iStock-1038549714-768x432.jpg 768w, https:\/\/polarislabs.com\/wp-content\/uploads\/2023\/01\/iStock-1038549714-1536x863.jpg 1536w, https:\/\/polarislabs.com\/wp-content\/uploads\/2023\/01\/iStock-1038549714-2048x1151.jpg 2048w, https:\/\/polarislabs.com\/wp-content\/uploads\/2023\/01\/iStock-1038549714-1500x843.jpg 1500w, https:\/\/polarislabs.com\/wp-content\/uploads\/2023\/01\/iStock-1038549714-705x396.jpg 705w\" sizes=\"(max-width: 1030px) 100vw, 1030px\" \/><\/div><\/div><\/div><\/div>\n\n<\/div><\/div><\/main><!-- close content main element --><\/div><\/div><div id='av_section_2'  class='avia-section av-7pevmm3-d6970350e085cd8c379019fc079901a2 main_color avia-section-default avia-no-border-styling  avia-builder-el-5  el_after_av_section  el_before_av_section  avia-bg-style-scroll container_wrap sidebar_right'  ><div class='container av-section-cont-open' ><div class='template-page content  av-content-small alpha units'><div class='post-entry post-entry-type-page post-entry-21936'><div class='entry-content-wrapper clearfix'>\n<div  class='flex_column av-iyhnnk-9af201d866e101a10c4b7a05c8dda04a av_one_fifth  avia-builder-el-6  el_before_av_two_third  avia-builder-el-first  first flex_column_div'     ><\/div><div  class='flex_column av-n4el2z-444f07d52ec81ae3c7f304c05048aeb3 av_two_third  avia-builder-el-7  el_after_av_one_fifth  el_before_av_one_half  flex_column_div'     ><section  class='av_textblock_section av-l8dpj30z-14c8526ac398dc6be195a88fdaab23b2'   itemscope=\"itemscope\" itemtype=\"https:\/\/schema.org\/CreativeWork\" ><div class='avia_textblock'  itemprop=\"text\" ><p style=\"font-weight: 400;\">La supervisi\u00f3n de las condiciones del equipo, los componentes y la lubricaci\u00f3n mediante el an\u00e1lisis rutinario de fluidos le permite evitar tiempos de inactividad imprevistos y realizar el mantenimiento necesario bas\u00e1ndose en lo que realmente est\u00e1 ocurriendo en la unidad y no en las horas de funcionamiento, los kil\u00f3metros recorridos o los d\u00edas naturales.<\/p>\n<\/div><\/section><\/div><div  class='flex_column av-1g97t1s-4a8dafa97e730692a1d64990379d00a8 av_one_half  avia-builder-el-9  el_after_av_two_third  el_before_av_one_half  first flex_column_div  column-top-margin'     ><style type=\"text\/css\" data-created_by=\"avia_inline_auto\" id=\"style-css-av-ldbtb59s-d454dba31307ca325239205eaaa6f83e\">\n.avia-image-container.av-ldbtb59s-d454dba31307ca325239205eaaa6f83e img.avia_image{\nbox-shadow:none;\n}\n.avia-image-container.av-ldbtb59s-d454dba31307ca325239205eaaa6f83e .av-image-caption-overlay-center{\ncolor:#ffffff;\n}\n<\/style>\n<div  class='avia-image-container av-ldbtb59s-d454dba31307ca325239205eaaa6f83e av-styling- avia-align-center  avia-builder-el-10  avia-builder-el-no-sibling'   itemprop=\"image\" itemscope=\"itemscope\" itemtype=\"https:\/\/schema.org\/ImageObject\" ><div class=\"avia-image-container-inner\"><div class=\"avia-image-overlay-wrap\"><img decoding=\"async\" fetchpriority=\"high\" class='wp-image-21648 avia-img-lazy-loading-not-21648 avia_image' src=\"https:\/\/polarislabs.com\/wp-content\/uploads\/2023\/01\/electrical-power-generator-1030x684.jpg\" alt='' title='Generador de energ\u00eda el\u00e9ctrica'  height=\"684\" width=\"1030\"  itemprop=\"thumbnailUrl\" srcset=\"https:\/\/polarislabs.com\/wp-content\/uploads\/2023\/01\/electrical-power-generator-1030x684.jpg 1030w, https:\/\/polarislabs.com\/wp-content\/uploads\/2023\/01\/electrical-power-generator-300x199.jpg 300w, https:\/\/polarislabs.com\/wp-content\/uploads\/2023\/01\/electrical-power-generator-768x510.jpg 768w, https:\/\/polarislabs.com\/wp-content\/uploads\/2023\/01\/electrical-power-generator-1536x1020.jpg 1536w, https:\/\/polarislabs.com\/wp-content\/uploads\/2023\/01\/electrical-power-generator-2048x1361.jpg 2048w, https:\/\/polarislabs.com\/wp-content\/uploads\/2023\/01\/electrical-power-generator-1500x996.jpg 1500w, https:\/\/polarislabs.com\/wp-content\/uploads\/2023\/01\/electrical-power-generator-705x468.jpg 705w\" sizes=\"(max-width: 1030px) 100vw, 1030px\" \/><\/div><\/div><\/div><\/div><div  class='flex_column av-18r1aps-87f976250c47ce21144c0e1c4ebfa0bf av_one_half  avia-builder-el-11  el_after_av_one_half  avia-builder-el-last  flex_column_div  column-top-margin'     ><section  class='av_textblock_section av-ldrsxs-87ab0d01665fbf6dc96af19381384a77'   itemscope=\"itemscope\" itemtype=\"https:\/\/schema.org\/CreativeWork\" ><div class='avia_textblock'  itemprop=\"text\" ><p style=\"font-weight: 400;\">Mejore la fiabilidad de los equipos probando estos componentes vitales para la generaci\u00f3n de energ\u00eda:<\/p>\n<ul style=\"font-weight: 400;\">\n<li>Compresores<\/li>\n<li>Sistemas de refrigeraci\u00f3n<\/li>\n<li>Motores<\/li>\n<li>Sistemas de engranajes<\/li>\n<li>Hidr\u00e1ulica<\/li>\n<li>Turbinas<\/li>\n<\/ul>\n<p><a href=\"https:\/\/polarislabs.com\/es\/equipment\/\"><img loading=\"lazy\" decoding=\"async\" class=\"aligncenter wp-image-21948\" src=\"https:\/\/polarislabs.com\/wp-content\/uploads\/2023\/01\/LandingPg-Btns_btn_Recommended-Tests-1-300x112.png\" alt=\"\" width=\"250\" height=\"93\" srcset=\"https:\/\/polarislabs.com\/wp-content\/uploads\/2023\/01\/LandingPg-Btns_btn_Recommended-Tests-1-300x112.png 300w, https:\/\/polarislabs.com\/wp-content\/uploads\/2023\/01\/LandingPg-Btns_btn_Recommended-Tests-1.png 570w\" sizes=\"auto, (max-width: 250px) 100vw, 250px\" \/><\/a><\/p>\n<\/div><\/section><\/div>\n\n<\/div><\/div><\/div><!-- close content main div --><\/div><\/div>\n<style type=\"text\/css\" data-created_by=\"avia_inline_auto\" id=\"style-css-av-lb6ozpzd-c46adc96543eb20142a0891a169b4740\">\n.avia-section.av-lb6ozpzd-c46adc96543eb20142a0891a169b4740{\nbackground-color:#ffffff;\nbackground-image:unset;\n}\n<\/style>\n<div id='av_section_3'  class='avia-section av-lb6ozpzd-c46adc96543eb20142a0891a169b4740 main_color avia-section-default avia-no-border-styling  avia-builder-el-13  el_after_av_section  el_before_av_section  avia-bg-style-scroll container_wrap sidebar_right'  ><div class='container av-section-cont-open' ><div class='template-page content  av-content-small alpha units'><div class='post-entry post-entry-type-page post-entry-21936'><div class='entry-content-wrapper clearfix'>\n<div  class='flex_column av-lh3tkd-65ed32cdba145c31db0e815c65f7be46 av_one_half  avia-builder-el-14  el_before_av_one_half  avia-builder-el-first  first flex_column_div'     ><style type=\"text\/css\" data-created_by=\"avia_inline_auto\" id=\"style-css-av-ldbty8hq-09433612077f339f00e76acecbbd800e\">\n.avia-image-container.av-ldbty8hq-09433612077f339f00e76acecbbd800e img.avia_image{\nbox-shadow:none;\n}\n.avia-image-container.av-ldbty8hq-09433612077f339f00e76acecbbd800e .av-image-caption-overlay-center{\ncolor:#ffffff;\n}\n<\/style>\n<div  class='avia-image-container av-ldbty8hq-09433612077f339f00e76acecbbd800e av-styling- avia-align-center  avia-builder-el-15  avia-builder-el-no-sibling'   itemprop=\"image\" itemscope=\"itemscope\" itemtype=\"https:\/\/schema.org\/ImageObject\" ><div class=\"avia-image-container-inner\"><div class=\"avia-image-overlay-wrap\"><img decoding=\"async\" fetchpriority=\"high\" class='wp-image-24936 avia-img-lazy-loading-not-24936 avia_image' src=\"https:\/\/polarislabs.com\/wp-content\/uploads\/2025\/05\/Power-gen-data-centers-header.png\" alt='' title='Generaci\u00f3n de energ\u00eda para centros de datos'  height=\"400\" width=\"1100\"  itemprop=\"thumbnailUrl\" srcset=\"https:\/\/polarislabs.com\/wp-content\/uploads\/2025\/05\/Power-gen-data-centers-header.png 1100w, https:\/\/polarislabs.com\/wp-content\/uploads\/2025\/05\/Power-gen-data-centers-header-300x109.png 300w, https:\/\/polarislabs.com\/wp-content\/uploads\/2025\/05\/Power-gen-data-centers-header-1030x375.png 1030w, https:\/\/polarislabs.com\/wp-content\/uploads\/2025\/05\/Power-gen-data-centers-header-768x279.png 768w, https:\/\/polarislabs.com\/wp-content\/uploads\/2025\/05\/Power-gen-data-centers-header-18x7.png 18w, https:\/\/polarislabs.com\/wp-content\/uploads\/2025\/05\/Power-gen-data-centers-header-705x256.png 705w\" sizes=\"(max-width: 1100px) 100vw, 1100px\" \/><\/div><\/div><\/div><\/div><div  class='flex_column av-18z0i8g-ee2aeece383b891d4de32e0d289fbe4b av_one_half  avia-builder-el-16  el_after_av_one_half  el_before_av_one_half  flex_column_div'     ><style type=\"text\/css\" data-created_by=\"avia_inline_auto\" id=\"style-css-av-ldbtwmyj-040e42f01bff85e4a063d09f528e0c72\">\n.avia-image-container.av-ldbtwmyj-040e42f01bff85e4a063d09f528e0c72 img.avia_image{\nbox-shadow:none;\n}\n.avia-image-container.av-ldbtwmyj-040e42f01bff85e4a063d09f528e0c72 .av-image-caption-overlay-center{\ncolor:#ffffff;\n}\n<\/style>\n<div  class='avia-image-container av-ldbtwmyj-040e42f01bff85e4a063d09f528e0c72 av-styling- avia-align-center  avia-builder-el-17  avia-builder-el-no-sibling'   itemprop=\"image\" itemscope=\"itemscope\" itemtype=\"https:\/\/schema.org\/ImageObject\" ><div class=\"avia-image-container-inner\"><div class=\"avia-image-overlay-wrap\"><img decoding=\"async\" fetchpriority=\"high\" class='wp-image-25781 avia-img-lazy-loading-not-25781 avia_image' src=\"https:\/\/polarislabs.com\/wp-content\/uploads\/2025\/12\/Webinar-300x273.png\" alt='' title='Webinar'  height=\"273\" width=\"300\"  itemprop=\"thumbnailUrl\" srcset=\"https:\/\/polarislabs.com\/wp-content\/uploads\/2025\/12\/Webinar-300x273.png 300w, https:\/\/polarislabs.com\/wp-content\/uploads\/2025\/12\/Webinar-768x699.png 768w, https:\/\/polarislabs.com\/wp-content\/uploads\/2025\/12\/Webinar-13x12.png 13w, https:\/\/polarislabs.com\/wp-content\/uploads\/2025\/12\/Webinar-705x642.png 705w, https:\/\/polarislabs.com\/wp-content\/uploads\/2025\/12\/Webinar.png 790w\" sizes=\"(max-width: 300px) 100vw, 300px\" \/><\/div><\/div><\/div><\/div><div  class='flex_column av-ldaytr8w-59579bc281bb672886c50c5d9a647526 av_one_half  avia-builder-el-18  el_after_av_one_half  el_before_av_one_half  first flex_column_div  column-top-margin'     ><section  class='av_textblock_section av-ldayvaj0-59c91b3045e585f8611982059cf94e08'   itemscope=\"itemscope\" itemtype=\"https:\/\/schema.org\/CreativeWork\" ><div class='avia_textblock'  itemprop=\"text\" ><h3 style=\"font-weight: 400;\"><strong>El tiempo de actividad no es opcional: resp\u00e1ldelo con un an\u00e1lisis de fluidos<\/strong><\/h3>\n<p>Para misiones cr\u00edticas\u00a0<strong>generaci\u00f3n de energ\u00eda<\/strong>,\u00a0<strong>sistemas de respaldo<\/strong>\u00a0y\u00a0<strong>centros de datos,<\/strong>\u00a0El tiempo de actividad de los equipos no es opcional, es obligatorio.<\/p>\n<p><strong>Un escudo silencioso: Protecci\u00f3n de activos de misi\u00f3n cr\u00edtica<\/strong><\/p>\n<p>Para controlar la salud de los componentes y los fluidos, los generadores de gas natural, los sistemas hidr\u00e1ulicos y los generadores de reserva necesitan pruebas rutinarias de an\u00e1lisis de fluidos. El desgaste puede producirse en el interior de los equipos y, sin previo aviso, puede causar graves y costosos tiempos de inactividad para su empresa y sus clientes.<\/p>\n<p><a href=\"https:\/\/polarislabs.com\/es\/uptime-isnt-optional-back-it-with-fluid-analysis\/\"><img loading=\"lazy\" decoding=\"async\" class=\"aligncenter wp-image-21947\" src=\"https:\/\/polarislabs.com\/wp-content\/uploads\/2023\/01\/LandingPg-Btns_btn_Read-Blog-1-300x112.png\" alt=\"\" width=\"250\" height=\"93\" srcset=\"https:\/\/polarislabs.com\/wp-content\/uploads\/2023\/01\/LandingPg-Btns_btn_Read-Blog-1-300x112.png 300w, https:\/\/polarislabs.com\/wp-content\/uploads\/2023\/01\/LandingPg-Btns_btn_Read-Blog-1.png 570w\" sizes=\"auto, (max-width: 250px) 100vw, 250px\" \/><\/a><\/p>\n<\/div><\/section><\/div><div  class='flex_column av-nn5rcg-776d852c63eb03c73da4b33e539981c3 av_one_half  avia-builder-el-20  el_after_av_one_half  avia-builder-el-last  flex_column_div  column-top-margin'     ><section  class='av_textblock_section av-ldbtp2pw-c30b9d9d834721f0e6c50db0166c2bb4'   itemscope=\"itemscope\" itemtype=\"https:\/\/schema.org\/CreativeWork\" ><div class='avia_textblock'  itemprop=\"text\" ><h3 style=\"font-weight: 400;\"><strong>WEBINARIO:<\/strong><\/h3>\n<p><strong>Tolerancia cero al tiempo de inactividad: an\u00e1lisis de fluidos para sistemas de energ\u00eda cr\u00edticos<\/strong><\/p>\n<p>Martes, 10 de febrero de 2026 | 11:00 a. m. ET<\/p>\n<p>El tiempo de inactividad no planificado en entornos de generaci\u00f3n de energ\u00eda y centros de datos puede resultar costoso y perjudicial. El an\u00e1lisis de fluidos desempe\u00f1a un papel fundamental en la supervisi\u00f3n del estado de los equipos, la identificaci\u00f3n de problemas incipientes y el apoyo a las decisiones de mantenimiento predictivo basadas en datos.<\/p>\n<p>En este seminario web, nuestra experta interna en la materia, Mel Prieve, se centrar\u00e1 exclusivamente en el sector de la generaci\u00f3n de energ\u00eda y los centros de datos, y compartir\u00e1 conocimientos pr\u00e1cticos sobre c\u00f3mo se puede utilizar el an\u00e1lisis del aceite, el refrigerante y el combustible di\u00e9sel para mejorar la confiabilidad, prolongar la vida \u00fatil de los equipos y proteger el tiempo de actividad tanto de los centros de datos principales como de los sistemas de energ\u00eda de respaldo.<\/p>\n<p><strong><a href=\"https:\/\/polarislabs.com\/es\/event\/zero-tolerance-for-downtime\/\">INSCR\u00cdBETE EN EL SEMINARIO WEB GRATUITO<\/a><\/strong><\/p>\n<\/div><\/section><\/div>\n\n<\/div><\/div><\/div><!-- close content main div --><\/div><\/div>\n<style type=\"text\/css\" data-created_by=\"avia_inline_auto\" id=\"style-css-av-4dafs0g-63c59be5cb08a60593d3fdf7f53f79a5\">\n.avia-section.av-4dafs0g-63c59be5cb08a60593d3fdf7f53f79a5{\nbackground-color:#ffffff;\nbackground-image:unset;\n}\n<\/style>\n<div id='av_section_4'  class='avia-section av-4dafs0g-63c59be5cb08a60593d3fdf7f53f79a5 main_color avia-section-default avia-no-border-styling  avia-builder-el-22  el_after_av_section  el_before_av_section  avia-bg-style-scroll container_wrap sidebar_right'  ><div class='container av-section-cont-open' ><div class='template-page content  av-content-small alpha units'><div class='post-entry post-entry-type-page post-entry-21936'><div class='entry-content-wrapper clearfix'>\n<div  class='flex_column av-3xprvn4-72aa2958c4c6309f5849ce23979ecd22 av_one_half  avia-builder-el-23  el_before_av_one_half  avia-builder-el-first  first flex_column_div'     ><style type=\"text\/css\" data-created_by=\"avia_inline_auto\" id=\"style-css-av-3bkt19s-afc447b3bd3fe8bcf39d8e4d050d51e3\">\n.avia-image-container.av-3bkt19s-afc447b3bd3fe8bcf39d8e4d050d51e3 img.avia_image{\nbox-shadow:none;\n}\n.avia-image-container.av-3bkt19s-afc447b3bd3fe8bcf39d8e4d050d51e3 .av-image-caption-overlay-center{\ncolor:#ffffff;\n}\n<\/style>\n<div  class='avia-image-container av-3bkt19s-afc447b3bd3fe8bcf39d8e4d050d51e3 av-styling- avia-align-center  avia-builder-el-24  avia-builder-el-no-sibling'   itemprop=\"image\" itemscope=\"itemscope\" itemtype=\"https:\/\/schema.org\/ImageObject\" ><div class=\"avia-image-container-inner\"><div class=\"avia-image-overlay-wrap\"><img decoding=\"async\" fetchpriority=\"high\" class='wp-image-842 avia-img-lazy-loading-not-842 avia_image' src=\"https:\/\/polarislabs.com\/wp-content\/uploads\/2013\/06\/turbines.png\" alt='turbine' title='turbinas'  height=\"300\" width=\"600\"  itemprop=\"thumbnailUrl\" srcset=\"https:\/\/polarislabs.com\/wp-content\/uploads\/2013\/06\/turbines.png 600w, https:\/\/polarislabs.com\/wp-content\/uploads\/2013\/06\/turbines-300x150.png 300w\" sizes=\"(max-width: 600px) 100vw, 600px\" \/><\/div><\/div><\/div><\/div><div  class='flex_column av-374w06o-314dff31651f64a24c97fe6b2508214a av_one_half  avia-builder-el-25  el_after_av_one_half  el_before_av_one_half  flex_column_div'     ><style type=\"text\/css\" data-created_by=\"avia_inline_auto\" id=\"style-css-av-2pdebbk-4ea280fe7daa85a0835c5b9b67f335a8\">\n.avia-image-container.av-2pdebbk-4ea280fe7daa85a0835c5b9b67f335a8 img.avia_image{\nbox-shadow:none;\n}\n.avia-image-container.av-2pdebbk-4ea280fe7daa85a0835c5b9b67f335a8 .av-image-caption-overlay-center{\ncolor:#ffffff;\n}\n<\/style>\n<div  class='avia-image-container av-2pdebbk-4ea280fe7daa85a0835c5b9b67f335a8 av-styling- avia-align-center  avia-builder-el-26  avia-builder-el-no-sibling'   itemprop=\"image\" itemscope=\"itemscope\" itemtype=\"https:\/\/schema.org\/ImageObject\" ><div class=\"avia-image-container-inner\"><div class=\"avia-image-overlay-wrap\"><img decoding=\"async\" fetchpriority=\"high\" class='wp-image-21941 avia-img-lazy-loading-not-21941 avia_image' src=\"https:\/\/polarislabs.com\/wp-content\/uploads\/2023\/01\/POLARIS_Proof___Extending_Oil_Drains_with_Micropatch_Testing___Analysis-232x300.png\" alt='' title='POLARIS_Proof___Extender_drenajes_de_aceite_con_pruebas_Micropatch___An\u00e1lisis'  height=\"300\" width=\"232\"  itemprop=\"thumbnailUrl\" srcset=\"https:\/\/polarislabs.com\/wp-content\/uploads\/2023\/01\/POLARIS_Proof___Extending_Oil_Drains_with_Micropatch_Testing___Analysis-232x300.png 232w, https:\/\/polarislabs.com\/wp-content\/uploads\/2023\/01\/POLARIS_Proof___Extending_Oil_Drains_with_Micropatch_Testing___Analysis-545x705.png 545w, https:\/\/polarislabs.com\/wp-content\/uploads\/2023\/01\/POLARIS_Proof___Extending_Oil_Drains_with_Micropatch_Testing___Analysis.png 612w\" sizes=\"(max-width: 232px) 100vw, 232px\" \/><\/div><\/div><\/div><\/div><div  class='flex_column av-25pbhkg-d40610a4f6e106ca707a56cd0373b8f5 av_one_half  avia-builder-el-27  el_after_av_one_half  el_before_av_one_half  first flex_column_div  column-top-margin'     ><section  class='av_textblock_section av-1fd2eds-0ed761ed309fb4a3011692fd15232bfe'   itemscope=\"itemscope\" itemtype=\"https:\/\/schema.org\/CreativeWork\" ><div class='avia_textblock'  itemprop=\"text\" ><h4 style=\"font-weight: 400;\"><strong>C\u00f3mo garantizar un rendimiento \u00f3ptimo de los aerogeneradores<\/strong><\/h4>\n<p style=\"font-weight: 400;\">Los fluidos de funcionamiento de una turbina, como el aceite lubricante de las cajas de engranajes y los sistemas hidr\u00e1ulicos, los fluidos utilizados en los sistemas de refrigeraci\u00f3n y las grasas, desempe\u00f1an un papel importante en la optimizaci\u00f3n del funcionamiento de la turbina e\u00f3lica. Todos estos fluidos operativos deben controlarse de cerca para determinar su estado, identificar la contaminaci\u00f3n y medir los niveles de metales de desgaste...<\/p>\n<p><a href=\"https:\/\/polarislabs.com\/es\/how-to-ensure-optimum-performance-of-wind-turbines\/\"><img loading=\"lazy\" decoding=\"async\" class=\"aligncenter wp-image-21947\" src=\"https:\/\/polarislabs.com\/wp-content\/uploads\/2023\/01\/LandingPg-Btns_btn_Read-Blog-1-300x112.png\" alt=\"\" width=\"250\" height=\"93\" srcset=\"https:\/\/polarislabs.com\/wp-content\/uploads\/2023\/01\/LandingPg-Btns_btn_Read-Blog-1-300x112.png 300w, https:\/\/polarislabs.com\/wp-content\/uploads\/2023\/01\/LandingPg-Btns_btn_Read-Blog-1.png 570w\" sizes=\"auto, (max-width: 250px) 100vw, 250px\" \/><\/a><\/p>\n<\/div><\/section><\/div><div  class='flex_column av-19k391s-3a29e963a5da2543dffe7d98faa6cc22 av_one_half  avia-builder-el-29  el_after_av_one_half  avia-builder-el-last  flex_column_div  column-top-margin'     ><section  class='av_textblock_section av-2u00uo-1c60fe042a0919a3fe44e7a17892ffa8'   itemscope=\"itemscope\" itemtype=\"https:\/\/schema.org\/CreativeWork\" ><div class='avia_textblock'  itemprop=\"text\" ><h4 style=\"font-weight: 400;\"><strong>C\u00f3mo abordar los niveles de silicio con pruebas de microparches para prolongar los drenajes en los motores de gas<\/strong><\/h4>\n<p style=\"font-weight: 400;\">Compruebe c\u00f3mo un cliente del sector de la generaci\u00f3n de energ\u00eda utiliz\u00f3 las pruebas de micropuntos para comprender mejor el estado de su aceite y, gracias a una estrecha supervisi\u00f3n y a la toma de muestras peri\u00f3dica, ha ampliado el intervalo de cambio de aceite de un cambio semanal de unas 150 horas a un intervalo de un a\u00f1o. <strong>tiempo de funcionamiento de 650 horas de media<\/strong>.<\/p>\n<p><a href=\"https:\/\/www2.eoilreports.com\/l\/8822\/2022-01-06\/92qkg5\/8822\/1641479354CVD0KNVy\/POLARIS_Proof___Extending_Oil_Drains_with_Micropatch_Testing___Analysis.pdf\"><img loading=\"lazy\" decoding=\"async\" class=\"wp-image-21946 aligncenter\" src=\"https:\/\/polarislabs.com\/wp-content\/uploads\/2023\/01\/LandingPg-Btns_btn_Case-Study-1-300x112.png\" alt=\"\" width=\"250\" height=\"93\" srcset=\"https:\/\/polarislabs.com\/wp-content\/uploads\/2023\/01\/LandingPg-Btns_btn_Case-Study-1-300x112.png 300w, https:\/\/polarislabs.com\/wp-content\/uploads\/2023\/01\/LandingPg-Btns_btn_Case-Study-1.png 570w\" sizes=\"auto, (max-width: 250px) 100vw, 250px\" \/><\/a><\/p>\n<\/div><\/section><\/div>\n\n<\/div><\/div><\/div><!-- close content main div --><\/div><\/div><div id='av_section_5'  class='avia-section av-ldbtnlsg-5284812b766729a8f18f9faaa82c185f main_color avia-section-default avia-no-border-styling  avia-builder-el-31  el_after_av_section  avia-builder-el-last  avia-bg-style-scroll container_wrap sidebar_right'  ><div class='container av-section-cont-open' ><div class='template-page content  av-content-small alpha units'><div class='post-entry post-entry-type-page post-entry-21936'><div class='entry-content-wrapper clearfix'>\n<div  class='flex_column av-3uz0t7-c0733a49a0261024c819cd6a3a713a44 av_two_third  avia-builder-el-32  avia-builder-el-no-sibling  first flex_column_div'     ><section  class='av_textblock_section av-l8dofrp0-33f717c9ee86d940bcfda386445a1f06'   itemscope=\"itemscope\" itemtype=\"https:\/\/schema.org\/CreativeWork\" ><div class='avia_textblock'  itemprop=\"text\" ><h3 style=\"font-weight: 400;\"><strong>El poder de predecir los fracasos<\/strong><\/h3>\n<p style=\"font-weight: 400;\">Reduzca dr\u00e1sticamente las paradas no programadas y proporcione a su programa de mantenimiento la capacidad de predecir fallos. P\u00f3ngase en contacto con nuestro equipo hoy mismo para empezar a proteger sus activos m\u00e1s valiosos.<\/p>\n<\/div><\/section><br \/>\n<\/p><\/div><\/div><\/div><\/div><!-- close content main div --><\/div><\/div><div id='after_section_5'  class='main_color av_default_container_wrap container_wrap sidebar_right'  ><div class='container av-section-cont-open' ><div class='template-page content  av-content-small alpha units'><div class='post-entry post-entry-type-page post-entry-21936'><div class='entry-content-wrapper clearfix'>","protected":false},"excerpt":{"rendered":"","protected":false},"author":29,"featured_media":0,"parent":0,"menu_order":0,"comment_status":"closed","ping_status":"closed","template":"","meta":{"om_disable_all_campaigns":false,"_monsterinsights_skip_tracking":false,"_monsterinsights_sitenote_active":false,"_monsterinsights_sitenote_note":"","_monsterinsights_sitenote_category":0,"footnotes":""},"class_list":["post-21936","page","type-page","status-publish","hentry"],"aioseo_notices":[],"_links":{"self":[{"href":"https:\/\/polarislabs.com\/es\/wp-json\/wp\/v2\/pages\/21936","targetHints":{"allow":["GET"]}}],"collection":[{"href":"https:\/\/polarislabs.com\/es\/wp-json\/wp\/v2\/pages"}],"about":[{"href":"https:\/\/polarislabs.com\/es\/wp-json\/wp\/v2\/types\/page"}],"author":[{"embeddable":true,"href":"https:\/\/polarislabs.com\/es\/wp-json\/wp\/v2\/users\/29"}],"replies":[{"embeddable":true,"href":"https:\/\/polarislabs.com\/es\/wp-json\/wp\/v2\/comments?post=21936"}],"version-history":[{"count":0,"href":"https:\/\/polarislabs.com\/es\/wp-json\/wp\/v2\/pages\/21936\/revisions"}],"wp:attachment":[{"href":"https:\/\/polarislabs.com\/es\/wp-json\/wp\/v2\/media?parent=21936"}],"curies":[{"name":"wp","href":"https:\/\/api.w.org\/{rel}","templated":true}]}}