{"id":22795,"date":"2023-07-25T19:29:32","date_gmt":"2023-07-25T23:29:32","guid":{"rendered":"https:\/\/polarislabs.com\/2023-construction-copy\/"},"modified":"2023-07-25T19:29:32","modified_gmt":"2023-07-25T23:29:32","slug":"2023-construction-copy","status":"publish","type":"page","link":"https:\/\/polarislabs.com\/es\/2023-construction-copy\/","title":{"rendered":"Copia de construcci\u00f3n"},"content":{"rendered":"<style type=\"text\/css\" data-created_by=\"avia_inline_auto\" id=\"style-css-av-l8dn23h7-8ce6d14ae85b7aafa0127cbd3e2b2d5f\">\n.avia-section.av-l8dn23h7-8ce6d14ae85b7aafa0127cbd3e2b2d5f{\nbackground-color:#ffffff;\nbackground-image:unset;\n}\n<\/style>\n<div id='av_section_1'  class='avia-section av-l8dn23h7-8ce6d14ae85b7aafa0127cbd3e2b2d5f main_color avia-section-default avia-no-border-styling  avia-builder-el-0  el_before_av_section  avia-builder-el-first  avia-bg-style-scroll container_wrap sidebar_right'  ><div class='container av-section-cont-open' ><main  role=\"main\" itemprop=\"mainContentOfPage\"  class='template-page content  av-content-small alpha units'><div class='post-entry post-entry-type-page post-entry-22795'><div class='entry-content-wrapper clearfix'>\n<div  class='flex_column av-86bncnv-1e678d555eeb030c3ec58afe6aab02f4 av_three_fifth  avia-builder-el-1  el_before_av_two_fifth  avia-builder-el-first  first flex_column_div'     ><style type=\"text\/css\" data-created_by=\"avia_inline_auto\" id=\"style-css-av-l8dq8gyp-49adba8841e1f105f923b3d3339371f3\">\n#top .av_textblock_section.av-l8dq8gyp-49adba8841e1f105f923b3d3339371f3 .avia_textblock{\ncolor:#ffffff;\n}\n<\/style>\n<section  class='av_textblock_section av-l8dq8gyp-49adba8841e1f105f923b3d3339371f3'   itemscope=\"itemscope\" itemtype=\"https:\/\/schema.org\/CreativeWork\" ><div class='avia_textblock av_inherit_color'  itemprop=\"text\" ><h1 style=\"font-weight: 400\"><strong>Protecci\u00f3n de activos de misi\u00f3n cr\u00edtica<\/strong><\/h1>\n<h3 style=\"font-weight: 400\">Proteja su equipo de dentro a fuera<\/h3>\n<\/div><\/section><\/div><div  class='flex_column av-purexc-e516aa38ba1b00aea6b9872a67547452 av_two_fifth  avia-builder-el-3  el_after_av_three_fifth  el_before_av_hr  flex_column_div'     ><style type=\"text\/css\" data-created_by=\"avia_inline_auto\" id=\"style-css-av-ldbxyhop-7661441f80460f618430a1bbf091c4c7\">\n.avia-image-container.av-ldbxyhop-7661441f80460f618430a1bbf091c4c7 img.avia_image{\nbox-shadow:none;\n}\n.avia-image-container.av-ldbxyhop-7661441f80460f618430a1bbf091c4c7 .av-image-caption-overlay-center{\ncolor:#ffffff;\n}\n<\/style>\n<div  class='avia-image-container av-ldbxyhop-7661441f80460f618430a1bbf091c4c7 av-styling- avia-align-center  avia-builder-el-4  avia-builder-el-no-sibling'   itemprop=\"image\" itemscope=\"itemscope\" itemtype=\"https:\/\/schema.org\/ImageObject\" ><div class=\"avia-image-container-inner\"><div class=\"avia-image-overlay-wrap\"><img decoding=\"async\" fetchpriority=\"high\" class='wp-image-22277 avia-img-lazy-loading-not-22277 avia_image' src=\"https:\/\/polarislabs.com\/wp-content\/uploads\/2023\/04\/excavator-1030x687.jpg\" alt='' title='excavadora en obra sobre cielo al atardecer'  height=\"687\" width=\"1030\"  itemprop=\"thumbnailUrl\" srcset=\"https:\/\/polarislabs.com\/wp-content\/uploads\/2023\/04\/excavator-1030x687.jpg 1030w, https:\/\/polarislabs.com\/wp-content\/uploads\/2023\/04\/excavator-300x200.jpg 300w, https:\/\/polarislabs.com\/wp-content\/uploads\/2023\/04\/excavator-768x512.jpg 768w, https:\/\/polarislabs.com\/wp-content\/uploads\/2023\/04\/excavator-1536x1024.jpg 1536w, https:\/\/polarislabs.com\/wp-content\/uploads\/2023\/04\/excavator-2048x1365.jpg 2048w, https:\/\/polarislabs.com\/wp-content\/uploads\/2023\/04\/excavator-1500x1000.jpg 1500w, https:\/\/polarislabs.com\/wp-content\/uploads\/2023\/04\/excavator-705x470.jpg 705w\" sizes=\"(max-width: 1030px) 100vw, 1030px\" \/><\/div><\/div><\/div><\/div><div  class='hr av-3b78cxs-5c408d477253beccc8b9ece89adcc1ff hr-default  avia-builder-el-5  el_after_av_two_fifth  el_before_av_one_fifth'><span class='hr-inner'><span class=\"hr-inner-style\"><\/span><\/span><\/div>\n<div  class='flex_column av-iyhnnk-9af201d866e101a10c4b7a05c8dda04a av_one_fifth  avia-builder-el-6  el_after_av_hr  el_before_av_two_third  first flex_column_div'     ><\/div><div  class='flex_column av-n4el2z-444f07d52ec81ae3c7f304c05048aeb3 av_two_third  avia-builder-el-7  el_after_av_one_fifth  avia-builder-el-last  flex_column_div'     ><section  class='av_textblock_section av-l8dpj30z-14c8526ac398dc6be195a88fdaab23b2'   itemscope=\"itemscope\" itemtype=\"https:\/\/schema.org\/CreativeWork\" ><div class='avia_textblock'  itemprop=\"text\" ><p style=\"font-weight: 400\">Los equipos pesados de construcci\u00f3n fuera de carretera est\u00e1n constantemente expuestos a entornos operativos dif\u00edciles, condiciones impredecibles y temperaturas extremas. A\u00fan as\u00ed, se espera que estos activos rindan a niveles \u00f3ptimos para completar el trabajo.<\/p>\n<p style=\"font-weight: 400\">El desgaste constante por trabajar en estas condiciones suele provocar <strong>contaminaci\u00f3n invisible<\/strong> y <strong>desgaste extremo<\/strong> resultando en <strong>fallos imprevisibles y problemas de mantenimiento<\/strong> que no puedes permitirte tener.<\/p>\n<p style=\"font-weight: 400\">\u00bfY si pudiera identificar los problemas desde dentro antes de que se produzcan las aver\u00edas?<\/p>\n<\/div><\/section><\/div>\n\n<\/div><\/div><\/main><!-- close content main element --><\/div><\/div>\n<style type=\"text\/css\" data-created_by=\"avia_inline_auto\" id=\"style-css-av-7pevmm3-26c925c889775a630016161ed1e59bb5\">\n.avia-section.av-7pevmm3-26c925c889775a630016161ed1e59bb5{\nbackground-color:#003a70;\nbackground-image:unset;\n}\n<\/style>\n<div id='av_section_2'  class='avia-section av-7pevmm3-26c925c889775a630016161ed1e59bb5 main_color avia-section-default avia-no-border-styling  avia-builder-el-9  el_after_av_section  el_before_av_section  avia-bg-style-scroll container_wrap sidebar_right'  ><div class='container av-section-cont-open' ><div class='template-page content  av-content-small alpha units'><div class='post-entry post-entry-type-page post-entry-22795'><div class='entry-content-wrapper clearfix'>\n\n<style type=\"text\/css\" data-created_by=\"avia_inline_auto\" id=\"style-css-av-1g97t1s-463d3084463c6384dcf82e9692e2ac05\">\n.flex_column.av-1g97t1s-463d3084463c6384dcf82e9692e2ac05{\nbackground-color:#003a70;\n}\n<\/style>\n<div  class='flex_column av-1g97t1s-463d3084463c6384dcf82e9692e2ac05 av_one_half  avia-builder-el-10  el_before_av_one_half  avia-builder-el-first  first flex_column_div'     ><style type=\"text\/css\" data-created_by=\"avia_inline_auto\" id=\"style-css-av-ldbtb59s-f700fc344a10b1288c47ce08bbb792ca\">\n.avia-image-container.av-ldbtb59s-f700fc344a10b1288c47ce08bbb792ca img.avia_image{\nbox-shadow:none;\n}\n.avia-image-container.av-ldbtb59s-f700fc344a10b1288c47ce08bbb792ca .av-image-caption-overlay-center{\ncolor:#ffffff;\n}\n<\/style>\n<div  class='avia-image-container av-ldbtb59s-f700fc344a10b1288c47ce08bbb792ca av-styling- avia-align-center  avia-builder-el-11  avia-builder-el-no-sibling'   itemprop=\"image\" itemscope=\"itemscope\" itemtype=\"https:\/\/schema.org\/ImageObject\" ><div class=\"avia-image-container-inner\"><div class=\"avia-image-overlay-wrap\"><img decoding=\"async\" fetchpriority=\"high\" class='wp-image-22279 avia-img-lazy-loading-not-22279 avia_image' src=\"https:\/\/polarislabs.com\/wp-content\/uploads\/2023\/04\/iStock-1077589744-1030x687.jpg\" alt='' title='Excavadora moviendo piedra y roca en las obras de construcci\u00f3n de una carretera'  height=\"687\" width=\"1030\"  itemprop=\"thumbnailUrl\" srcset=\"https:\/\/polarislabs.com\/wp-content\/uploads\/2023\/04\/iStock-1077589744-1030x687.jpg 1030w, https:\/\/polarislabs.com\/wp-content\/uploads\/2023\/04\/iStock-1077589744-300x200.jpg 300w, https:\/\/polarislabs.com\/wp-content\/uploads\/2023\/04\/iStock-1077589744-768x512.jpg 768w, https:\/\/polarislabs.com\/wp-content\/uploads\/2023\/04\/iStock-1077589744-1536x1024.jpg 1536w, https:\/\/polarislabs.com\/wp-content\/uploads\/2023\/04\/iStock-1077589744-2048x1365.jpg 2048w, https:\/\/polarislabs.com\/wp-content\/uploads\/2023\/04\/iStock-1077589744-1500x1000.jpg 1500w, https:\/\/polarislabs.com\/wp-content\/uploads\/2023\/04\/iStock-1077589744-705x470.jpg 705w\" sizes=\"(max-width: 1030px) 100vw, 1030px\" \/><\/div><\/div><\/div><\/div><div  class='flex_column av-30u8ag0-83831c513485543d3e8c1d824eda4737 av_one_half  avia-builder-el-12  el_after_av_one_half  avia-builder-el-last  flex_column_div'     ><section  class='av_textblock_section av-lg2quis5-0b98601c82d664b78692630352324891'   itemscope=\"itemscope\" itemtype=\"https:\/\/schema.org\/CreativeWork\" ><div class='avia_textblock av_inherit_color'  itemprop=\"text\" ><h3 style=\"font-weight: 400\"><span style=\"color: #ffffff\"><strong>Culpables habituales de la contaminaci\u00f3n<\/strong><\/span><\/h3>\n<p><span style=\"color: #ffffff\">Cuando se trata de maquinaria de construcci\u00f3n, todoterreno y pesada, la causa m\u00e1s com\u00fan de los problemas del motor es la contaminaci\u00f3n. Entre el motor, el combustible, los sistemas de refrigeraci\u00f3n y los entornos operativos, <strong>la suciedad, el holl\u00edn, el combustible y el refrigerante pueden ser los culpables de la contaminaci\u00f3n que causa problemas<\/strong>.<\/span><\/p>\n<p style=\"font-weight: 400\"><span style=\"color: #ffffff\">Puede identificar problemas de contaminaci\u00f3n participando en pruebas y an\u00e1lisis de aceite. Analizando el aceite del motor que circula por su sistema, el desgaste y la contaminaci\u00f3n pueden detectarse a tiempo, evitando tiempos de inactividad inesperados.<\/span><\/p>\n<h5><\/h5>\n<\/div><\/section><\/div>\n\n<\/div><\/div><\/div><!-- close content main div --><\/div><\/div><div id='av_section_3'  class='avia-section av-2jbjtc0-0cfd73694086fee1acb6d5624a8651af main_color avia-section-default avia-no-border-styling  avia-builder-el-14  el_after_av_section  el_before_av_section  avia-bg-style-scroll container_wrap sidebar_right'  ><div class='container av-section-cont-open' ><div class='template-page content  av-content-small alpha units'><div class='post-entry post-entry-type-page post-entry-22795'><div class='entry-content-wrapper clearfix'>\n<div  class='flex_column av-18r1aps-38944866c99317eb71bb8942b961d745 av_one_half  avia-builder-el-15  el_before_av_one_half  avia-builder-el-first  first flex_column_div'     ><section  class='av_textblock_section av-ldrsxs-3340561a49e2fcb14066e92511a49267'   itemscope=\"itemscope\" itemtype=\"https:\/\/schema.org\/CreativeWork\" ><div class='avia_textblock av_inherit_color'  itemprop=\"text\" ><h3 style=\"font-weight: 400\"><strong>POLARIS Laboratories<sup>\u00ae<\/sup> Paquete b\u00e1sico de prueba de aceite de motor<\/strong><\/h3>\n<p style=\"font-weight: 400\">Este paquete de pruebas supervisa tanto la unidad como el fluido en busca de signos de desgaste y contaminaci\u00f3n e incluye estas pruebas de laboratorio:<\/p>\n<ul>\n<li>24 Metales por ICP<\/li>\n<li>Viscosidad a 100 \u00baC<\/li>\n<li>% Diluci\u00f3n del combustible<\/li>\n<li>% Holl\u00edn<\/li>\n<li>% Agua<\/li>\n<\/ul>\n<p style=\"text-align: center\"><a href=\"http:\/\/bit.ly\/1gsHeqs\"><img loading=\"lazy\" decoding=\"async\" class=\"alignnone wp-image-22295\" src=\"https:\/\/polarislabs.com\/wp-content\/uploads\/2023\/04\/Complete-Test-List-Button-300x133.png\" alt=\"\" width=\"200\" height=\"89\" srcset=\"https:\/\/polarislabs.com\/wp-content\/uploads\/2023\/04\/Complete-Test-List-Button-300x133.png 300w, https:\/\/polarislabs.com\/wp-content\/uploads\/2023\/04\/Complete-Test-List-Button.png 450w\" sizes=\"auto, (max-width: 200px) 100vw, 200px\" \/><\/a><\/p>\n<h5><\/h5>\n<\/div><\/section><\/div><div  class='flex_column av-lg2rsel0-e68b99a69e74e8b44e2f82b257c04699 av_one_half  avia-builder-el-17  el_after_av_one_half  avia-builder-el-last  flex_column_div'     ><style type=\"text\/css\" data-created_by=\"avia_inline_auto\" id=\"style-css-av-lg2rr6st-bd627bfbfef374a2a1e1433229a4da0d\">\n.avia-image-container.av-lg2rr6st-bd627bfbfef374a2a1e1433229a4da0d img.avia_image{\nbox-shadow:none;\n}\n.avia-image-container.av-lg2rr6st-bd627bfbfef374a2a1e1433229a4da0d .av-image-caption-overlay-center{\ncolor:#ffffff;\n}\n<\/style>\n<div  class='avia-image-container av-lg2rr6st-bd627bfbfef374a2a1e1433229a4da0d av-styling- avia-align-center  avia-builder-el-18  avia-builder-el-no-sibling'   itemprop=\"image\" itemscope=\"itemscope\" itemtype=\"https:\/\/schema.org\/ImageObject\" ><div class=\"avia-image-container-inner\"><div class=\"avia-image-overlay-wrap\"><img decoding=\"async\" fetchpriority=\"high\" class='wp-image-22278 avia-img-lazy-loading-not-22278 avia_image' src=\"https:\/\/polarislabs.com\/wp-content\/uploads\/2023\/04\/sample-pull-1.png\" alt='' title='muestra pull 1'  height=\"667\" width=\"1000\"  itemprop=\"thumbnailUrl\" srcset=\"https:\/\/polarislabs.com\/wp-content\/uploads\/2023\/04\/sample-pull-1.png 1000w, https:\/\/polarislabs.com\/wp-content\/uploads\/2023\/04\/sample-pull-1-300x200.png 300w, https:\/\/polarislabs.com\/wp-content\/uploads\/2023\/04\/sample-pull-1-768x512.png 768w, https:\/\/polarislabs.com\/wp-content\/uploads\/2023\/04\/sample-pull-1-705x470.png 705w\" sizes=\"(max-width: 1000px) 100vw, 1000px\" \/><\/div><\/div><\/div><\/div>\n\n<\/div><\/div><\/div><!-- close content main div --><\/div><\/div>\n<style type=\"text\/css\" data-created_by=\"avia_inline_auto\" id=\"style-css-av-lg2rl3ek-5c05165bd04cf6c36b7d8d5f505dc2fe\">\n.avia-section.av-lg2rl3ek-5c05165bd04cf6c36b7d8d5f505dc2fe{\nbackground-color:#003a70;\nbackground-image:unset;\n}\n<\/style>\n<div id='av_section_4'  class='avia-section av-lg2rl3ek-5c05165bd04cf6c36b7d8d5f505dc2fe main_color avia-section-default avia-no-border-styling  avia-builder-el-19  el_after_av_section  el_before_av_section  avia-bg-style-scroll container_wrap sidebar_right'  ><div class='container av-section-cont-open' ><div class='template-page content  av-content-small alpha units'><div class='post-entry post-entry-type-page post-entry-22795'><div class='entry-content-wrapper clearfix'>\n\n<style type=\"text\/css\" data-created_by=\"avia_inline_auto\" id=\"style-css-av-7ru7i8-a73aa17c2078b6a7b68a74a055c474c7\">\n.flex_column.av-7ru7i8-a73aa17c2078b6a7b68a74a055c474c7{\nbackground-color:#003a70;\n}\n<\/style>\n<div  class='flex_column av-7ru7i8-a73aa17c2078b6a7b68a74a055c474c7 av_one_half  avia-builder-el-20  el_before_av_one_half  avia-builder-el-first  first flex_column_div'     ><style type=\"text\/css\" data-created_by=\"avia_inline_auto\" id=\"style-css-av-lg2r8uvo-4d84ad530f9911a0d1ef87ad1a40e103\">\n.avia-image-container.av-lg2r8uvo-4d84ad530f9911a0d1ef87ad1a40e103 img.avia_image{\nbox-shadow:none;\n}\n.avia-image-container.av-lg2r8uvo-4d84ad530f9911a0d1ef87ad1a40e103 .av-image-caption-overlay-center{\ncolor:#ffffff;\n}\n<\/style>\n<div  class='avia-image-container av-lg2r8uvo-4d84ad530f9911a0d1ef87ad1a40e103 av-styling- avia-align-center  avia-builder-el-21  avia-builder-el-no-sibling'   itemprop=\"image\" itemscope=\"itemscope\" itemtype=\"https:\/\/schema.org\/ImageObject\" ><div class=\"avia-image-container-inner\"><div class=\"avia-image-overlay-wrap\"><img decoding=\"async\" fetchpriority=\"high\" class='wp-image-22276 avia-img-lazy-loading-not-22276 avia_image' src=\"https:\/\/polarislabs.com\/wp-content\/uploads\/2023\/04\/Total-Fluid-Testing-965x1030.png\" alt='' title='Pruebas de fluidos totales'  height=\"1030\" width=\"965\"  itemprop=\"thumbnailUrl\" srcset=\"https:\/\/polarislabs.com\/wp-content\/uploads\/2023\/04\/Total-Fluid-Testing-965x1030.png 965w, https:\/\/polarislabs.com\/wp-content\/uploads\/2023\/04\/Total-Fluid-Testing-281x300.png 281w, https:\/\/polarislabs.com\/wp-content\/uploads\/2023\/04\/Total-Fluid-Testing-768x820.png 768w, https:\/\/polarislabs.com\/wp-content\/uploads\/2023\/04\/Total-Fluid-Testing-1439x1536.png 1439w, https:\/\/polarislabs.com\/wp-content\/uploads\/2023\/04\/Total-Fluid-Testing-1919x2048.png 1919w, https:\/\/polarislabs.com\/wp-content\/uploads\/2023\/04\/Total-Fluid-Testing-1406x1500.png 1406w, https:\/\/polarislabs.com\/wp-content\/uploads\/2023\/04\/Total-Fluid-Testing-661x705.png 661w\" sizes=\"(max-width: 965px) 100vw, 965px\" \/><\/div><\/div><\/div><\/div><div  class='flex_column av-1j5aduo-0d9607f6e3acf96fe1ff7de94e3667cc av_one_half  avia-builder-el-22  el_after_av_one_half  avia-builder-el-last  flex_column_div'     ><section  class='av_textblock_section av-lg2r5q9b-2c54bb7f980f14cfe131f6ee919c7752'   itemscope=\"itemscope\" itemtype=\"https:\/\/schema.org\/CreativeWork\" ><div class='avia_textblock av_inherit_color'  itemprop=\"text\" ><h3 style=\"font-weight: 400\"><span style=\"color: #ffffff\"><strong>Ciclo de vida de los equipos: Una mirada a las pruebas completas de fluidos<\/strong><\/span><\/h3>\n<p style=\"font-weight: 400\"><span style=\"color: #ffffff\">Lleve su mantenimiento preventivo un paso m\u00e1s all\u00e1 y explore m\u00e1s opciones de pruebas para crear una imagen completa de lo que ocurre en el interior. Las pruebas de combustible di\u00e9sel a granel o del refrigerante utilizado en el sistema de refrigeraci\u00f3n del motor pueden ofrecer m\u00e1s informaci\u00f3n sobre el funcionamiento conjunto de los fluidos y los componentes.<\/span><\/p>\n<p style=\"text-align: center\"><a href=\"https:\/\/bit.ly\/3U8QQSm\"><img loading=\"lazy\" decoding=\"async\" class=\"alignnone wp-image-22297\" src=\"https:\/\/polarislabs.com\/wp-content\/uploads\/2023\/04\/Interactive-PDF-Button-300x133.png\" alt=\"\" width=\"200\" height=\"89\" srcset=\"https:\/\/polarislabs.com\/wp-content\/uploads\/2023\/04\/Interactive-PDF-Button-300x133.png 300w, https:\/\/polarislabs.com\/wp-content\/uploads\/2023\/04\/Interactive-PDF-Button.png 450w\" sizes=\"auto, (max-width: 200px) 100vw, 200px\" \/><\/a><\/p>\n<h5><\/h5>\n<\/div><\/section><\/div>\n\n<\/div><\/div><\/div><!-- close content main div --><\/div><\/div><div id='av_section_5'  class='avia-section av-13t4zfk-02a04b5b65076ec2e5d834885bffb978 main_color avia-section-default avia-no-border-styling  avia-builder-el-24  el_after_av_section  el_before_av_section  avia-bg-style-scroll container_wrap sidebar_right'  ><div class='container av-section-cont-open' ><div class='template-page content  av-content-small alpha units'><div class='post-entry post-entry-type-page post-entry-22795'><div class='entry-content-wrapper clearfix'>\n<div  class='flex_column av-jyie0w-1de9584245ca7b3a370a850283eb75fe av_two_fifth  avia-builder-el-25  el_before_av_three_fifth  avia-builder-el-first  first flex_column_div'     ><section  class='av_textblock_section av-lg2r9sfb-527a9867788d48f9ff7c225dcee73b45'   itemscope=\"itemscope\" itemtype=\"https:\/\/schema.org\/CreativeWork\" ><div class='avia_textblock av_inherit_color'  itemprop=\"text\" ><h3 style=\"font-weight: 400\"><strong>Integre los resultados de los an\u00e1lisis con su GMAO<\/strong><\/h3>\n<p style=\"font-weight: 400\"><strong>\u00a0<\/strong><\/p>\n<p style=\"font-weight: 400\">Complete sus esfuerzos de mantenimiento y conecte los resultados de las pruebas de an\u00e1lisis de fluidos, los datos de los equipos y gestione el env\u00edo de muestras directamente dentro de su sistema GMAO. A trav\u00e9s de una conexi\u00f3n API segura, HORIZON<sup>\u00ae<\/sup> se sincroniza a la perfecci\u00f3n con su sistema de gesti\u00f3n de mantenimiento para que pueda gestionar sus an\u00e1lisis de fluidos en un solo lugar.<\/p>\n<p style=\"text-align: center\"><a href=\"https:\/\/polarislabs.com\/es\/dataconnect\/\"><img loading=\"lazy\" decoding=\"async\" class=\"alignnone wp-image-22296\" src=\"https:\/\/polarislabs.com\/wp-content\/uploads\/2023\/04\/DataConnect-Button-300x133.png\" alt=\"\" width=\"200\" height=\"89\" srcset=\"https:\/\/polarislabs.com\/wp-content\/uploads\/2023\/04\/DataConnect-Button-300x133.png 300w, https:\/\/polarislabs.com\/wp-content\/uploads\/2023\/04\/DataConnect-Button.png 450w\" sizes=\"auto, (max-width: 200px) 100vw, 200px\" \/><\/a><\/p>\n<h5><\/h5>\n<\/div><\/section><\/div><div  class='flex_column av-lg2rkts3-d8960f4e36c31c9b3a4292ae162aa24f av_three_fifth  avia-builder-el-27  el_after_av_two_fifth  avia-builder-el-last  flex_column_div'     ><style type=\"text\/css\" data-created_by=\"avia_inline_auto\" id=\"style-css-av-lg2rj0ea-96be1df09454543fe7fefc488de892e1\">\n.avia-image-container.av-lg2rj0ea-96be1df09454543fe7fefc488de892e1 img.avia_image{\nbox-shadow:none;\n}\n.avia-image-container.av-lg2rj0ea-96be1df09454543fe7fefc488de892e1 .av-image-caption-overlay-center{\ncolor:#ffffff;\n}\n<\/style>\n<div  class='avia-image-container av-lg2rj0ea-96be1df09454543fe7fefc488de892e1 av-styling- avia-align-center  avia-builder-el-28  avia-builder-el-no-sibling'   itemprop=\"image\" itemscope=\"itemscope\" itemtype=\"https:\/\/schema.org\/ImageObject\" ><div class=\"avia-image-container-inner\"><div class=\"avia-image-overlay-wrap\"><img decoding=\"async\" fetchpriority=\"high\" class='wp-image-21384 avia-img-lazy-loading-not-21384 avia_image' src=\"https:\/\/polarislabs.com\/wp-content\/uploads\/2022\/11\/Updated-Integrated-Partner-1.png\" alt='' title='Socio integrado actualizado'  height=\"287\" width=\"824\"  itemprop=\"thumbnailUrl\" srcset=\"https:\/\/polarislabs.com\/wp-content\/uploads\/2022\/11\/Updated-Integrated-Partner-1.png 824w, https:\/\/polarislabs.com\/wp-content\/uploads\/2022\/11\/Updated-Integrated-Partner-1-300x104.png 300w, https:\/\/polarislabs.com\/wp-content\/uploads\/2022\/11\/Updated-Integrated-Partner-1-768x267.png 768w, https:\/\/polarislabs.com\/wp-content\/uploads\/2022\/11\/Updated-Integrated-Partner-1-705x246.png 705w\" sizes=\"(max-width: 824px) 100vw, 824px\" \/><\/div><\/div><\/div><\/div><\/div><\/div><\/div><!-- close content main div --><\/div><\/div><div id='av_section_6'  class='avia-section av-av_section-f716ba51e7bf82947c918c6ed882cb73 main_color avia-section-default avia-no-border-styling  avia-builder-el-29  el_after_av_section  avia-builder-el-last  avia-bg-style-scroll container_wrap sidebar_right'  ><div class='container av-section-cont-open' ><div class='template-page content  av-content-small alpha units'><div class='post-entry post-entry-type-page post-entry-22795'><div class='entry-content-wrapper clearfix'>\n<div  class='flex_column av-av_three_fifth-7714eba142aeda1f8b5272a3c372b279 av_three_fifth  avia-builder-el-30  el_before_av_three_fifth  avia-builder-el-first  first flex_column_div'     ><section  class='av_textblock_section av-lgcljcfs-66ebc2ec00d607f55affc1b454d389a6'   itemscope=\"itemscope\" itemtype=\"https:\/\/schema.org\/CreativeWork\" ><div class='avia_textblock av_inherit_color'  itemprop=\"text\" ><h3 style=\"font-weight: 400\"><strong>Empiece hoy mismo a proteger su patrimonio<\/strong><strong>\u00a0<\/strong><\/h3>\n<p style=\"font-weight: 400\">Rellene el siguiente formulario para solicitar m\u00e1s informaci\u00f3n sobre las pruebas de fluidos.<\/p>\n<h5><\/h5>\n<\/div><\/section><\/div><div  class='flex_column av-av_three_fifth-7714eba142aeda1f8b5272a3c372b279 av_three_fifth  avia-builder-el-32  el_after_av_three_fifth  avia-builder-el-last  first flex_column_div'     ><\/div><\/div><\/div><\/div><!-- close content main div --><\/div><\/div><div id='after_section_6'  class='main_color av_default_container_wrap container_wrap sidebar_right'  ><div class='container av-section-cont-open' ><div class='template-page content  av-content-small alpha units'><div class='post-entry post-entry-type-page post-entry-22795'><div class='entry-content-wrapper clearfix'><\/p>","protected":false},"excerpt":{"rendered":"","protected":false},"author":29,"featured_media":0,"parent":0,"menu_order":0,"comment_status":"closed","ping_status":"closed","template":"","meta":{"om_disable_all_campaigns":false,"_monsterinsights_skip_tracking":false,"_monsterinsights_sitenote_active":false,"_monsterinsights_sitenote_note":"","_monsterinsights_sitenote_category":0,"footnotes":""},"class_list":["post-22795","page","type-page","status-publish","hentry"],"aioseo_notices":[],"_links":{"self":[{"href":"https:\/\/polarislabs.com\/es\/wp-json\/wp\/v2\/pages\/22795","targetHints":{"allow":["GET"]}}],"collection":[{"href":"https:\/\/polarislabs.com\/es\/wp-json\/wp\/v2\/pages"}],"about":[{"href":"https:\/\/polarislabs.com\/es\/wp-json\/wp\/v2\/types\/page"}],"author":[{"embeddable":true,"href":"https:\/\/polarislabs.com\/es\/wp-json\/wp\/v2\/users\/29"}],"replies":[{"embeddable":true,"href":"https:\/\/polarislabs.com\/es\/wp-json\/wp\/v2\/comments?post=22795"}],"version-history":[{"count":0,"href":"https:\/\/polarislabs.com\/es\/wp-json\/wp\/v2\/pages\/22795\/revisions"}],"wp:attachment":[{"href":"https:\/\/polarislabs.com\/es\/wp-json\/wp\/v2\/media?parent=22795"}],"curies":[{"name":"wp","href":"https:\/\/api.w.org\/{rel}","templated":true}]}}