{"id":22992,"date":"2023-09-18T10:29:00","date_gmt":"2023-09-18T14:29:00","guid":{"rendered":"https:\/\/polarislabs.com\/?page_id=22992"},"modified":"2026-04-08T08:25:39","modified_gmt":"2026-04-08T12:25:39","slug":"sales-and-account-management-team","status":"publish","type":"page","link":"https:\/\/polarislabs.com\/es\/sales-and-account-management-team\/","title":{"rendered":"Equipo de ventas y gesti\u00f3n de cuentas de POLARIS Laboratories"},"content":{"rendered":"<div  class='flex_column av-7vcqkmo-427a2b9604dc1392c635ed0c02860317 av_one_full  avia-builder-el-0  el_before_av_hr  avia-builder-el-first  first flex_column_div'     ><section  class='av_textblock_section av-lmqwk7kf-1cc4e260841fc432cf9848ded120e018'   itemscope=\"itemscope\" itemtype=\"https:\/\/schema.org\/CreativeWork\" ><div class='avia_textblock'  itemprop=\"text\" ><h2 style=\"font-weight: 400;\"><strong>POLARIS Laboratories<sup>\u00ae<\/sup><\/strong><\/h2>\n<h2 style=\"font-weight: 400;\"><strong>Equipo global de ventas y gesti\u00f3n de cuentas<\/strong><\/h2>\n<\/div><\/section><\/div>\n<div  class='hr av-7irczgw-1bba19863e9a0481cb263fd923d4d6a9 hr-default  avia-builder-el-2  el_after_av_one_full  el_before_av_section  avia-builder-el-last'><span class='hr-inner'><span class=\"hr-inner-style\"><\/span><\/span><\/div>\n<\/div><\/div><\/div><!-- close content main div --><\/div><\/div>\n<style type=\"text\/css\" data-created_by=\"avia_inline_auto\" id=\"style-css-av-lmqwjgv2-d95abfadc8a7963e4bd83cfda00c7c31\">\n.avia-section.av-lmqwjgv2-d95abfadc8a7963e4bd83cfda00c7c31{\nbackground-color:#003a70;\nbackground-image:unset;\n}\n<\/style>\n<div id='av_section_1'  class='avia-section av-lmqwjgv2-d95abfadc8a7963e4bd83cfda00c7c31 main_color avia-section-default avia-no-border-styling  avia-builder-el-3  el_after_av_hr  el_before_av_submenu  avia-bg-style-scroll container_wrap sidebar_right'  ><div class='container av-section-cont-open' ><div class='template-page content  av-content-small alpha units'><div class='post-entry post-entry-type-page post-entry-22992'><div class='entry-content-wrapper clearfix'>\n<div  class='flex_column av-71a88j4-e456d902ff1135130992918017124e43 av_one_fourth  avia-builder-el-4  el_before_av_one_half  avia-builder-el-first  first flex_column_div'     ><\/div><div  class='flex_column av-6j78vow-9aeb679d21e1b2b461cc08fdd3f73ac5 av_one_half  avia-builder-el-5  el_after_av_one_fourth  el_before_av_one_fourth  flex_column_div'     ><section  class='av_textblock_section av-lmqwj884-a4c14e2180ded1a8bbe2f07c91558e18'   itemscope=\"itemscope\" itemtype=\"https:\/\/schema.org\/CreativeWork\" ><div class='avia_textblock'  itemprop=\"text\" ><p style=\"font-weight: 400;\"><span style=\"color: #ffffff;\">POLARIS Laboratories<sup>\u00ae<\/sup> cuenta con equipos de gesti\u00f3n de cuentas dedicados a prestar asistencia a nuestros clientes en Estados Unidos, Canad\u00e1, Europa y Am\u00e9rica Central, del Sur y Latinoam\u00e9rica. A continuaci\u00f3n encontrar\u00e1 a nuestro equipo de gesti\u00f3n de cuentas, que est\u00e1 aqu\u00ed para responder a sus preguntas sobre los programas de an\u00e1lisis de fluidos, proporcionarle asistencia cuando la necesite y ayudarle a configurar nuevas cuentas.<\/span><\/p>\n<\/div><\/section><\/div><div  class='flex_column av-64s0r0w-f3016f62646ec2e8fd17b3f3e8da3be9 av_one_fourth  avia-builder-el-7  el_after_av_one_half  avia-builder-el-last  flex_column_div'     ><\/div>\n\n<\/div><\/div><\/div><!-- close content main div --><\/div><\/div><div class='clear'><\/div><div id='sub_menu1'  class='av-submenu-container av-md4m9b6b-edf76475aeeeff0482346685217589e7 main_color  avia-builder-el-8  el_after_av_section  el_before_av_section  av-sticky-submenu submenu-not-first container_wrap sidebar_right' style='z-index:301' ><div class='container av-menu-mobile-disabled av-submenu-pos-center'><ul id='av-custom-submenu-1' class='av-subnav-menu' role='menu'>\n<li class='menu-item av-md4m6ktq-def41c69f53e4cb2429ad3ff926c4351 menu-item-top-level menu-item-top-level-1' role='menuitem'><a href='#NorthAm'  ><span class='avia-bullet'><\/span><span class='avia-menu-text'>Norteam\u00e9rica<\/span><\/a><\/li>\n<li class='menu-item av-md4m70dl-2ceb8be5e2c4322c44b0401b6b31b490 menu-item-top-level menu-item-top-level-2' role='menuitem'><a href='#LATAM'  ><span class='avia-bullet'><\/span><span class='avia-menu-text'>Am\u00e9rica Central, del Sur y Latina<\/span><\/a><\/li>\n<li class='menu-item av-md4m796m-189c15de12fed8d85fee3b76c641ab44 menu-item-top-level menu-item-top-level-3' role='menuitem'><a href='#Europe'  ><span class='avia-bullet'><\/span><span class='avia-menu-text'>Europa<\/span><\/a><\/li>\n<\/ul><\/div><\/div><div class='sticky_placeholder'><\/div>\n<div id='av_section_2'  class='avia-section av-5qf47m8-0333f20ea257c3af7a50e570ce5fc1bb main_color avia-section-default avia-no-border-styling  avia-builder-el-9  el_after_av_submenu  el_before_av_section  avia-bg-style-scroll container_wrap sidebar_right'  ><div class='container av-section-cont-open' ><div class='template-page content  av-content-small alpha units'><div class='post-entry post-entry-type-page post-entry-22992'><div class='entry-content-wrapper clearfix'>\n<div  id=\"NorthAm\"  class='flex_column av-56fwkuo-d0479ec260847f84f2acdfb7758e4dbf av_two_fifth  avia-builder-el-10  el_before_av_three_fifth  avia-builder-el-first  first flex_column_div'     ><section  class='av_textblock_section av-lmqwswyp-8729404367fddd8677f523a064e38f76'   itemscope=\"itemscope\" itemtype=\"https:\/\/schema.org\/CreativeWork\" ><div class='avia_textblock'  itemprop=\"text\" ><h3>Equipo de ventas en Norteam\u00e9rica<\/h3>\n<\/div><\/section><br \/>\n<div  class='hr av-4ymcovk-25cae64f614aa3bcf397e101b94ab110 hr-default  avia-builder-el-12  el_after_av_textblock  el_before_av_textblock'><span class='hr-inner'><span class=\"hr-inner-style\"><\/span><\/span><\/div><br \/>\n<section  class='av_textblock_section av-lmy4n4se-d67640a54ad7d183b97e14d58dc118b0'   itemscope=\"itemscope\" itemtype=\"https:\/\/schema.org\/CreativeWork\" ><div class='avia_textblock'  itemprop=\"text\" ><p><img loading=\"lazy\" decoding=\"async\" class=\"alignnone wp-image-26255\" src=\"https:\/\/polarislabs.com\/wp-content\/uploads\/2026\/04\/Account-Manager-Map_Director-300x293.png\" alt=\"\" width=\"230\" height=\"225\" srcset=\"https:\/\/polarislabs.com\/wp-content\/uploads\/2026\/04\/Account-Manager-Map_Director-300x293.png 300w, https:\/\/polarislabs.com\/wp-content\/uploads\/2026\/04\/Account-Manager-Map_Director-12x12.png 12w, https:\/\/polarislabs.com\/wp-content\/uploads\/2026\/04\/Account-Manager-Map_Director-36x36.png 36w, https:\/\/polarislabs.com\/wp-content\/uploads\/2026\/04\/Account-Manager-Map_Director.png 702w\" sizes=\"auto, (max-width: 230px) 100vw, 230px\" \/><\/p>\n<p><a href=\"mailto:cwatson@polarislabs.com\"><img loading=\"lazy\" decoding=\"async\" class=\"alignnone wp-image-26003\" src=\"https:\/\/polarislabs.com\/wp-content\/uploads\/2026\/02\/Account-Manager-Map_West_Website-269x300.png\" alt=\"\" width=\"202\" height=\"225\" srcset=\"https:\/\/polarislabs.com\/wp-content\/uploads\/2026\/02\/Account-Manager-Map_West_Website-269x300.png 269w, https:\/\/polarislabs.com\/wp-content\/uploads\/2026\/02\/Account-Manager-Map_West_Website-11x12.png 11w, https:\/\/polarislabs.com\/wp-content\/uploads\/2026\/02\/Account-Manager-Map_West_Website.png 519w\" sizes=\"auto, (max-width: 202px) 100vw, 202px\" \/><\/a><a href=\"mailto:pmarur@polarislabs.com\"><img loading=\"lazy\" decoding=\"async\" class=\"alignnone wp-image-26001\" src=\"https:\/\/polarislabs.com\/wp-content\/uploads\/2026\/02\/Account-Manager-Map_MidSouth_Website-269x300.png\" alt=\"\" width=\"202\" height=\"225\" srcset=\"https:\/\/polarislabs.com\/wp-content\/uploads\/2026\/02\/Account-Manager-Map_MidSouth_Website-269x300.png 269w, https:\/\/polarislabs.com\/wp-content\/uploads\/2026\/02\/Account-Manager-Map_MidSouth_Website-11x12.png 11w, https:\/\/polarislabs.com\/wp-content\/uploads\/2026\/02\/Account-Manager-Map_MidSouth_Website.png 519w\" sizes=\"auto, (max-width: 202px) 100vw, 202px\" \/><\/a><\/p>\n<p><a href=\"mailto:sdennison@polarislabs.com\"><img loading=\"lazy\" decoding=\"async\" class=\"alignnone wp-image-26002\" src=\"https:\/\/polarislabs.com\/wp-content\/uploads\/2026\/02\/Account-Manager-Map_MidWest_Website-269x300.png\" alt=\"\" width=\"202\" height=\"225\" srcset=\"https:\/\/polarislabs.com\/wp-content\/uploads\/2026\/02\/Account-Manager-Map_MidWest_Website-269x300.png 269w, https:\/\/polarislabs.com\/wp-content\/uploads\/2026\/02\/Account-Manager-Map_MidWest_Website-11x12.png 11w, https:\/\/polarislabs.com\/wp-content\/uploads\/2026\/02\/Account-Manager-Map_MidWest_Website.png 519w\" sizes=\"auto, (max-width: 202px) 100vw, 202px\" \/><\/a><a href=\"mailto:mkiley@polarislabs.com\"><img loading=\"lazy\" decoding=\"async\" class=\"alignnone wp-image-26000\" src=\"https:\/\/polarislabs.com\/wp-content\/uploads\/2026\/02\/Account-Manager-Map_East_Website-269x300.png\" alt=\"\" width=\"202\" height=\"225\" srcset=\"https:\/\/polarislabs.com\/wp-content\/uploads\/2026\/02\/Account-Manager-Map_East_Website-269x300.png 269w, https:\/\/polarislabs.com\/wp-content\/uploads\/2026\/02\/Account-Manager-Map_East_Website-11x12.png 11w, https:\/\/polarislabs.com\/wp-content\/uploads\/2026\/02\/Account-Manager-Map_East_Website.png 519w\" sizes=\"auto, (max-width: 202px) 100vw, 202px\" \/><\/a><\/p>\n<p><a href=\"mailto:mprieve@polarislabs.com\"><img loading=\"lazy\" decoding=\"async\" class=\"alignnone wp-image-25999\" src=\"https:\/\/polarislabs.com\/wp-content\/uploads\/2026\/02\/Account-Manager-Map_Data-Center_Website-300x293.png\" alt=\"\" width=\"281\" height=\"275\" srcset=\"https:\/\/polarislabs.com\/wp-content\/uploads\/2026\/02\/Account-Manager-Map_Data-Center_Website-300x293.png 300w, https:\/\/polarislabs.com\/wp-content\/uploads\/2026\/02\/Account-Manager-Map_Data-Center_Website-12x12.png 12w, https:\/\/polarislabs.com\/wp-content\/uploads\/2026\/02\/Account-Manager-Map_Data-Center_Website-36x36.png 36w, https:\/\/polarislabs.com\/wp-content\/uploads\/2026\/02\/Account-Manager-Map_Data-Center_Website.png 702w\" sizes=\"auto, (max-width: 281px) 100vw, 281px\" \/><\/a><\/p>\n<\/div><\/section><\/p><\/div><div  class='flex_column av-48wwi5s-db54c132b8d365ebeeb43b2152767dfa av_three_fifth  avia-builder-el-14  el_after_av_two_fifth  avia-builder-el-last  flex_column_div'     ><style type=\"text\/css\" data-created_by=\"avia_inline_auto\" id=\"style-css-av-lmqwwyqr-463bb77b006469a5367e162b344e0bd3\">\n.avia-image-container.av-lmqwwyqr-463bb77b006469a5367e162b344e0bd3 img.avia_image{\nbox-shadow:none;\n}\n.avia-image-container.av-lmqwwyqr-463bb77b006469a5367e162b344e0bd3 .av-image-caption-overlay-center{\ncolor:#ffffff;\n}\n<\/style>\n<div  class='avia-image-container av-lmqwwyqr-463bb77b006469a5367e162b344e0bd3 av-styling- avia-align-center  avia-builder-el-15  avia-builder-el-no-sibling'   itemprop=\"image\" itemscope=\"itemscope\" itemtype=\"https:\/\/schema.org\/ImageObject\" ><div class=\"avia-image-container-inner\"><div class=\"avia-image-overlay-wrap\"><img decoding=\"async\" fetchpriority=\"high\" class='wp-image-23303 avia-img-lazy-loading-not-23303 avia_image' src=\"https:\/\/polarislabs.com\/wp-content\/uploads\/2023\/12\/US-Map-Territories.png\" alt='' title='Mapa de EE.UU. Territorios'  height=\"2204\" width=\"2595\"  itemprop=\"thumbnailUrl\" srcset=\"https:\/\/polarislabs.com\/wp-content\/uploads\/2023\/12\/US-Map-Territories.png 2595w, https:\/\/polarislabs.com\/wp-content\/uploads\/2023\/12\/US-Map-Territories-300x255.png 300w, https:\/\/polarislabs.com\/wp-content\/uploads\/2023\/12\/US-Map-Territories-1030x875.png 1030w, https:\/\/polarislabs.com\/wp-content\/uploads\/2023\/12\/US-Map-Territories-768x652.png 768w, https:\/\/polarislabs.com\/wp-content\/uploads\/2023\/12\/US-Map-Territories-1536x1305.png 1536w, https:\/\/polarislabs.com\/wp-content\/uploads\/2023\/12\/US-Map-Territories-2048x1739.png 2048w, https:\/\/polarislabs.com\/wp-content\/uploads\/2023\/12\/US-Map-Territories-14x12.png 14w, https:\/\/polarislabs.com\/wp-content\/uploads\/2023\/12\/US-Map-Territories-1500x1274.png 1500w, https:\/\/polarislabs.com\/wp-content\/uploads\/2023\/12\/US-Map-Territories-705x599.png 705w\" sizes=\"(max-width: 2595px) 100vw, 2595px\" \/><\/div><\/div><\/div><\/div><\/div><\/div><\/div><!-- close content main div --><\/div><\/div>\n<style type=\"text\/css\" data-created_by=\"avia_inline_auto\" id=\"style-css-av-lmqwvms1-70c952859d40d6e5188980f49dfe4747\">\n.avia-section.av-lmqwvms1-70c952859d40d6e5188980f49dfe4747{\nbackground-color:#003a70;\nbackground-image:unset;\n}\n<\/style>\n<div id='av_section_3'  class='avia-section av-lmqwvms1-70c952859d40d6e5188980f49dfe4747 main_color avia-section-default avia-no-border-styling  avia-builder-el-16  el_after_av_section  el_before_av_section  avia-bg-style-scroll container_wrap sidebar_right'  ><div class='container av-section-cont-open' ><div class='template-page content  av-content-small alpha units'><div class='post-entry post-entry-type-page post-entry-22992'><div class='entry-content-wrapper clearfix'>\n<div  class='flex_column av-3su0qog-a2390100b1959fed9939042c792abdaa av_two_fifth  avia-builder-el-17  el_before_av_three_fifth  avia-builder-el-first  first flex_column_div'     ><section  class='av_textblock_section av-lmqxt5ol-2aefac1f5eb8378e99d1ebade1200131'   itemscope=\"itemscope\" itemtype=\"https:\/\/schema.org\/CreativeWork\" ><div class='avia_textblock'  itemprop=\"text\" ><p><img loading=\"lazy\" decoding=\"async\" class=\"wp-image-23011 aligncenter\" src=\"https:\/\/polarislabs.com\/wp-content\/uploads\/2023\/09\/LATAM.png\" alt=\"\" width=\"363\" height=\"450\" srcset=\"https:\/\/polarislabs.com\/wp-content\/uploads\/2023\/09\/LATAM.png 538w, https:\/\/polarislabs.com\/wp-content\/uploads\/2023\/09\/LATAM-242x300.png 242w, https:\/\/polarislabs.com\/wp-content\/uploads\/2023\/09\/LATAM-10x12.png 10w\" sizes=\"auto, (max-width: 363px) 100vw, 363px\" \/><\/p>\n<\/div><\/section><\/div><div  id=\"LATAM\"  class='flex_column av-3fiqspc-eeb597784998bf70eebc6e3ee1960aee av_three_fifth  avia-builder-el-19  el_after_av_two_fifth  avia-builder-el-last  flex_column_div'     ><section  class='av_textblock_section av-lmqwte7a-6b551239c270841d1688b20f36cf7550'   itemscope=\"itemscope\" itemtype=\"https:\/\/schema.org\/CreativeWork\" ><div class='avia_textblock'  itemprop=\"text\" ><h3><span style=\"color: #ffffff;\">Equipo de ventas para Centroam\u00e9rica, Sudam\u00e9rica y Latinoam\u00e9rica<\/span><\/h3>\n<\/div><\/section><br \/>\n<div  class='hr av-354m05s-fcf56d4391a2919a1f4e7a61035e2401 hr-default  avia-builder-el-21  el_after_av_textblock  el_before_av_textblock'><span class='hr-inner'><span class=\"hr-inner-style\"><\/span><\/span><\/div><br \/>\n<section  class='av_textblock_section av-lmqxgls4-7ca9fac04ae70cde323264403b8912e8'   itemscope=\"itemscope\" itemtype=\"https:\/\/schema.org\/CreativeWork\" ><div class='avia_textblock'  itemprop=\"text\" ><p><a href=\"mailto:lgalindo@polarislabs.com\"><img loading=\"lazy\" decoding=\"async\" class=\"alignnone wp-image-23027\" src=\"https:\/\/polarislabs.com\/wp-content\/uploads\/2023\/09\/LATAM-Sales_Luis.png\" alt=\"\" width=\"245\" height=\"300\" srcset=\"https:\/\/polarislabs.com\/wp-content\/uploads\/2023\/09\/LATAM-Sales_Luis.png 551w, https:\/\/polarislabs.com\/wp-content\/uploads\/2023\/09\/LATAM-Sales_Luis-245x300.png 245w, https:\/\/polarislabs.com\/wp-content\/uploads\/2023\/09\/LATAM-Sales_Luis-10x12.png 10w\" sizes=\"auto, (max-width: 245px) 100vw, 245px\" \/><\/a><a href=\"mailto:cramirez@polarislabs.com\"><img loading=\"lazy\" decoding=\"async\" class=\"alignnone wp-image-23028\" src=\"https:\/\/polarislabs.com\/wp-content\/uploads\/2023\/09\/LATAM-Sales_Carlos.png\" alt=\"\" width=\"215\" height=\"300\" srcset=\"https:\/\/polarislabs.com\/wp-content\/uploads\/2023\/09\/LATAM-Sales_Carlos.png 485w, https:\/\/polarislabs.com\/wp-content\/uploads\/2023\/09\/LATAM-Sales_Carlos-215x300.png 215w, https:\/\/polarislabs.com\/wp-content\/uploads\/2023\/09\/LATAM-Sales_Carlos-9x12.png 9w\" sizes=\"auto, (max-width: 215px) 100vw, 215px\" \/><\/a><\/p>\n<\/div><\/section><\/p><\/div>\n<\/p>\n<\/div><\/div><\/div><!-- close content main div --><\/div><\/div><div id='av_section_4'  class='avia-section av-2hnu1ww-4ac9ad88ac65e46f4d7b258e67bf9963 main_color avia-section-default avia-no-border-styling  avia-builder-el-23  el_after_av_section  avia-builder-el-last  avia-bg-style-scroll container_wrap sidebar_right'  ><div class='container av-section-cont-open' ><div class='template-page content  av-content-small alpha units'><div class='post-entry post-entry-type-page post-entry-22992'><div class='entry-content-wrapper clearfix'>\n<div  class='flex_column av-24llwc0-94d4a920e0d9fe1fb9231c8ee6127bc2 av_three_fifth  avia-builder-el-24  el_before_av_two_fifth  avia-builder-el-first  first flex_column_div'     ><p><div  id=\"Europe\"  class='hr av-1pftu34-09b29c15dfef254f3531d129b7f44e7a hr-default  avia-builder-el-25  el_before_av_textblock  avia-builder-el-first'><span class='hr-inner'><span class=\"hr-inner-style\"><\/span><\/span><\/div><br \/>\n<section  class='av_textblock_section av-lmqwuhd4-cd6710b07f5c8a0b34774e401698584f'   itemscope=\"itemscope\" itemtype=\"https:\/\/schema.org\/CreativeWork\" ><div class='avia_textblock'  itemprop=\"text\" ><h3>Equipo de ventas en Europa<\/h3>\n<\/div><\/section><br \/>\n<div  class='hr av-12qsomo-16d845ae036096659a52561b67bc7c9e hr-default  avia-builder-el-27  el_after_av_textblock  el_before_av_textblock'><span class='hr-inner'><span class=\"hr-inner-style\"><\/span><\/span><\/div><br \/>\n<section  class='av_textblock_section av-lmqxn7v1-c9b3df73374f17bf5e47921f5f69dc65'   itemscope=\"itemscope\" itemtype=\"https:\/\/schema.org\/CreativeWork\" ><div class='avia_textblock'  itemprop=\"text\" ><p><a href=\"mailto:gsimmonds@polarislabs.com\"><img loading=\"lazy\" decoding=\"async\" class=\"alignnone wp-image-23029\" src=\"https:\/\/polarislabs.com\/wp-content\/uploads\/2023\/09\/Europe-Sales_Gwyn-1.png\" alt=\"\" width=\"268\" height=\"300\" srcset=\"https:\/\/polarislabs.com\/wp-content\/uploads\/2023\/09\/Europe-Sales_Gwyn-1.png 605w, https:\/\/polarislabs.com\/wp-content\/uploads\/2023\/09\/Europe-Sales_Gwyn-1-268x300.png 268w, https:\/\/polarislabs.com\/wp-content\/uploads\/2023\/09\/Europe-Sales_Gwyn-1-11x12.png 11w\" sizes=\"auto, (max-width: 268px) 100vw, 268px\" \/><\/a><a href=\"mailto:mjarosz@polarislabs.com\"><img loading=\"lazy\" decoding=\"async\" class=\"alignnone wp-image-23025\" src=\"https:\/\/polarislabs.com\/wp-content\/uploads\/2023\/09\/Europe-Sales_Mateusz.png\" alt=\"\" width=\"217\" height=\"300\" srcset=\"https:\/\/polarislabs.com\/wp-content\/uploads\/2023\/09\/Europe-Sales_Mateusz.png 490w, https:\/\/polarislabs.com\/wp-content\/uploads\/2023\/09\/Europe-Sales_Mateusz-217x300.png 217w, https:\/\/polarislabs.com\/wp-content\/uploads\/2023\/09\/Europe-Sales_Mateusz-9x12.png 9w\" sizes=\"auto, (max-width: 217px) 100vw, 217px\" \/><\/a><\/p>\n<\/div><\/section><\/p><\/div><div  class='flex_column av-tf6mxc-0072d13b7ae0d8995765ae53604bf3f0 av_two_fifth  avia-builder-el-29  el_after_av_three_fifth  avia-builder-el-last  flex_column_div'     ><section  class='av_textblock_section av-lmqxuyk5-7aa07089fcfc8e574091d5ec7d34ab9e'   itemscope=\"itemscope\" itemtype=\"https:\/\/schema.org\/CreativeWork\" ><div class='avia_textblock'  itemprop=\"text\" ><p><img loading=\"lazy\" decoding=\"async\" class=\"wp-image-23010 aligncenter\" src=\"https:\/\/polarislabs.com\/wp-content\/uploads\/2023\/09\/Europe.png\" alt=\"\" width=\"374\" height=\"450\" srcset=\"https:\/\/polarislabs.com\/wp-content\/uploads\/2023\/09\/Europe.png 418w, https:\/\/polarislabs.com\/wp-content\/uploads\/2023\/09\/Europe-249x300.png 249w, https:\/\/polarislabs.com\/wp-content\/uploads\/2023\/09\/Europe-10x12.png 10w\" sizes=\"auto, (max-width: 374px) 100vw, 374px\" \/><\/p>\n<\/div><\/section><\/div>\n<\/div><\/div><\/div><!-- close content main div --><\/div><\/div><div id='after_section_4'  class='main_color av_default_container_wrap container_wrap sidebar_right'  ><div class='container av-section-cont-open' ><div class='template-page content  av-content-small alpha units'><div class='post-entry post-entry-type-page post-entry-22992'><div class='entry-content-wrapper clearfix'>","protected":false},"excerpt":{"rendered":"","protected":false},"author":29,"featured_media":0,"parent":0,"menu_order":0,"comment_status":"closed","ping_status":"closed","template":"","meta":{"om_disable_all_campaigns":false,"_monsterinsights_skip_tracking":false,"_monsterinsights_sitenote_active":false,"_monsterinsights_sitenote_note":"","_monsterinsights_sitenote_category":0,"footnotes":""},"class_list":["post-22992","page","type-page","status-publish","hentry"],"aioseo_notices":[],"_links":{"self":[{"href":"https:\/\/polarislabs.com\/es\/wp-json\/wp\/v2\/pages\/22992","targetHints":{"allow":["GET"]}}],"collection":[{"href":"https:\/\/polarislabs.com\/es\/wp-json\/wp\/v2\/pages"}],"about":[{"href":"https:\/\/polarislabs.com\/es\/wp-json\/wp\/v2\/types\/page"}],"author":[{"embeddable":true,"href":"https:\/\/polarislabs.com\/es\/wp-json\/wp\/v2\/users\/29"}],"replies":[{"embeddable":true,"href":"https:\/\/polarislabs.com\/es\/wp-json\/wp\/v2\/comments?post=22992"}],"version-history":[{"count":0,"href":"https:\/\/polarislabs.com\/es\/wp-json\/wp\/v2\/pages\/22992\/revisions"}],"wp:attachment":[{"href":"https:\/\/polarislabs.com\/es\/wp-json\/wp\/v2\/media?parent=22992"}],"curies":[{"name":"wp","href":"https:\/\/api.w.org\/{rel}","templated":true}]}}