{"id":23209,"date":"2023-10-25T15:53:38","date_gmt":"2023-10-25T19:53:38","guid":{"rendered":"https:\/\/polarislabs.com\/?page_id=23209"},"modified":"2023-10-25T15:53:38","modified_gmt":"2023-10-25T19:53:38","slug":"polaris-laboratories-privacy-policy","status":"publish","type":"page","link":"https:\/\/polarislabs.com\/es\/polaris-laboratories-privacy-policy\/","title":{"rendered":"Pol\u00edtica de privacidad de Laboratorios POLARIS"},"content":{"rendered":"<div class=\"page\" title=\"P\u00e1gina 1\">\n<div class=\"layoutArea\">\n<div class=\"column\">\n<h2>Aviso de privacidad del sitio web<\/h2>\n<p>A partir del 25 de octubre de 2023<\/p>\n<p>POLARIS, Laboratories, LLC, (\"<strong>POLARIS<\/strong>\") se compromete a proporcionar datos puntuales y precisos a nuestros clientes con fines de mantenimiento y fiabilidad. Aceptamos el cambio porque es la \u00fanica forma de mejorar continuamente el valor de nuestros an\u00e1lisis de aceite.<\/p>\n<p>POLARIS sabe que usted se preocupa por su privacidad. Este Aviso de Privacidad del Sitio Web describe c\u00f3mo POLARIS recoge, utiliza, comparte y asegura su informaci\u00f3n relacionada con el uso de los sitios web operados y controlados por POLARIS. <a href=\"https:\/\/polarislabs.com\/es\/\">www.polarislabs.com<\/a>\u00a0(colectivamente, el \"<strong>Servicios<\/strong>\"). El presente Aviso de Privacidad del Sitio Web regula el acceso de nuestros Usuarios a los Servicios y se aplica a todas las personas que utilicen los Servicios (\"<strong>Usuarios<\/strong>\").<\/p>\n<\/div>\n<h3>Acuerdo y admisibilidad<\/h3>\n<\/div>\n<h5>Su acuerdo con POLARIS<\/h5>\n<div class=\"layoutArea\">\n<div class=\"column\">\n<p>Este Aviso de Privacidad del Website constituye un acuerdo legal vinculante entre usted, como Usuario que utiliza e interact\u00faa con los Servicios, y POLARIS. Antes de acceder a los Servicios, utilizarlos o interactuar con ellos, debe revisar atentamente los t\u00e9rminos y condiciones de este Aviso de Privacidad del Sitio Web, que se incorporan a su acuerdo con POLARIS mediante esta referencia. Este Aviso de Privacidad del Sitio Web se aplica \u00fanicamente a los Servicios, y a nuestra recopilaci\u00f3n, uso, divulgaci\u00f3n y protecci\u00f3n de su informaci\u00f3n. No se aplica a otros servicios ofrecidos por POLARIS, ni a sitios web, aplicaciones o servicios de terceros.<\/p>\n<p>Al utilizar o interactuar con cualquiera de nuestros Servicios, usted da su consentimiento a nuestro Aviso de Privacidad del Sitio Web, y a la recopilaci\u00f3n, uso, transferencia, almacenamiento y divulgaci\u00f3n de su informaci\u00f3n tal y como se describe en este Aviso de Privacidad del Sitio Web. Si no acepta los t\u00e9rminos de nuestro Aviso de Privacidad del Sitio Web, no podr\u00e1 utilizar los Servicios ni interactuar con ellos. Si tiene alguna pregunta sobre el Aviso de Privacidad del Sitio Web o las pr\u00e1cticas de POLARIS, o si necesita ponerse en contacto con nosotros acerca de la informaci\u00f3n que recopilamos sobre usted, puede ponerse en contacto con nosotros utilizando la informaci\u00f3n de contacto proporcionada al final de este Aviso de Privacidad del Sitio Web.<\/p>\n<h5>Recogida y uso de la informaci\u00f3n<\/h5>\n<p>POLARIS recopila informaci\u00f3n sobre usted cuando usted nos proporciona informaci\u00f3n y cuando nosotros recopilamos informaci\u00f3n sobre usted autom\u00e1ticamente cuando usted accede, utiliza o interact\u00faa con los Servicios. Utilizamos esta informaci\u00f3n por diferentes motivos, entre ellos para mejorar los Servicios y adaptarlos a usted. Los tipos de informaci\u00f3n que POLARIS puede recopilar incluyen:<\/p>\n<h5>Informaci\u00f3n que nos facilita<\/h5>\n<p><strong>Informaci\u00f3n sobre el formulario:<\/strong> Algunos de los Servicios pueden permitirle rellenar un formulario para proporcionar informaci\u00f3n a POLARIS, por ejemplo, para inscribirse en un curso de formaci\u00f3n. Tales formularios pueden recoger informaci\u00f3n sobre usted, como su nombre, direcci\u00f3n, n\u00famero de tel\u00e9fono, empresa asociada o empleador, cargo, informaci\u00f3n de contacto de la empresa y otra informaci\u00f3n sobre su empresa, como el tama\u00f1o de la empresa y los ingresos. Nuestros formularios tambi\u00e9n pueden permitirle proporcionar informaci\u00f3n sobre c\u00f3mo usted o su empresa utilizar\u00e1n los Servicios, como el volumen anual de muestras, informaci\u00f3n sobre la aplicaci\u00f3n\/industria para el uso de los Servicios, departamento, equipo y origen de las muestras. Usted no est\u00e1 obligado a facilitarnos esta informaci\u00f3n, sin embargo, es posible que no podamos prestarle determinados Servicios a menos que recabemos esta informaci\u00f3n de usted.<\/p>\n<\/div>\n<\/div>\n<\/div>\n<div class=\"page\" title=\"P\u00e1gina 2\">\n<div class=\"layoutArea\">\n<div class=\"column\">\n<p><strong>Informaci\u00f3n sobre la operaci\u00f3n de pago:<\/strong> Usted puede proporcionar cierta informaci\u00f3n para completar los pagos a trav\u00e9s de los Servicios, incluyendo su nombre, direcci\u00f3n, tipo y n\u00famero de tarjeta de cr\u00e9dito o d\u00e9bito, fecha de caducidad de la tarjeta, c\u00f3digo CVV y direcci\u00f3n de facturaci\u00f3n (colectivamente, \"<strong>Informaci\u00f3n de pago<\/strong>\"), junto con su direcci\u00f3n de entrega o env\u00edo. Tambi\u00e9n podemos recoger y almacenar informaci\u00f3n relacionada con sus compras realizadas a trav\u00e9s de nuestros Servicios. POLARIS no recoge ni almacena la informaci\u00f3n de pago, ya que utilizamos un servicio de pago seguro de terceros.<\/p>\n<p><strong>Informaci\u00f3n sobre la correspondencia:<\/strong> Si nos env\u00eda un correo electr\u00f3nico, se suscribe a nuestros boletines o listas de correo, o adquiere productos o servicios a trav\u00e9s de los Servicios, podemos conservar su mensaje, direcci\u00f3n de correo electr\u00f3nico e informaci\u00f3n de contacto para responder a sus solicitudes, proporcionarle los productos o Servicios solicitados y enviarle notificaciones u otro tipo de correspondencia. No compartimos ni vendemos ninguna informaci\u00f3n personal a otras organizaciones con fines comerciales. Si no desea recibir mensajes de correo electr\u00f3nico nuestros en el futuro, h\u00e1ganoslo saber mediante <a href=\"mailto:service@polarislabs.com\">haciendo clic aqu\u00ed<\/a> envi\u00e1ndonos un correo electr\u00f3nico o escribi\u00e9ndonos a la direcci\u00f3n que figura m\u00e1s abajo. Tenga en cuenta que las solicitudes para eliminar su direcci\u00f3n de correo electr\u00f3nico de nuestras listas pueden tardar alg\u00fan tiempo en cumplirse. Tambi\u00e9n podremos seguir poni\u00e9ndonos en contacto con usted en relaci\u00f3n con determinados anuncios o notificaciones importantes sobre los Servicios.<\/p>\n<p><strong>Informaci\u00f3n de la encuesta:<\/strong> De vez en cuando, podemos pedirle que rellene una encuesta en la que nos informe sobre su uso de los Servicios. La participaci\u00f3n en estas encuestas no es obligatoria y, si decide participar, recopilaremos y evaluaremos las respuestas y la informaci\u00f3n que nos proporcione a trav\u00e9s de la encuesta para ayudar a mejorar los Servicios.<\/p>\n<h5>Informaci\u00f3n que recopilamos autom\u00e1ticamente<\/h5>\n<\/div>\n<\/div>\n<div class=\"section\">\n<div class=\"layoutArea\">\n<div class=\"column\">\n<p><strong>Cookies, balizas web, enlaces y otras tecnolog\u00edas de seguimiento:<\/strong> POLARIS puede hacer un seguimiento de c\u00f3mo utiliza e interact\u00faa con los Servicios y de su interacci\u00f3n con las comunicaciones e informaci\u00f3n que le proporcionamos sobre los Servicios mediante el uso de cookies, balizas web, enlaces y otras tecnolog\u00edas de seguimiento. Hacemos esto para ayudar a analizar el uso de los Servicios y mejorarlos. A trav\u00e9s de estas tecnolog\u00edas podemos recopilar autom\u00e1ticamente informaci\u00f3n sobre su uso de los Servicios y otras actividades en l\u00ednea, incluida nuestra correspondencia por correo electr\u00f3nico, servicios de terceros y aplicaciones de clientes, as\u00ed como determinadas actividades en l\u00ednea despu\u00e9s de que abandone los Servicios. Por lo general, la informaci\u00f3n de enlace s\u00f3lo se analiza de forma agregada. Es posible que algunos Servicios no funcionen correctamente si desactiva las cookies.<\/p>\n<\/div>\n<\/div>\n<\/div>\n<div class=\"section\">\n<div class=\"layoutArea\">\n<div class=\"column\">\n<p><strong>Identificadores \u00fanicos:<\/strong> Cuando usted utiliza o accede a los Servicios, podemos acceder, recopilar, supervisar, almacenar en su dispositivo y\/o almacenar remotamente uno o m\u00e1s \"Identificadores \u00danicos\", como un identificador \u00fanico universal (\"UUID\"). Un Identificador \u00danico puede permanecer en su dispositivo de forma persistente, para ayudarle a iniciar sesi\u00f3n m\u00e1s r\u00e1pidamente y mejorar su navegaci\u00f3n por los Servicios. Es posible que algunas funciones de los Servicios no funcionen correctamente si el uso o la disponibilidad de los Identificadores \u00danicos se ve afectado o desactivado.<\/p>\n<p><strong>Informaci\u00f3n del archivo de registro:<\/strong> Cuando utiliza nuestros Servicios, podemos recibir informaci\u00f3n de archivos de registro, como su direcci\u00f3n IP, tipo de navegador, horas de acceso, nombres de dominio, sistema operativo, p\u00e1ginas web de referencia, p\u00e1ginas visitadas, ubicaci\u00f3n, operador de telefon\u00eda m\u00f3vil, informaci\u00f3n del dispositivo (incluidos los identificadores del dispositivo y de la aplicaci\u00f3n), t\u00e9rminos de b\u00fasqueda e informaci\u00f3n de cookies. Recibimos datos de archivos de registro cuando usted interact\u00faa con nuestros Servicios, por ejemplo, cuando visita nuestros sitios web, inicia sesi\u00f3n en nuestros Servicios o interact\u00faa con nuestras notificaciones por correo electr\u00f3nico. POLARIS utiliza los datos de los archivos de registro para proporcionar, comprender y mejorar nuestros Servicios, as\u00ed como para personalizar el contenido que le mostramos. POLARIS puede vincular este archivo de registro a otra informaci\u00f3n que POLARIS recopile sobre usted a trav\u00e9s de los Servicios.<\/p>\n<\/div>\n<\/div>\n<\/div>\n<div class=\"layoutArea\">\n<div class=\"column\">\n<p><strong>Informaci\u00f3n al p\u00fablico:<\/strong> POLARIS tambi\u00e9n puede recoger informaci\u00f3n sobre usted de fuentes p\u00fablicas. La informaci\u00f3n que usted ponga a disposici\u00f3n del p\u00fablico en cualquier foro p\u00fablico o abierto, como por ejemplo en una red social, puede ser considerada informaci\u00f3n p\u00fablica a los efectos de este Aviso de Privacidad del Sitio Web, y puede ser accedida y recopilada por POLARIS. Por favor, tenga en cuenta que cualquier contenido o informaci\u00f3n que comparta con o proporcione a terceros utilizando o en relaci\u00f3n con su uso de los Servicios no es ni privado, ni confidencial. POLARIS no se responsabiliza por cualquier contenido o informaci\u00f3n que usted publique o comparta con terceros. Si usted no desea que cierta informaci\u00f3n sea p\u00fablica, por favor no la comparta.<\/p>\n<h3>Intercambio de informaci\u00f3n<\/h3>\n<\/div>\n<\/div>\n<\/div>\n<div class=\"page\" title=\"P\u00e1gina 3\">POLARIS no compartir\u00e1, vender\u00e1, alquilar\u00e1 ni revelar\u00e1 de ning\u00fan otro modo su informaci\u00f3n personal privada a terceros sin su consentimiento, excepto en las circunstancias limitadas descritas en este Aviso de Privacidad del Sitio Web, incluyendo a:<\/div>\n<div title=\"P\u00e1gina 3\"><\/div>\n<div class=\"page\" title=\"P\u00e1gina 3\"><strong>Personal de POLARIS:<\/strong> El personal de POLARIS puede tener acceso a su informaci\u00f3n cuando sea necesario para proporcionar y operar los Servicios en el curso normal de los negocios. Esto incluye informaci\u00f3n relativa a su uso e interacci\u00f3n con los Servicios. POLARIS puede utilizar esta informaci\u00f3n para fines tales como solucionar problemas con los Servicios, ponerse en contacto con usted en relaci\u00f3n con su uso de los Servicios, proporcionar a los usuarios datos para que puedan gestionar sus programas, determinar las m\u00e9tricas de uso de las empresas y determinar las prioridades futuras seg\u00fan el uso de la empresa. Nuestro personal de ventas y gesti\u00f3n de cuentas tambi\u00e9n puede utilizar esta informaci\u00f3n para ayudar a los clientes a obtener valor de su programa o para ponerse en contacto con los clientes sobre Servicios adicionales.<\/p>\n<div class=\"section\">\n<div class=\"section\">\n<div class=\"layoutArea\">\n<div class=\"column\">\n<p><strong>Proveedores de servicios:<\/strong> POLARIS colabora con diversas organizaciones y particulares para ayudar a prestarle los Servicios (\"<strong>Proveedores de servicios<\/strong>\"), como empresas de hosting, procesadores de pagos para procesar pagos, socios que nos ayudan a recopilar y analizar encuestas sobre su uso de los Servicios, proveedores que nos ayudan a enviarle informaci\u00f3n sobre formaci\u00f3n en los Servicios y otros servicios ofrecidos por POLARIS, o empresas que proporcionan informaci\u00f3n anal\u00edtica. Podemos compartir su informaci\u00f3n personal con nuestros Proveedores de Servicios con el fin de prestar los Servicios. La informaci\u00f3n que compartimos con nuestros Proveedores de Servicios puede incluir tanto la informaci\u00f3n que usted nos proporciona como la que nosotros recopilamos sobre usted, incluyendo \"<strong>Informaci\u00f3n personal identificable<\/strong>\"(que puede incluir informaci\u00f3n sobre usted que pueda utilizarse para identificarle, como su: nombre, apellidos, sexo, fecha de nacimiento, direcci\u00f3n, c\u00f3digo postal, direcci\u00f3n de correo electr\u00f3nico o n\u00famero de tel\u00e9fono), Informaci\u00f3n de pago (\u00fanicamente a nuestros proveedores de procesamiento de pagos), informaci\u00f3n de herramientas de recopilaci\u00f3n de datos como cookies, balizas web, archivos de registro, Identificadores \u00fanicos y datos de localizaci\u00f3n. POLARIS tomar\u00e1 medidas razonables para garantizar que nuestros Proveedores de Servicios est\u00e9n obligados a proteger razonablemente su informaci\u00f3n en nombre de POLARIS. Si POLARIS tiene conocimiento de que alg\u00fan Proveedor de Servicios est\u00e1 utilizando o divulgando informaci\u00f3n de forma indebida, tomaremos medidas comercialmente razonables para poner fin o corregir dicho uso o divulgaci\u00f3n indebidos.<\/p>\n<p><strong>Transacciones comerciales:<\/strong> POLARIS puede comprar otras empresas o sus activos, vender nuestros activos empresariales o verse involucrada en una quiebra, fusi\u00f3n, adquisici\u00f3n, reorganizaci\u00f3n o venta de activos (una \"<strong>Transacci\u00f3n comercial<\/strong>\"). Su informaci\u00f3n, incluida la informaci\u00f3n de identificaci\u00f3n personal, puede estar entre los activos vendidos o transferidos como parte de una transacci\u00f3n comercial.<\/p>\n<p><strong>Peticiones legales:<\/strong> Podemos vernos obligados a revelar informaci\u00f3n del Usuario en virtud de solicitudes legales, como citaciones u \u00f3rdenes judiciales, o en cumplimiento de la legislaci\u00f3n aplicable. Por lo general, no revelamos informaci\u00f3n del Usuario a menos que creamos de buena fe que una solicitud de informaci\u00f3n por parte de las fuerzas del orden o de litigantes privados cumple las normas legales aplicables. Podemos compartir su informaci\u00f3n cuando creamos que es necesario para cumplir con las leyes aplicables, para proteger nuestros intereses o propiedad, para prevenir el fraude u otra actividad ilegal perpetrada a trav\u00e9s de los Servicios o utilizando el nombre POLARIS, o para proteger la seguridad de cualquier persona. Esto puede incluir compartir informaci\u00f3n con otras empresas, abogados, agentes o agencias gubernamentales. Nada en este Aviso de Privacidad del Sitio Web pretende limitar las defensas legales u objeciones que usted pueda tener a la solicitud de un tercero, incluyendo un gobierno, para revelar su informaci\u00f3n.<\/p>\n<h3>Acceso y modificaci\u00f3n de sus datos<\/h3>\n<h5>Acceso a la informaci\u00f3n que POLARIS ha recopilado sobre usted<\/h5>\n<p>POLARIS proporciona ciertas herramientas y configuraciones dentro de los Servicios para ayudarle a modificar la informaci\u00f3n personal que nos ha proporcionado y que est\u00e1 asociada a su cuenta. POLARIS le invita a ponerse en contacto con nosotros en relaci\u00f3n con la informaci\u00f3n que hemos recopilado sobre usted, incluyendo la naturaleza y exactitud de los datos que hemos recopilado sobre usted, o para solicitar una actualizaci\u00f3n o eliminaci\u00f3n de su informaci\u00f3n. Las solicitudes de supresi\u00f3n o eliminaci\u00f3n de su informaci\u00f3n no garantizan la eliminaci\u00f3n completa o exhaustiva del contenido o la informaci\u00f3n publicada, y la informaci\u00f3n eliminada puede persistir indefinidamente en copias de seguridad. Tenga en cuenta que si decide eliminar su informaci\u00f3n o excluirse de la recopilaci\u00f3n y uso de su informaci\u00f3n, usted entiende que ciertas caracter\u00edsticas, incluyendo pero no limitado al acceso a los Servicios, pueden dejar de estar disponibles para usted.<\/p>\n<\/div>\n<\/div>\n<\/div>\n<\/div>\n<\/div>\n<div class=\"page\" title=\"P\u00e1gina 4\">Podemos almacenar la informaci\u00f3n que recopilamos sobre usted indefinidamente, pero por lo general la informaci\u00f3n s\u00f3lo se conservar\u00e1 durante el tiempo necesario para cumplir los fines para los que se recopil\u00f3, o seg\u00fan lo exija la ley.<\/div>\n<h5 class=\"page\" title=\"P\u00e1gina 4\">Exclusi\u00f3n voluntaria de comunicaciones de POLARIS<\/h5>\n<div class=\"page\" title=\"P\u00e1gina 4\">Respetamos su privacidad y le damos la oportunidad de optar por no recibir anuncios de cierta informaci\u00f3n. Los usuarios pueden optar por no recibir ninguna o todas las comunicaciones de POLARIS o de nuestros proveedores de servicios poni\u00e9ndose en contacto con nosotros en <a href=\"mailto:service@polarislabs.com\">service@eoilreports.com<\/a>. Puede darse de baja de las comunicaciones por correo electr\u00f3nico que le enviemos nosotros o nuestros Proveedores de Servicios haciendo clic en el enlace \"darse de baja\" que figura en determinadas comunicaciones. Sin embargo, no podr\u00e1 darse de baja de comunicaciones relacionadas con los Servicios, por ejemplo, verificaci\u00f3n de cuenta, confirmaciones y recordatorios de compra y facturaci\u00f3n, cambios o actualizaciones de funciones de los Servicios, o avisos t\u00e9cnicos y de seguridad.<\/p>\n<div class=\"layoutArea\">\n<div class=\"column\">\n<h5>No rastrear<\/h5>\n<p>POLARIS no emplea actualmente un proceso para responder autom\u00e1ticamente a las se\u00f1ales \"Do Not Track\" (DNT) enviadas por navegadores web, dispositivos m\u00f3viles u otros mecanismos. De acuerdo con las normas del sector, es posible que terceros puedan recopilar informaci\u00f3n, incluida Informaci\u00f3n de Identificaci\u00f3n Personal, sobre sus actividades en l\u00ednea a lo largo del tiempo y en diferentes sitios web o servicios en l\u00ednea cuando usted utiliza los Servicios. Puede darse de baja de los anuncios de comportamiento en l\u00ednea en <a href=\"http:\/\/www.aboutads.info\/choices\/\">http:\/\/www.aboutads.info\/choices\/<\/a>. Tambi\u00e9n puede limitar determinados seguimientos desactivando las cookies en su navegador web.<\/p>\n<\/div>\n<\/div>\n<div class=\"section\">\n<div class=\"layoutArea\">\n<div class=\"column\">\n<h3>Seguridad de la informaci\u00f3n<\/h3>\n<h5>Seguridad de su informaci\u00f3n<\/h5>\n<p>POLARIS realiza esfuerzos razonables para asegurar y proteger la privacidad, exactitud y fiabilidad de su informaci\u00f3n y para protegerla de p\u00e9rdidas, uso indebido, acceso no autorizado, divulgaci\u00f3n, alteraci\u00f3n y destrucci\u00f3n. POLARIS aplica las medidas de seguridad que considera apropiadas y coherentes con las normas del sector. Como ning\u00fan protocolo de seguridad de datos es impenetrable, POLARIS no puede garantizar la seguridad de nuestros sistemas o bases de datos, ni puede garantizar que la informaci\u00f3n personal que recogemos sobre usted no ser\u00e1 violada, interceptada, destruida, accedida o divulgada sin autorizaci\u00f3n. En consecuencia, cualquier informaci\u00f3n que transfiera a o desde los Servicios se proporciona bajo su propia responsabilidad. Por favor, ponga de su parte para ayudarnos a mantener su informaci\u00f3n segura.<\/p>\n<h5>Incidentes relacionados con la seguridad de los datos<\/h5>\n<p>En el caso de que cualquier informaci\u00f3n bajo nuestro control se vea comprometida como resultado de una violaci\u00f3n de seguridad u otro incidente de seguridad de datos, POLARIS tomar\u00e1 medidas razonables para investigar la situaci\u00f3n y, cuando sea necesario, notificar a aquellos individuos cuya informaci\u00f3n pueda haber sido comprometida y tomar otras medidas de acuerdo con las leyes y reglamentos aplicables. No somos responsables de la funcionalidad, privacidad o medidas de seguridad de ninguna otra organizaci\u00f3n.<\/p>\n<h3>Disposiciones adicionales sobre los servicios y su informaci\u00f3n<\/h3>\n<\/div>\n<\/div>\n<\/div>\n<div class=\"layoutArea\">\n<div class=\"column\">\n<h5>Transferencia y almacenamiento de su informaci\u00f3n<\/h5>\n<p>Tenga en cuenta que la informaci\u00f3n que POLARIS recopila sobre usted puede ser transferida, procesada y\/o accedida por nosotros en los Estados Unidos, o en otro pa\u00eds en el que nosotros, o nuestros Proveedores de Servicios, operemos. Tenga en cuenta que la Informaci\u00f3n Personal Identificable puede ser transferida a, y mantenida en, ordenadores ubicados fuera de su estado o pa\u00eds, donde las leyes de privacidad pueden diferir y no ser tan protectoras como las de su lugar de residencia. Si usted se encuentra fuera de los Estados Unidos y decide permitirnos recopilar informaci\u00f3n sobre usted, tenga en cuenta que POLARIS puede transferir su Informaci\u00f3n de Identificaci\u00f3n Personal a los Estados Unidos y procesarla y almacenarla all\u00ed. Al permitir la recogida de su Informaci\u00f3n Personal Identificable, usted consiente que sus datos personales sean transferidos, procesados y almacenados en los Estados Unidos.<\/p>\n<p>Si se encuentra en el Espacio Econ\u00f3mico Europeo (\"EEE\") o en otras regiones con leyes que regulan la recopilaci\u00f3n y el uso de datos que pueden diferir de la legislaci\u00f3n estadounidense, tenga en cuenta que podemos transferir informaci\u00f3n a un pa\u00eds o jurisdicci\u00f3n que no tenga las mismas leyes de protecci\u00f3n de datos que su jurisdicci\u00f3n. Tambi\u00e9n puede ser procesada por personal que opere fuera de EE.UU. o del EEE y que trabaje para nosotros o para uno de los Proveedores de Servicios. Al enviar su informaci\u00f3n, registrarse o utilizar los Servicios, usted da su consentimiento para la transferencia, procesamiento y almacenamiento de su informaci\u00f3n en los Estados Unidos y el EEE, o en cualquier otro pa\u00eds en el que POLARIS o nuestros Proveedores de Servicios tengan instalaciones, y para el uso y divulgaci\u00f3n de informaci\u00f3n sobre usted tal y como se describe en este Aviso de Privacidad del Sitio Web.<\/p>\n<h5>Utilizaci\u00f3n segura de los servicios de POLARIS<\/h5>\n<\/div>\n<\/div>\n<\/div>\n<div class=\"page\" title=\"P\u00e1gina 5\">\n<div class=\"layoutArea\">\n<div class=\"column\">\n<p>A pesar de los controles de seguridad y privacidad de POLARIS, no podemos garantizar que los Servicios est\u00e9n totalmente libres de material ilegal, ofensivo, pornogr\u00e1fico o inapropiado, o que usted no encontrar\u00e1 conductas inapropiadas o ilegales por parte de otros Usuarios al utilizar los Servicios. Usted puede ayudar a POLARIS notific\u00e1ndonos cualquier contacto indeseado utilizando la informaci\u00f3n que figura a continuaci\u00f3n.<\/p>\n<h3>Cambios en el aviso de privacidad de nuestro sitio web<\/h3>\n<p>Los Servicios prestados por POLARIS est\u00e1n en constante evoluci\u00f3n y la forma y naturaleza de los Servicios pueden cambiar sin previo aviso. POLARIS podr\u00e1 modificar este Aviso de Privacidad del Website en cualquier momento. La versi\u00f3n m\u00e1s actualizada de nuestro Aviso de Privacidad del Website regir\u00e1 el uso que hagamos de sus informaciones y estar\u00e1 localizada en www.polarislabs.com. Las modificaciones del Aviso de Privacidad del Sitio Web entrar\u00e1n en vigor cuando se publique el Aviso modificado en los Servicios. Tambi\u00e9n podemos notificarle cambios en el Aviso de privacidad del sitio web, en particular si consideramos que los cambios son importantes. Al continuar accediendo o utilizando los Servicios despu\u00e9s de que los cambios entren en vigor, usted acepta quedar vinculado por el Aviso de Privacidad del Sitio Web revisado.<\/p>\n<h3>Contacto POLARIS<\/h3>\n<p>Laboratorios POLARIS, LLC<br \/>\n7451 Winton Drive<br \/>\nIndian\u00e1polis, IN 46268<br \/>\n<a href=\"mailto:service@polarislabs.com\">service@polarislabs.com<\/a><br \/>\nTel: 317.808.3750<\/p>\n<\/div>\n<\/div>\n<\/div>","protected":false},"excerpt":{"rendered":"<p>Website Privacy Notice Effective October 25, 2023 POLARIS, Laboratories, LLC, (\u201cPOLARIS\u201d) is committed to providing timely, accurate data to our customers for maintenance and reliability purposes. We embrace change because [&hellip;]<\/p>\n","protected":false},"author":29,"featured_media":0,"parent":0,"menu_order":0,"comment_status":"closed","ping_status":"closed","template":"","meta":{"om_disable_all_campaigns":false,"_monsterinsights_skip_tracking":false,"_monsterinsights_sitenote_active":false,"_monsterinsights_sitenote_note":"","_monsterinsights_sitenote_category":0,"footnotes":""},"class_list":["post-23209","page","type-page","status-publish","hentry"],"aioseo_notices":[],"_links":{"self":[{"href":"https:\/\/polarislabs.com\/es\/wp-json\/wp\/v2\/pages\/23209","targetHints":{"allow":["GET"]}}],"collection":[{"href":"https:\/\/polarislabs.com\/es\/wp-json\/wp\/v2\/pages"}],"about":[{"href":"https:\/\/polarislabs.com\/es\/wp-json\/wp\/v2\/types\/page"}],"author":[{"embeddable":true,"href":"https:\/\/polarislabs.com\/es\/wp-json\/wp\/v2\/users\/29"}],"replies":[{"embeddable":true,"href":"https:\/\/polarislabs.com\/es\/wp-json\/wp\/v2\/comments?post=23209"}],"version-history":[{"count":0,"href":"https:\/\/polarislabs.com\/es\/wp-json\/wp\/v2\/pages\/23209\/revisions"}],"wp:attachment":[{"href":"https:\/\/polarislabs.com\/es\/wp-json\/wp\/v2\/media?parent=23209"}],"curies":[{"name":"wp","href":"https:\/\/api.w.org\/{rel}","templated":true}]}}