{"id":23463,"date":"2024-02-15T14:10:04","date_gmt":"2024-02-15T19:10:04","guid":{"rendered":"https:\/\/polarislabs.com\/?page_id=23463"},"modified":"2026-04-21T11:52:49","modified_gmt":"2026-04-21T15:52:49","slug":"calendario-de-entrenamientos-en-linea-y-serie-de-webinars","status":"publish","type":"page","link":"https:\/\/polarislabs.com\/es\/calendario-de-entrenamientos-en-linea-y-serie-de-webinars\/","title":{"rendered":"Calendario de Entrenamientos en l\u00ednea y Serie de Webinars"},"content":{"rendered":"<div  class='flex_column av-ci84fzb-cd912c1eff3a313638c1f69cbfc44713 av_one_full  avia-builder-el-0  el_before_av_section  avia-builder-el-no-sibling  first flex_column_div'     ><section  class='av_textblock_section av-lsnk2hsi-e210fd6024b880cf1911ffcaadaaed08'   itemscope=\"itemscope\" itemtype=\"https:\/\/schema.org\/CreativeWork\" ><div class='avia_textblock'  itemprop=\"text\" ><h2 style=\"text-align: center;\"><b>Calendario de entrenamientos<br \/>\nen l\u00ednea y Serie de Webinars<\/b><\/h2>\n<h2 style=\"text-align: center;\">2026<\/h2>\n<\/div><\/section><\/div>\n<\/div><\/div><\/div><!-- close content main div --><\/div><\/div>\n<style type=\"text\/css\" data-created_by=\"avia_inline_auto\" id=\"style-css-av-lsnjy1pb-01f011ba7486d5232b3b4fa45fb14975\">\n.avia-section.av-lsnjy1pb-01f011ba7486d5232b3b4fa45fb14975{\nbackground-color:#003a70;\nbackground-image:unset;\n}\n<\/style>\n<div id='av_section_1'  class='avia-section av-lsnjy1pb-01f011ba7486d5232b3b4fa45fb14975 main_color avia-section-default avia-no-border-styling  avia-builder-el-2  el_after_av_one_full  el_before_av_section  avia-bg-style-scroll container_wrap sidebar_right'  ><div class='container av-section-cont-open' ><div class='template-page content  av-content-small alpha units'><div class='post-entry post-entry-type-page post-entry-23463'><div class='entry-content-wrapper clearfix'>\n<div  class='flex_column av-cehkh9j-63a9ef42b7f706e8a10aa84cf85ecebd av_one_fifth  avia-builder-el-3  el_before_av_three_fifth  avia-builder-el-first  first flex_column_div'     ><\/div><div  class='flex_column av-bj4fwhz-4cc7cd09a8658e120a1c28ba55da0f2a av_three_fifth  avia-builder-el-4  el_after_av_one_fifth  avia-builder-el-last  flex_column_div'     ><section  class='av_textblock_section av-lsnk1x4j-d584e5edd74c89bedcb96f0b82839ffa'   itemscope=\"itemscope\" itemtype=\"https:\/\/schema.org\/CreativeWork\" ><div class='avia_textblock'  itemprop=\"text\" ><p><span style=\"color: #ffffff;\">A continuaci\u00f3n presentamos nuestro calendario de Capacitaciones y Seminarios Web en l\u00ednea, facilitados y presentados por POLARIS Laboratories<sup>\u00ae<\/sup> para el a\u00f1o 2025. \u00danase a nuestros expertos para recibir la mejor y m\u00e1s actualizada informaci\u00f3n sobre mantenimiento, procesos que facilitan su operaci\u00f3n y confiabilidad.<\/span><\/p>\n<\/div><\/section><\/div>\n\n<\/div><\/div><\/div><!-- close content main div --><\/div><\/div><div id='av_section_2'  class='avia-section av-h62l6v-3b84e870eee0450720b7ef70df33dd4f main_color avia-section-default avia-no-border-styling  avia-builder-el-6  el_after_av_section  avia-builder-el-last  avia-bg-style-scroll container_wrap sidebar_right'  ><div class='container av-section-cont-open' ><div class='template-page content  av-content-small alpha units'><div class='post-entry post-entry-type-page post-entry-23463'><div class='entry-content-wrapper clearfix'>\n<div  class='flex_column av-mprdhj-93624b8d7b98b720f0a0b2f1f2087e06 av_one_third  avia-builder-el-7  el_before_av_one_third  avia-builder-el-first  first flex_column_div'     ><\/div><div  class='flex_column av-39zy66f-6c48705c2773a692826ee2a163a2a14c av_one_third  avia-builder-el-8  el_after_av_one_third  el_before_av_one_third  flex_column_div'     ><p><div  class='hr av-37ghznr-2458c261bb01916adffcbb18f2e5eb92 hr-default  avia-builder-el-9  el_before_av_image  avia-builder-el-first'><span class='hr-inner'><span class=\"hr-inner-style\"><\/span><\/span><\/div><br \/>\n\n<style type=\"text\/css\" data-created_by=\"avia_inline_auto\" id=\"style-css-av-lsp2kjy0-609ed73b30cc2a65caf8b2aafdbb5b0e\">\n.avia-image-container.av-lsp2kjy0-609ed73b30cc2a65caf8b2aafdbb5b0e img.avia_image{\nbox-shadow:none;\n}\n.avia-image-container.av-lsp2kjy0-609ed73b30cc2a65caf8b2aafdbb5b0e .av-image-caption-overlay-center{\ncolor:#ffffff;\n}\n<\/style>\n<div  class='avia-image-container av-lsp2kjy0-609ed73b30cc2a65caf8b2aafdbb5b0e av-styling- avia-align-center  avia-builder-el-10  el_after_av_hr  avia-builder-el-last'   itemprop=\"image\" itemscope=\"itemscope\" itemtype=\"https:\/\/schema.org\/ImageObject\" ><div class=\"avia-image-container-inner\"><div class=\"avia-image-overlay-wrap\"><img decoding=\"async\" fetchpriority=\"high\" class='wp-image-23522 avia-img-lazy-loading-not-23522 avia_image' src=\"https:\/\/polarislabs.com\/wp-content\/uploads\/2024\/02\/Key-300x181.png\" alt='' title='Clave'  height=\"181\" width=\"300\"  itemprop=\"thumbnailUrl\" srcset=\"https:\/\/polarislabs.com\/wp-content\/uploads\/2024\/02\/Key-300x181.png 300w, https:\/\/polarislabs.com\/wp-content\/uploads\/2024\/02\/Key-768x463.png 768w, https:\/\/polarislabs.com\/wp-content\/uploads\/2024\/02\/Key-18x12.png 18w, https:\/\/polarislabs.com\/wp-content\/uploads\/2024\/02\/Key-705x425.png 705w, https:\/\/polarislabs.com\/wp-content\/uploads\/2024\/02\/Key.png 830w\" sizes=\"(max-width: 300px) 100vw, 300px\" \/><\/div><\/div><\/div><\/p><\/div><div  class='flex_column av-tt21on-eacbffa61d6eb713dfcacd22ca90dc2a av_one_third  avia-builder-el-11  el_after_av_one_third  el_before_av_one_third  flex_column_div'     ><\/div><div  class='flex_column av-35foodj-7426ed927d8bcb8b4e2945921bbba09b av_one_third  avia-builder-el-12  el_after_av_one_third  el_before_av_one_third  first flex_column_div  column-top-margin'     ><style type=\"text\/css\" data-created_by=\"avia_inline_auto\" id=\"style-css-av-mmhu1gkz-6ab2ef1bcc151ad154eca4651dc74702\">\n.avia-image-container.av-mmhu1gkz-6ab2ef1bcc151ad154eca4651dc74702 img.avia_image{\nbox-shadow:none;\n}\n.avia-image-container.av-mmhu1gkz-6ab2ef1bcc151ad154eca4651dc74702 .av-image-caption-overlay-center{\ncolor:#ffffff;\n}\n<\/style>\n<div  class='avia-image-container av-mmhu1gkz-6ab2ef1bcc151ad154eca4651dc74702 av-styling- av-img-linked avia-align-center  avia-builder-el-13  avia-builder-el-no-sibling'   itemprop=\"image\" itemscope=\"itemscope\" itemtype=\"https:\/\/schema.org\/ImageObject\" ><div class=\"avia-image-container-inner\"><div class=\"avia-image-overlay-wrap\"><a href=\"https:\/\/attendee.gotowebinar.com\/register\/3912520222303127383\" class='avia_image'  target=\"_blank\"  rel=\"noopener noreferrer\" aria-label='6 de mayo'><img decoding=\"async\" fetchpriority=\"high\" class='wp-image-26052 avia-img-lazy-loading-not-26052 avia_image' src=\"https:\/\/polarislabs.com\/wp-content\/uploads\/2026\/03\/May-6-300x300.png\" alt='' title='6 de mayo'  height=\"300\" width=\"300\"  itemprop=\"thumbnailUrl\" srcset=\"https:\/\/polarislabs.com\/wp-content\/uploads\/2026\/03\/May-6-300x300.png 300w, https:\/\/polarislabs.com\/wp-content\/uploads\/2026\/03\/May-6-1030x1030.png 1030w, https:\/\/polarislabs.com\/wp-content\/uploads\/2026\/03\/May-6-80x80.png 80w, https:\/\/polarislabs.com\/wp-content\/uploads\/2026\/03\/May-6-768x768.png 768w, https:\/\/polarislabs.com\/wp-content\/uploads\/2026\/03\/May-6-1536x1536.png 1536w, https:\/\/polarislabs.com\/wp-content\/uploads\/2026\/03\/May-6-2048x2048.png 2048w, https:\/\/polarislabs.com\/wp-content\/uploads\/2026\/03\/May-6-12x12.png 12w, https:\/\/polarislabs.com\/wp-content\/uploads\/2026\/03\/May-6-36x36.png 36w, https:\/\/polarislabs.com\/wp-content\/uploads\/2026\/03\/May-6-180x180.png 180w, https:\/\/polarislabs.com\/wp-content\/uploads\/2026\/03\/May-6-1500x1500.png 1500w, https:\/\/polarislabs.com\/wp-content\/uploads\/2026\/03\/May-6-705x705.png 705w\" sizes=\"(max-width: 300px) 100vw, 300px\" \/><\/a><\/div><\/div><\/div><\/div><div  class='flex_column av-2o0tdjb-3332318ae922afbabab311ab5fd2d7b6 av_one_third  avia-builder-el-14  el_after_av_one_third  el_before_av_one_third  flex_column_div  column-top-margin'     ><style type=\"text\/css\" data-created_by=\"avia_inline_auto\" id=\"style-css-av-mmhu1q3d-583e251c6234ec04f145d40a11e9dbe1\">\n.avia-image-container.av-mmhu1q3d-583e251c6234ec04f145d40a11e9dbe1 img.avia_image{\nbox-shadow:none;\n}\n.avia-image-container.av-mmhu1q3d-583e251c6234ec04f145d40a11e9dbe1 .av-image-caption-overlay-center{\ncolor:#ffffff;\n}\n<\/style>\n<div  class='avia-image-container av-mmhu1q3d-583e251c6234ec04f145d40a11e9dbe1 av-styling- av-img-linked avia-align-center  avia-builder-el-15  avia-builder-el-no-sibling'   itemprop=\"image\" itemscope=\"itemscope\" itemtype=\"https:\/\/schema.org\/ImageObject\" ><div class=\"avia-image-container-inner\"><div class=\"avia-image-overlay-wrap\"><a href=\"https:\/\/attendee.gotowebinar.com\/register\/579771835653572696\" class='avia_image'  target=\"_blank\"  rel=\"noopener noreferrer\" aria-label='19 de mayo'><img decoding=\"async\" fetchpriority=\"high\" class='wp-image-26055 avia-img-lazy-loading-not-26055 avia_image' src=\"https:\/\/polarislabs.com\/wp-content\/uploads\/2026\/03\/May-19-300x300.png\" alt='' title='19 de mayo'  height=\"300\" width=\"300\"  itemprop=\"thumbnailUrl\" srcset=\"https:\/\/polarislabs.com\/wp-content\/uploads\/2026\/03\/May-19-300x300.png 300w, https:\/\/polarislabs.com\/wp-content\/uploads\/2026\/03\/May-19-1030x1030.png 1030w, https:\/\/polarislabs.com\/wp-content\/uploads\/2026\/03\/May-19-80x80.png 80w, https:\/\/polarislabs.com\/wp-content\/uploads\/2026\/03\/May-19-768x768.png 768w, https:\/\/polarislabs.com\/wp-content\/uploads\/2026\/03\/May-19-1536x1536.png 1536w, https:\/\/polarislabs.com\/wp-content\/uploads\/2026\/03\/May-19-2048x2048.png 2048w, https:\/\/polarislabs.com\/wp-content\/uploads\/2026\/03\/May-19-12x12.png 12w, https:\/\/polarislabs.com\/wp-content\/uploads\/2026\/03\/May-19-36x36.png 36w, https:\/\/polarislabs.com\/wp-content\/uploads\/2026\/03\/May-19-180x180.png 180w, https:\/\/polarislabs.com\/wp-content\/uploads\/2026\/03\/May-19-1500x1500.png 1500w, https:\/\/polarislabs.com\/wp-content\/uploads\/2026\/03\/May-19-705x705.png 705w\" sizes=\"(max-width: 300px) 100vw, 300px\" \/><\/a><\/div><\/div><\/div><\/div><div  class='flex_column av-29tqvuv-bbc1e36421f3418e1ac205e39cfaa8c0 av_one_third  avia-builder-el-16  el_after_av_one_third  el_before_av_one_third  flex_column_div  column-top-margin'     ><style type=\"text\/css\" data-created_by=\"avia_inline_auto\" id=\"style-css-av-mmhu1yce-b60c6a80097ff67685c45aad2633885e\">\n.avia-image-container.av-mmhu1yce-b60c6a80097ff67685c45aad2633885e img.avia_image{\nbox-shadow:none;\n}\n.avia-image-container.av-mmhu1yce-b60c6a80097ff67685c45aad2633885e .av-image-caption-overlay-center{\ncolor:#ffffff;\n}\n<\/style>\n<div  class='avia-image-container av-mmhu1yce-b60c6a80097ff67685c45aad2633885e av-styling- av-img-linked avia-align-center  avia-builder-el-17  avia-builder-el-no-sibling'   itemprop=\"image\" itemscope=\"itemscope\" itemtype=\"https:\/\/schema.org\/ImageObject\" ><div class=\"avia-image-container-inner\"><div class=\"avia-image-overlay-wrap\"><a href=\"https:\/\/attendee.gotowebinar.com\/register\/1252605881643166551\" class='avia_image'  target=\"_blank\"  rel=\"noopener noreferrer\" aria-label='9 de junio'><img decoding=\"async\" fetchpriority=\"high\" class='wp-image-26054 avia-img-lazy-loading-not-26054 avia_image' src=\"https:\/\/polarislabs.com\/wp-content\/uploads\/2026\/03\/June-9-300x300.png\" alt='' title='9 de junio'  height=\"300\" width=\"300\"  itemprop=\"thumbnailUrl\" srcset=\"https:\/\/polarislabs.com\/wp-content\/uploads\/2026\/03\/June-9-300x300.png 300w, https:\/\/polarislabs.com\/wp-content\/uploads\/2026\/03\/June-9-1030x1030.png 1030w, https:\/\/polarislabs.com\/wp-content\/uploads\/2026\/03\/June-9-80x80.png 80w, https:\/\/polarislabs.com\/wp-content\/uploads\/2026\/03\/June-9-768x768.png 768w, https:\/\/polarislabs.com\/wp-content\/uploads\/2026\/03\/June-9-1536x1536.png 1536w, https:\/\/polarislabs.com\/wp-content\/uploads\/2026\/03\/June-9-2048x2048.png 2048w, https:\/\/polarislabs.com\/wp-content\/uploads\/2026\/03\/June-9-12x12.png 12w, https:\/\/polarislabs.com\/wp-content\/uploads\/2026\/03\/June-9-36x36.png 36w, https:\/\/polarislabs.com\/wp-content\/uploads\/2026\/03\/June-9-180x180.png 180w, https:\/\/polarislabs.com\/wp-content\/uploads\/2026\/03\/June-9-1500x1500.png 1500w, https:\/\/polarislabs.com\/wp-content\/uploads\/2026\/03\/June-9-705x705.png 705w\" sizes=\"(max-width: 300px) 100vw, 300px\" \/><\/a><\/div><\/div><\/div><\/div><div  class='flex_column av-1lu5mw7-efb71a4e94cd9799c59d817ee672e07b av_one_third  avia-builder-el-18  el_after_av_one_third  el_before_av_one_third  first flex_column_div  column-top-margin'     ><style type=\"text\/css\" data-created_by=\"avia_inline_auto\" id=\"style-css-av-mmhubzgf-280c58dc58f0c6e1cee419ae5b1e118e\">\n.avia-image-container.av-mmhubzgf-280c58dc58f0c6e1cee419ae5b1e118e img.avia_image{\nbox-shadow:none;\n}\n.avia-image-container.av-mmhubzgf-280c58dc58f0c6e1cee419ae5b1e118e .av-image-caption-overlay-center{\ncolor:#ffffff;\n}\n<\/style>\n<div  class='avia-image-container av-mmhubzgf-280c58dc58f0c6e1cee419ae5b1e118e av-styling- av-img-linked avia-align-center  avia-builder-el-19  avia-builder-el-no-sibling'   itemprop=\"image\" itemscope=\"itemscope\" itemtype=\"https:\/\/schema.org\/ImageObject\" ><div class=\"avia-image-container-inner\"><div class=\"avia-image-overlay-wrap\"><a href=\"https:\/\/attendee.gotowebinar.com\/register\/7353356099521056860\" class='avia_image'  target=\"_blank\"  rel=\"noopener noreferrer\" aria-label='23 de junio'><img decoding=\"async\" fetchpriority=\"high\" class='wp-image-26058 avia-img-lazy-loading-not-26058 avia_image' src=\"https:\/\/polarislabs.com\/wp-content\/uploads\/2026\/03\/June-23-300x300.png\" alt='' title='23 de junio'  height=\"300\" width=\"300\"  itemprop=\"thumbnailUrl\" srcset=\"https:\/\/polarislabs.com\/wp-content\/uploads\/2026\/03\/June-23-300x300.png 300w, https:\/\/polarislabs.com\/wp-content\/uploads\/2026\/03\/June-23-1030x1030.png 1030w, https:\/\/polarislabs.com\/wp-content\/uploads\/2026\/03\/June-23-80x80.png 80w, https:\/\/polarislabs.com\/wp-content\/uploads\/2026\/03\/June-23-768x768.png 768w, https:\/\/polarislabs.com\/wp-content\/uploads\/2026\/03\/June-23-1536x1536.png 1536w, https:\/\/polarislabs.com\/wp-content\/uploads\/2026\/03\/June-23-2048x2048.png 2048w, https:\/\/polarislabs.com\/wp-content\/uploads\/2026\/03\/June-23-12x12.png 12w, https:\/\/polarislabs.com\/wp-content\/uploads\/2026\/03\/June-23-36x36.png 36w, https:\/\/polarislabs.com\/wp-content\/uploads\/2026\/03\/June-23-180x180.png 180w, https:\/\/polarislabs.com\/wp-content\/uploads\/2026\/03\/June-23-1500x1500.png 1500w, https:\/\/polarislabs.com\/wp-content\/uploads\/2026\/03\/June-23-705x705.png 705w\" sizes=\"(max-width: 300px) 100vw, 300px\" \/><\/a><\/div><\/div><\/div><\/div><div  class='flex_column av-4ti7s7-bbaa2360d219db0f713e987dbc9dbc1d av_one_third  avia-builder-el-20  el_after_av_one_third  el_before_av_one_third  flex_column_div  column-top-margin'     ><style type=\"text\/css\" data-created_by=\"avia_inline_auto\" id=\"style-css-av-mmhublg9-dc1cb6e3a6f49f20ede985fb0c635cfa\">\n.avia-image-container.av-mmhublg9-dc1cb6e3a6f49f20ede985fb0c635cfa img.avia_image{\nbox-shadow:none;\n}\n.avia-image-container.av-mmhublg9-dc1cb6e3a6f49f20ede985fb0c635cfa .av-image-caption-overlay-center{\ncolor:#ffffff;\n}\n<\/style>\n<div  class='avia-image-container av-mmhublg9-dc1cb6e3a6f49f20ede985fb0c635cfa av-styling- av-img-linked avia-align-center  avia-builder-el-21  avia-builder-el-no-sibling'   itemprop=\"image\" itemscope=\"itemscope\" itemtype=\"https:\/\/schema.org\/ImageObject\" ><div class=\"avia-image-container-inner\"><div class=\"avia-image-overlay-wrap\"><a href=\"https:\/\/attendee.gotowebinar.com\/register\/7610443908327603295\" class='avia_image'  target=\"_blank\"  rel=\"noopener noreferrer\" aria-label='7 de julio'><img decoding=\"async\" fetchpriority=\"high\" class='wp-image-26057 avia-img-lazy-loading-not-26057 avia_image' src=\"https:\/\/polarislabs.com\/wp-content\/uploads\/2026\/03\/July-7-300x300.png\" alt='' title='7 de julio'  height=\"300\" width=\"300\"  itemprop=\"thumbnailUrl\" srcset=\"https:\/\/polarislabs.com\/wp-content\/uploads\/2026\/03\/July-7-300x300.png 300w, https:\/\/polarislabs.com\/wp-content\/uploads\/2026\/03\/July-7-1030x1030.png 1030w, https:\/\/polarislabs.com\/wp-content\/uploads\/2026\/03\/July-7-80x80.png 80w, https:\/\/polarislabs.com\/wp-content\/uploads\/2026\/03\/July-7-768x768.png 768w, https:\/\/polarislabs.com\/wp-content\/uploads\/2026\/03\/July-7-1536x1536.png 1536w, https:\/\/polarislabs.com\/wp-content\/uploads\/2026\/03\/July-7-2048x2048.png 2048w, https:\/\/polarislabs.com\/wp-content\/uploads\/2026\/03\/July-7-12x12.png 12w, https:\/\/polarislabs.com\/wp-content\/uploads\/2026\/03\/July-7-36x36.png 36w, https:\/\/polarislabs.com\/wp-content\/uploads\/2026\/03\/July-7-180x180.png 180w, https:\/\/polarislabs.com\/wp-content\/uploads\/2026\/03\/July-7-1500x1500.png 1500w, https:\/\/polarislabs.com\/wp-content\/uploads\/2026\/03\/July-7-705x705.png 705w\" sizes=\"(max-width: 300px) 100vw, 300px\" \/><\/a><\/div><\/div><\/div><\/div><div  class='flex_column av-l3h1d3-6295c557c084aa4a3dd51a4ee612e0e1 av_one_third  avia-builder-el-22  el_after_av_one_third  avia-builder-el-last  flex_column_div  column-top-margin'     ><style type=\"text\/css\" data-created_by=\"avia_inline_auto\" id=\"style-css-av-mmhub3e8-33aa7075b0ccd02a2826f3532d14e798\">\n.avia-image-container.av-mmhub3e8-33aa7075b0ccd02a2826f3532d14e798 img.avia_image{\nbox-shadow:none;\n}\n.avia-image-container.av-mmhub3e8-33aa7075b0ccd02a2826f3532d14e798 .av-image-caption-overlay-center{\ncolor:#ffffff;\n}\n<\/style>\n<div  class='avia-image-container av-mmhub3e8-33aa7075b0ccd02a2826f3532d14e798 av-styling- av-img-linked avia-align-center  avia-builder-el-23  avia-builder-el-no-sibling'   itemprop=\"image\" itemscope=\"itemscope\" itemtype=\"https:\/\/schema.org\/ImageObject\" ><div class=\"avia-image-container-inner\"><div class=\"avia-image-overlay-wrap\"><a href=\"https:\/\/attendee.gotowebinar.com\/register\/5757563405873814109\" class='avia_image'  target=\"_blank\"  rel=\"noopener noreferrer\" aria-label='21 de julio'><img decoding=\"async\" fetchpriority=\"high\" class='wp-image-26056 avia-img-lazy-loading-not-26056 avia_image' src=\"https:\/\/polarislabs.com\/wp-content\/uploads\/2026\/03\/July-21-300x300.png\" alt='' title='21 de julio'  height=\"300\" width=\"300\"  itemprop=\"thumbnailUrl\" srcset=\"https:\/\/polarislabs.com\/wp-content\/uploads\/2026\/03\/July-21-300x300.png 300w, https:\/\/polarislabs.com\/wp-content\/uploads\/2026\/03\/July-21-1030x1030.png 1030w, https:\/\/polarislabs.com\/wp-content\/uploads\/2026\/03\/July-21-80x80.png 80w, https:\/\/polarislabs.com\/wp-content\/uploads\/2026\/03\/July-21-768x768.png 768w, https:\/\/polarislabs.com\/wp-content\/uploads\/2026\/03\/July-21-1536x1536.png 1536w, https:\/\/polarislabs.com\/wp-content\/uploads\/2026\/03\/July-21-2048x2048.png 2048w, https:\/\/polarislabs.com\/wp-content\/uploads\/2026\/03\/July-21-12x12.png 12w, https:\/\/polarislabs.com\/wp-content\/uploads\/2026\/03\/July-21-36x36.png 36w, https:\/\/polarislabs.com\/wp-content\/uploads\/2026\/03\/July-21-180x180.png 180w, https:\/\/polarislabs.com\/wp-content\/uploads\/2026\/03\/July-21-1500x1500.png 1500w, https:\/\/polarislabs.com\/wp-content\/uploads\/2026\/03\/July-21-705x705.png 705w\" sizes=\"(max-width: 300px) 100vw, 300px\" \/><\/a><\/div><\/div><\/div><\/div><\/div><\/div><\/div><!-- close content main div --><\/div><\/div><div id='after_section_2'  class='main_color av_default_container_wrap container_wrap sidebar_right'  ><div class='container av-section-cont-open' ><div class='template-page content  av-content-small alpha units'><div class='post-entry post-entry-type-page post-entry-23463'><div class='entry-content-wrapper clearfix'>","protected":false},"excerpt":{"rendered":"","protected":false},"author":29,"featured_media":0,"parent":0,"menu_order":0,"comment_status":"closed","ping_status":"closed","template":"","meta":{"om_disable_all_campaigns":false,"_monsterinsights_skip_tracking":false,"_monsterinsights_sitenote_active":false,"_monsterinsights_sitenote_note":"","_monsterinsights_sitenote_category":0,"footnotes":""},"class_list":["post-23463","page","type-page","status-publish","hentry"],"aioseo_notices":[],"_links":{"self":[{"href":"https:\/\/polarislabs.com\/es\/wp-json\/wp\/v2\/pages\/23463","targetHints":{"allow":["GET"]}}],"collection":[{"href":"https:\/\/polarislabs.com\/es\/wp-json\/wp\/v2\/pages"}],"about":[{"href":"https:\/\/polarislabs.com\/es\/wp-json\/wp\/v2\/types\/page"}],"author":[{"embeddable":true,"href":"https:\/\/polarislabs.com\/es\/wp-json\/wp\/v2\/users\/29"}],"replies":[{"embeddable":true,"href":"https:\/\/polarislabs.com\/es\/wp-json\/wp\/v2\/comments?post=23463"}],"version-history":[{"count":0,"href":"https:\/\/polarislabs.com\/es\/wp-json\/wp\/v2\/pages\/23463\/revisions"}],"wp:attachment":[{"href":"https:\/\/polarislabs.com\/es\/wp-json\/wp\/v2\/media?parent=23463"}],"curies":[{"name":"wp","href":"https:\/\/api.w.org\/{rel}","templated":true}]}}