{"id":23684,"date":"2024-03-22T10:15:21","date_gmt":"2024-03-22T14:15:21","guid":{"rendered":"https:\/\/polarislabs.com\/?page_id=23684"},"modified":"2024-03-22T11:00:43","modified_gmt":"2024-03-22T15:00:43","slug":"cuando-analizar-por-micropatch-o-ferrografia-analitica","status":"publish","type":"page","link":"https:\/\/polarislabs.com\/es\/cuando-analizar-por-micropatch-o-ferrografia-analitica\/","title":{"rendered":"Cu\u00e1ndo Analizar por Micropatch o Ferrograf\u00eda Anal\u00edtica"},"content":{"rendered":"<div  class='flex_column av-1haq5ic-85385d39346a3d8193e2699221a1c489 av_one_full  avia-builder-el-0  el_before_av_three_fourth  avia-builder-el-first  first flex_column_div'     ><section  class='av_textblock_section av-lu2outsz-7182112a89bf6b35b6d2430aa04562b8'   itemscope=\"itemscope\" itemtype=\"https:\/\/schema.org\/CreativeWork\" ><div class='avia_textblock'  itemprop=\"text\" ><h1 style=\"font-weight: 400;\"><strong>CU\u00c1NDO ANALIZAR POR MICROPATCH O FERROGRAF\u00cdA ANAL\u00cdTICA<\/strong><\/h1>\n<\/div><\/section><br \/>\n<div  class='hr av-13xlrk4-62511309cb77b83cf1168e2b6d6ec9b3 hr-default  avia-builder-el-2  el_after_av_textblock  el_before_av_image'><span class='hr-inner'><span class=\"hr-inner-style\"><\/span><\/span><\/div><br \/>\n\n<style type=\"text\/css\" data-created_by=\"avia_inline_auto\" id=\"style-css-av-lu2qtilb-b9ea83abb4af7ddc11ccf1ad59b5f326\">\n.avia-image-container.av-lu2qtilb-b9ea83abb4af7ddc11ccf1ad59b5f326 img.avia_image{\nbox-shadow:none;\n}\n.avia-image-container.av-lu2qtilb-b9ea83abb4af7ddc11ccf1ad59b5f326 .av-image-caption-overlay-center{\ncolor:#ffffff;\n}\n<\/style>\n<div  class='avia-image-container av-lu2qtilb-b9ea83abb4af7ddc11ccf1ad59b5f326 av-styling- avia-align-center  avia-builder-el-3  el_after_av_hr  avia-builder-el-last'   itemprop=\"image\" itemscope=\"itemscope\" itemtype=\"https:\/\/schema.org\/ImageObject\" ><div class=\"avia-image-container-inner\"><div class=\"avia-image-overlay-wrap\"><img decoding=\"async\" fetchpriority=\"high\" class='wp-image-18976 avia-img-lazy-loading-not-18976 avia_image' src=\"https:\/\/polarislabs.com\/wp-content\/uploads\/2021\/09\/When-to-add-micropatch-AF-header-1030x375.png\" alt='' title='Cu\u00e1ndo a\u00f1adir micropatch AF - cabecera'  height=\"375\" width=\"1030\"  itemprop=\"thumbnailUrl\" srcset=\"https:\/\/polarislabs.com\/wp-content\/uploads\/2021\/09\/When-to-add-micropatch-AF-header-1030x375.png 1030w, https:\/\/polarislabs.com\/wp-content\/uploads\/2021\/09\/When-to-add-micropatch-AF-header-300x109.png 300w, https:\/\/polarislabs.com\/wp-content\/uploads\/2021\/09\/When-to-add-micropatch-AF-header-768x279.png 768w, https:\/\/polarislabs.com\/wp-content\/uploads\/2021\/09\/When-to-add-micropatch-AF-header-705x256.png 705w, https:\/\/polarislabs.com\/wp-content\/uploads\/2021\/09\/When-to-add-micropatch-AF-header.png 1100w\" sizes=\"(max-width: 1030px) 100vw, 1030px\" \/><\/div><\/div><\/div><\/p><\/div>\n<div  class='flex_column av-lbmois-2f4ab7e9ab82c1c97047b94e7f696d6a av_three_fourth  avia-builder-el-4  el_after_av_one_full  avia-builder-el-last  first flex_column_div  column-top-margin'     ><section  class='av_textblock_section av-lu2oxppz-580d800d245742601274a5a69c5f412c'   itemscope=\"itemscope\" itemtype=\"https:\/\/schema.org\/CreativeWork\" ><div class='avia_textblock'  itemprop=\"text\" ><h4 style=\"font-weight: 400;\"><strong>Micropatch y ferrograf\u00eda anal\u00edtica<\/strong><\/h4>\n<p style=\"font-weight: 400;\">Las pruebas Micropatch y Ferrograf\u00eda Anal\u00edtica se realizan normalmente despu\u00e9s de que los An\u00e1lisis de rutina indiquen un problema o posible desgaste del equipo lo cual sugiere una investigaci\u00f3n m\u00e1s profunda. Este tipo de an\u00e1lisis especiales ayudan a estudiar el desgaste por part\u00edculas en los componentes de las m\u00e1quinas mediante el an\u00e1lisis visual de los dep\u00f3sitos capturados en el aceite. Tambi\u00e9n pueden utilizarse para predecir y diagnosticar aver\u00edas en los equipos.<\/p>\n<h4 style=\"font-weight: 400;\"><strong>M\u00e1s all\u00e1 del An\u00e1lisis de rutina<\/strong><\/h4>\n<p style=\"font-weight: 400;\">Es importante que los equipos y componentes cr\u00edticos en una operaci\u00f3n sean analizados peri\u00f3dicamente bajo an\u00e1lisis de Micropatch o Ferrograf\u00eda Anal\u00edtica para verificar tendencias encontradas en los an\u00e1lisis de rutina.  Estos tipos de an\u00e1lisis avanzados pueden identificar precursores de modos de fallo. Esto incluye signos como esferas met\u00e1licas (que apuntan a signos tempranos de fatiga) o decoloraci\u00f3n t\u00e9rmica (signos de calor excesivo en zonas localizadas), que no podr\u00edan detectarse en el an\u00e1lisis elemental rutinario por medio de Plasma de Inducci\u00f3n Acoplado, ICP por siglas en ingl\u00e9s, (ASTM D5185).<\/p>\n<h4 style=\"font-weight: 400;\"><strong>Se\u00f1ales para a\u00f1adir Micropatch o Ferrograf\u00eda Anal\u00edtica<\/strong><\/h4>\n<p style=\"font-weight: 400;\">Ambos an\u00e1lisis utilizan un microsc\u00f3pico para evaluar dep\u00f3sitos insolubles en la muestra de aceite, pero no siempre ambos son recomendables. La Ferrograf\u00eda Anal\u00edtica se recomienda cuando se detecta cierto contenido de hierro a partir de los resultados de los an\u00e1lisis elementales por ICP o una densidad ferrosa elevada a partir del an\u00e1lisis de cuantificador de part\u00edculas (PQ Index). Si los l\u00edmites extrapolados de estos \u00faltimos an\u00e1lisis idican nivel anormal, La Ferrograf\u00eda Anal\u00edtica se utiliza para determinar el modo de desgaste (corrosivo, fatiga, abrasivo, etc.) y la gravedad del estado en funci\u00f3n del tama\u00f1o, forma y la frecuencia de las part\u00edculas analizadas. El an\u00e1lisis elemental por ICP s\u00f3lo permitir\u00e1 detectar part\u00edculas de tama\u00f1o inferior a aproximadamente diez micras. El an\u00e1lisis por medio de microscopio permite visibilidad de todos los metales de desgaste capturados, de cualquier tama\u00f1o de part\u00edcula y se puede identificar part\u00edculas de hierro, no ferrosas y contaminantes. Las aleaciones de metales pueden experimentar decoloraci\u00f3n t\u00e9rmica a determinada temperatura, lo que permite mejorar las recomendaciones de mantenimiento o fallas por el efecto y da\u00f1o de la temperatura sobre los metales.<\/p>\n<p style=\"font-weight: 400;\">El Micropatch es una opci\u00f3n adecuada de an\u00e1lisis cuando hay metales de desgaste no ferrosos elevados o contaminaci\u00f3n externa. Una de las mayores ventajas de este an\u00e1lisis es que el micropatch captura todos los dep\u00f3sitos insolubles en el aceite, lo cual ayuda a identificar desgaste de piezas de cobre por ejemplo; as\u00ed tambi\u00e9n puede identificar contaminantes externos de part\u00edculas mayores a las detectadas por el an\u00e1lisis elemental ICP; sin embargo si el nivel de contaminaci\u00f3n de otras fuentes (suciedad, holl\u00edn, contaminantes ambientales, etc.) es muy alta puede haber acumulaci\u00f3n o apilamiento de part\u00edculas y causar incapacidad de identificaci\u00f3n visual. Para el caso de Ferrograf\u00eda Anal\u00edtica se disponen de t\u00e9cnicas que pueden evitar este problema durante la interpretaci\u00f3n.<\/p>\n<\/div><\/section><\/div>","protected":false},"excerpt":{"rendered":"","protected":false},"author":29,"featured_media":0,"parent":0,"menu_order":0,"comment_status":"closed","ping_status":"closed","template":"","meta":{"om_disable_all_campaigns":false,"_monsterinsights_skip_tracking":false,"_monsterinsights_sitenote_active":false,"_monsterinsights_sitenote_note":"","_monsterinsights_sitenote_category":0,"footnotes":""},"class_list":["post-23684","page","type-page","status-publish","hentry"],"aioseo_notices":[],"_links":{"self":[{"href":"https:\/\/polarislabs.com\/es\/wp-json\/wp\/v2\/pages\/23684","targetHints":{"allow":["GET"]}}],"collection":[{"href":"https:\/\/polarislabs.com\/es\/wp-json\/wp\/v2\/pages"}],"about":[{"href":"https:\/\/polarislabs.com\/es\/wp-json\/wp\/v2\/types\/page"}],"author":[{"embeddable":true,"href":"https:\/\/polarislabs.com\/es\/wp-json\/wp\/v2\/users\/29"}],"replies":[{"embeddable":true,"href":"https:\/\/polarislabs.com\/es\/wp-json\/wp\/v2\/comments?post=23684"}],"version-history":[{"count":0,"href":"https:\/\/polarislabs.com\/es\/wp-json\/wp\/v2\/pages\/23684\/revisions"}],"wp:attachment":[{"href":"https:\/\/polarislabs.com\/es\/wp-json\/wp\/v2\/media?parent=23684"}],"curies":[{"name":"wp","href":"https:\/\/api.w.org\/{rel}","templated":true}]}}